{"id":8671,"date":"2024-10-30T16:58:42","date_gmt":"2024-10-30T20:58:42","guid":{"rendered":"https:\/\/dev.proliquidpc.com\/boutique\/non%20class\u00e9\/distroplate-barrow-lrc2-0-pour-valise-ouverte-tt-core-p5-ttp5-sdb-120\/"},"modified":"2025-03-09T21:47:51","modified_gmt":"2025-03-10T01:47:51","slug":"distroplate-barrow-lrc2-0-pour-valise-ouverte-tt-core-p5-ttp5-sdb-120","status":"publish","type":"product","link":"https:\/\/proliquidpc.com\/fr\/boutique\/reservoirs\/distroplates\/distroplate-barrow-lrc2-0-pour-valise-ouverte-tt-core-p5-ttp5-sdb-120\/","title":{"rendered":"Distroplate Barrow LRC2.0 pour valise ouverte TT Core P5 &#8211; TTP5-SDB 120"},"content":{"rendered":"<p>Ce panneau de canal d\u2019eau de Barrow est fabriqu\u00e9 en acrylique et est sp\u00e9cialement con\u00e7u pour s\u2019adapter \u00e0 l\u2019int\u00e9rieur du TT Core P5.<\/p>\n<p>Veuillez noter : Les canaux d\u2019eau \u00e0 l\u2019int\u00e9rieur de ces plaques de voies navigables peuvent \u00eatre mis \u00e0 jour sans pr\u00e9avis. La d\u00e9limitation globale de la voie navigable restera la m\u00eame<\/p>\n<p>Les mod\u00e8les de cartes m\u00e8res avec lesquels la carte int\u00e9gr\u00e9e \u00e0 canal d\u2019eau est compatible sont :<br \/>\n\u2022 ROG STRIX Z390-E GAMING<br \/>\n\u2022 ROG STRIX Z390-H GAMING<br \/>\n\u2022 ROG STRIX Z370-F GAMING<br \/>\n\u2022 ROG MAXIMUS X H\u00c9ROS<br \/>\n\u2022 ROG MAXIMUS X HERO (WI-FI AC)<br \/>\n\u2022 ROG MAXIMUS IX. H\u00c9ROS<br \/>\n\u2022 ROG STRIX Z370-E GAMING<br \/>\n\u2022 ROG STRIX Z370-H GAMING<br \/>\n\u2022 ROG STRIX Z370-F GAMING<br \/>\n\u2022 ROG STRIX B360-F GAMING<br \/>\n\u2022 ROG STRIX Z270F GAMING<br \/>\n\u2022 ROG STRIX Z270E GAMING<br \/>\n\u2022 ROG STRIX Z270H GAMING<br \/>\n\u2022 ROG MAXIMUS XI EXTREME<br \/>\n\u2022 ROG MAXIMUS XI GENE<br \/>\n\u2022 H\u00e9ros ROG Maximus XI<br \/>\n\u2022 ROG Maximus XI Hero Black Ops<br \/>\n\u2022 ROG MAXIMUS VIII EXTREME\/ASSEMBLAGE<br \/>\n\u2022 PRIME Z370-A<br \/>\n\u2022 PRIME Z390-A<br \/>\n\u2022 PRIME Z390-P<br \/>\n\u2022 TUF Z390-PRO GAMING<br \/>\n\u2022 TUF Z370-PRO GAMING<br \/>\n\u2022 H\u00c9ROS MAXIMUS VIII<br \/>\n\u2022 MAXIMUS VIII RANGER<br \/>\n\u2022 Z170 PRO GAMING<br \/>\n\u2022 Z170-AR<\/p>\n<p>Nous vous recommandons d\u2019utiliser les mod\u00e8les de cartes m\u00e8res ci-dessus. Veuillez vous r\u00e9f\u00e9rer \u00e0 Barrowint.com pour la mise \u00e0 jour de cartes m\u00e8res plus compatibles.<\/p>\n<p>Les blocs CPU compatibles sont :<br \/>\n\u2022 LTYK3-04 V2<br \/>\n\u2022 LTYKB-04N-V2<br \/>\n\u2022 LTYKB-ARK<br \/>\n\u2022 LTFHB-04N V2<br \/>\n\u2022 FBLTFI-04N V2<\/p>\n<p>Produits recommand\u00e9s<br \/>\n11x Barrow Adaptateur rotatif 90\u00b0 (m\u00e2le vers femelle) &#8211; TWT90-v2.5<br \/>\n3x Barrow Dual G1\/4&Prime; Tuyau Aqua Link Ajustable (22-31MM) &#8211; TSSXK-A01<br \/>\nfitting \u00e0 compression 24x Barrow &#8211; OD : Tube rigide de 14 mm (lisse) &#8211; TLGYKN-14<br \/>\n2x Barrow M\u00e2le \u00e0 Femelle Rallonge &#8211; 7.5mm &#8211; TNYZ-G7.5<br \/>\n2x Barrow Rallonge M\u00e2le \u00e0 Femelle &#8211; 10mm &#8211; TNYZ-G10<br \/>\n1x Rallonge Barrow M\u00e2le \u00e0 Femelle &#8211; 15mm &#8211; TNYZ-G15<br \/>\n7x Barrow Rallonge M\u00e2le \u00e0 Femelle &#8211; 20mm &#8211; TNYZ-G20<br \/>\n3x Barrow Multicolore Nouveau CD Plaque Composite Finition Stop Plug Fitting &#8211; TLCDT-V1<br \/>\n1x clapet anti-retour de type poussoir plat Barrow (m\u00e2le \u00e0 femelle) &#8211; TTLPFG<br \/>\n1x Barrow 2016 Nouveau Manuel automatique soupape d\u2019\u00e9chappement int\u00e9gr\u00e9e &#8211; TPQZ-V2<br \/>\nBarrow 16ways full function RGB et ventilateur contr\u00f4leur int\u00e9gr\u00e9 (prise en charge de la t\u00e9l\u00e9commande et de la synchronisation de la carte m\u00e8re RGB) &#8211; DK301-16<br \/>\n4x Barrow 120MM Radiateur s\u00e9rie Dabel-a (Epaisseur : 34MM) &#8211; Dabel-a 120<br \/>\n1x pompe Barrow 17W kit de dissipateur thermique en m\u00e9tal&#8212;PWM contr\u00f4le de vitesse type RGB int\u00e9gr\u00e9 &#8211; SPB17-S V2<br \/>\n3x Barrow New Edition Liquide de refroidissement par eau &#8211; SLYS-V2<br \/>\n13x Barrow 14*10 Tube PETG type temp\u00e9rature normale (ID : 10MM, OD : 14MM, Longueur : 500MM) &#8211; PG1410-L<br \/>\n4x Barrow Aurora RGB Ventilateur de refroidissement PWM \u00e0 effet d\u2019\u00e9clairage annulaire r\u00e9glable &#8211; BF03-PR<br \/>\nLa liste ci-dessus n\u2019affiche que les sp\u00e9cifications de connecteur applicables.<br \/>\nLes joueurs peuvent choisir d\u2019autres produits en fonction des sp\u00e9cifications du produit ci-dessus<\/p>\n","protected":false},"excerpt":{"rendered":"<p>Ce panneau de canal d\u2019eau de Barrow est fabriqu\u00e9 en acrylique et est sp\u00e9cialement con\u00e7u pour s\u2019adapter \u00e0 l\u2019int\u00e9rieur du TT Core P5. Veuillez noter : Les canaux d\u2019eau \u00e0 l\u2019int\u00e9rieur de ces plaques de voies navigables peuvent \u00eatre mis \u00e0 jour sans pr\u00e9avis. La d\u00e9limitation globale de la voie navigable restera la m\u00eame Les [&hellip;]<\/p>\n","protected":false},"featured_media":8672,"template":"","meta":{"_genesis_hide_title":false,"_genesis_hide_breadcrumbs":false,"_genesis_hide_singular_image":false,"_genesis_hide_footer_widgets":false,"_genesis_custom_body_class":"","_genesis_custom_post_class":"","_genesis_layout":""},"product_brand":[233],"product_cat":[42,41],"product_tag":[],"class_list":{"0":"post-8671","1":"product","2":"type-product","3":"status-publish","4":"has-post-thumbnail","6":"product_brand-barrow","7":"product_cat-distroplates","8":"product_cat-reservoirs","9":"entry","11":"first","12":"instock","13":"taxable","14":"shipping-taxable","15":"purchasable","16":"product-type-simple"},"_links":{"self":[{"href":"https:\/\/proliquidpc.com\/fr\/wp-json\/wp\/v2\/product\/8671","targetHints":{"allow":["GET"]}}],"collection":[{"href":"https:\/\/proliquidpc.com\/fr\/wp-json\/wp\/v2\/product"}],"about":[{"href":"https:\/\/proliquidpc.com\/fr\/wp-json\/wp\/v2\/types\/product"}],"wp:featuredmedia":[{"embeddable":true,"href":"https:\/\/proliquidpc.com\/fr\/wp-json\/wp\/v2\/media\/8672"}],"wp:attachment":[{"href":"https:\/\/proliquidpc.com\/fr\/wp-json\/wp\/v2\/media?parent=8671"}],"wp:term":[{"taxonomy":"product_brand","embeddable":true,"href":"https:\/\/proliquidpc.com\/fr\/wp-json\/wp\/v2\/product_brand?post=8671"},{"taxonomy":"product_cat","embeddable":true,"href":"https:\/\/proliquidpc.com\/fr\/wp-json\/wp\/v2\/product_cat?post=8671"},{"taxonomy":"product_tag","embeddable":true,"href":"https:\/\/proliquidpc.com\/fr\/wp-json\/wp\/v2\/product_tag?post=8671"}],"curies":[{"name":"wp","href":"https:\/\/api.w.org\/{rel}","templated":true}]}}