{"id":8693,"date":"2024-10-30T16:58:42","date_gmt":"2024-10-30T20:58:42","guid":{"rendered":"https:\/\/dev.proliquidpc.com\/boutique\/non%20class\u00e9\/barrow-aqua-pipe-fitting-de-tube-de-remplissage-de-reservoir-version-longue-twdlg-l-argent\/"},"modified":"2025-03-09T21:47:54","modified_gmt":"2025-03-10T01:47:54","slug":"barrow-aqua-pipe-fitting-de-tube-de-remplissage-de-reservoir-version-longue-twdlg-l-argent","status":"publish","type":"product","link":"https:\/\/proliquidpc.com\/fr\/boutique\/fittings\/fitting-spacer\/barrow-aqua-pipe-fitting-de-tube-de-remplissage-de-reservoir-version-longue-twdlg-l-argent\/","title":{"rendered":"Barrow Aqua-Pipe Fitting de Tube de Remplissage de R\u00e9servoir \u00ab\u00a0Version Longue\u00a0\u00bb &#8211; TWDLG-L &#8211; Argent"},"content":{"rendered":"<p>Ce fitting G1\/4&Prime; Aqua-Pipe de Barrow est con\u00e7u pour une application traversante de l\u2019ext\u00e9rieur vers l\u2019int\u00e9rieur. Il est pr\u00e9f\u00e9rable de l\u2019utiliser pour les r\u00e9servoirs de type cylindrique<\/p>\n","protected":false},"excerpt":{"rendered":"<p>Ce fitting G1\/4&Prime; Aqua-Pipe de Barrow est con\u00e7u pour une application traversante de l\u2019ext\u00e9rieur vers l\u2019int\u00e9rieur. Il est pr\u00e9f\u00e9rable de l\u2019utiliser pour les r\u00e9servoirs de type cylindrique<\/p>\n","protected":false},"featured_media":8694,"template":"","meta":{"_genesis_hide_title":false,"_genesis_hide_breadcrumbs":false,"_genesis_hide_singular_image":false,"_genesis_hide_footer_widgets":false,"_genesis_custom_body_class":"","_genesis_custom_post_class":"","_genesis_layout":""},"product_brand":[233],"product_cat":[30,29],"product_tag":[],"class_list":{"0":"post-8693","1":"product","2":"type-product","3":"status-publish","4":"has-post-thumbnail","6":"product_brand-barrow","7":"product_cat-fitting-spacer","8":"product_cat-fittings","9":"entry","11":"first","12":"instock","13":"taxable","14":"shipping-taxable","15":"purchasable","16":"product-type-simple"},"_links":{"self":[{"href":"https:\/\/proliquidpc.com\/fr\/wp-json\/wp\/v2\/product\/8693","targetHints":{"allow":["GET"]}}],"collection":[{"href":"https:\/\/proliquidpc.com\/fr\/wp-json\/wp\/v2\/product"}],"about":[{"href":"https:\/\/proliquidpc.com\/fr\/wp-json\/wp\/v2\/types\/product"}],"wp:featuredmedia":[{"embeddable":true,"href":"https:\/\/proliquidpc.com\/fr\/wp-json\/wp\/v2\/media\/8694"}],"wp:attachment":[{"href":"https:\/\/proliquidpc.com\/fr\/wp-json\/wp\/v2\/media?parent=8693"}],"wp:term":[{"taxonomy":"product_brand","embeddable":true,"href":"https:\/\/proliquidpc.com\/fr\/wp-json\/wp\/v2\/product_brand?post=8693"},{"taxonomy":"product_cat","embeddable":true,"href":"https:\/\/proliquidpc.com\/fr\/wp-json\/wp\/v2\/product_cat?post=8693"},{"taxonomy":"product_tag","embeddable":true,"href":"https:\/\/proliquidpc.com\/fr\/wp-json\/wp\/v2\/product_tag?post=8693"}],"curies":[{"name":"wp","href":"https:\/\/api.w.org\/{rel}","templated":true}]}}