{"id":8703,"date":"2024-10-30T16:58:42","date_gmt":"2024-10-30T20:58:42","guid":{"rendered":"https:\/\/dev.proliquidpc.com\/boutique\/non%20class\u00e9\/barrow-mini-spacer-twdq15-argent\/"},"modified":"2025-09-08T03:21:12","modified_gmt":"2025-09-08T07:21:12","slug":"barrow-mini-spacer-twdq15-argent","status":"publish","type":"product","link":"https:\/\/proliquidpc.com\/fr\/boutique\/fittings\/fitting-spacer\/barrow-mini-spacer-twdq15-argent\/","title":{"rendered":"Barrow Mini Spacer TWDQ15 &#8211; Argent"},"content":{"rendered":"<p>Ce fitting de BARROW vous permet d\u2019effectuer des micro-ajustements en raccourcissant la longueur du filetage m\u00e2le expos\u00e9 G1\/4&Prime; sur n\u2019importe quel fitting dont la longueur de filetage est suffisamment longue pour l\u2019accueillir.  L\u2019entretoise a une \u00e9paisseur de 1,5 mm, de sorte qu\u2019un fitting avec 5 mm de filetage m\u00e2le expos\u00e9 peut \u00eatre raccourci \u00e0 seulement 3,5 mm tout en offrant une bonne \u00e9tanch\u00e9it\u00e9 en utilisant le joint torique int\u00e9gr\u00e9 de l\u2019entretoise d\u2019un c\u00f4t\u00e9.  Fabriqu\u00e9 en laiton et avec un diam\u00e8tre ext\u00e9rieur con\u00e7u pour s\u2019adapter parfaitement \u00e0 la plupart des fittings.<\/p>\n","protected":false},"excerpt":{"rendered":"<p>Ce fitting de BARROW vous permet d\u2019effectuer des micro-ajustements en raccourcissant la longueur du filetage m\u00e2le expos\u00e9 G1\/4&Prime; sur n\u2019importe quel fitting dont la longueur de filetage est suffisamment longue pour l\u2019accueillir. L\u2019entretoise a une \u00e9paisseur de 1,5 mm, de sorte qu\u2019un fitting avec 5 mm de filetage m\u00e2le expos\u00e9 peut \u00eatre raccourci \u00e0 seulement [&hellip;]<\/p>\n","protected":false},"featured_media":8704,"template":"","meta":{"_genesis_hide_title":false,"_genesis_hide_breadcrumbs":false,"_genesis_hide_singular_image":false,"_genesis_hide_footer_widgets":false,"_genesis_custom_body_class":"","_genesis_custom_post_class":"","_genesis_layout":""},"product_brand":[233],"product_cat":[30,29],"product_tag":[],"class_list":{"0":"post-8703","1":"product","2":"type-product","3":"status-publish","4":"has-post-thumbnail","6":"product_brand-barrow","7":"product_cat-fitting-spacer","8":"product_cat-fittings","9":"entry","11":"first","12":"instock","13":"taxable","14":"shipping-taxable","15":"purchasable","16":"product-type-simple"},"_links":{"self":[{"href":"https:\/\/proliquidpc.com\/fr\/wp-json\/wp\/v2\/product\/8703","targetHints":{"allow":["GET"]}}],"collection":[{"href":"https:\/\/proliquidpc.com\/fr\/wp-json\/wp\/v2\/product"}],"about":[{"href":"https:\/\/proliquidpc.com\/fr\/wp-json\/wp\/v2\/types\/product"}],"wp:featuredmedia":[{"embeddable":true,"href":"https:\/\/proliquidpc.com\/fr\/wp-json\/wp\/v2\/media\/8704"}],"wp:attachment":[{"href":"https:\/\/proliquidpc.com\/fr\/wp-json\/wp\/v2\/media?parent=8703"}],"wp:term":[{"taxonomy":"product_brand","embeddable":true,"href":"https:\/\/proliquidpc.com\/fr\/wp-json\/wp\/v2\/product_brand?post=8703"},{"taxonomy":"product_cat","embeddable":true,"href":"https:\/\/proliquidpc.com\/fr\/wp-json\/wp\/v2\/product_cat?post=8703"},{"taxonomy":"product_tag","embeddable":true,"href":"https:\/\/proliquidpc.com\/fr\/wp-json\/wp\/v2\/product_tag?post=8703"}],"curies":[{"name":"wp","href":"https:\/\/api.w.org\/{rel}","templated":true}]}}