{"id":8720,"date":"2024-10-30T16:58:42","date_gmt":"2024-10-30T20:58:42","guid":{"rendered":"https:\/\/dev.proliquidpc.com\/boutique\/non%20class\u00e9\/barrow-mini-fitting-rotatif-90-twt90-m-male-vers-femelle-noir\/"},"modified":"2025-03-09T21:48:03","modified_gmt":"2025-03-10T01:48:03","slug":"barrow-mini-fitting-rotatif-90-twt90-m-male-vers-femelle-noir","status":"publish","type":"product","link":"https:\/\/proliquidpc.com\/fr\/boutique\/fittings\/45-90-190\/barrow-mini-fitting-rotatif-90-twt90-m-male-vers-femelle-noir\/","title":{"rendered":"Barrow mini Fitting Rotatif 90\u00b0 TWT90-M (M\u00e2le vers Femelle) Noir"},"content":{"rendered":"<p>L\u2019adaptateur rotatif BARROW Mini 90\u00b0 (m\u00e2le vers femelle) est un accessoire informatique petit mais polyvalent con\u00e7u pour les syst\u00e8mes de refroidissement liquide. Cet adaptateur permet aux utilisateurs de connecter deux composants de refroidissement par eau, tels que des blocs d\u2019eau ou des radiateurs, \u00e0 un angle de 90\u00b0 sans avoir besoin d\u2019acheminement de tubes ou de fittings complexes.<\/p>\n<p>L\u2019adaptateur pr\u00e9sente une conception compacte et est fabriqu\u00e9 \u00e0 partir de mat\u00e9riaux de haute qualit\u00e9, notamment le laiton et le nickelage, assurant durabilit\u00e9 et long\u00e9vit\u00e9. Les connecteurs m\u00e2le \u00e0 femelle assurent une connexion s\u00fbre et sans fuite entre les composants. La fonction rotative de l\u2019adaptateur permet une installation et une personnalisation faciles de la boucle de refroidissement.<\/p>\n<p>L\u2019adaptateur rotatif BARROW Mini 90\u00b0 a une taille de filetage G1\/4&Prime;, qui est une taille courante utilis\u00e9e dans les syst\u00e8mes de refroidissement par eau. L\u2019adaptateur a \u00e9galement une conception \u00e0 profil bas, ce qui le rend adapt\u00e9 \u00e0 une utilisation dans des espaces restreints ou lorsque le d\u00e9gagement est limit\u00e9. De plus, la petite taille de l\u2019adaptateur en fait un choix id\u00e9al pour les mini-ITX ou les constructions \u00e0 petit facteur de forme.<\/p>\n<p>Dans l\u2019ensemble, l\u2019adaptateur rotatif BARROW Mini 90\u00b0 (m\u00e2le \u00e0 femelle) est un excellent choix pour ceux qui cherchent \u00e0 am\u00e9liorer les performances et l\u2019apparence de leur syst\u00e8me de refroidissement liquide. Sa conception compacte, ses mat\u00e9riaux de haute qualit\u00e9 et sa facilit\u00e9 d\u2019installation en font un choix fiable et efficace pour tout passionn\u00e9 d\u2019informatique.<\/p>\n","protected":false},"excerpt":{"rendered":"<p>L\u2019adaptateur rotatif BARROW Mini 90\u00b0 (m\u00e2le vers femelle) est un accessoire informatique petit mais polyvalent con\u00e7u pour les syst\u00e8mes de refroidissement liquide. Cet adaptateur permet aux utilisateurs de connecter deux composants de refroidissement par eau, tels que des blocs d\u2019eau ou des radiateurs, \u00e0 un angle de 90\u00b0 sans avoir besoin d\u2019acheminement de tubes ou [&hellip;]<\/p>\n","protected":false},"featured_media":8721,"template":"","meta":{"_genesis_hide_title":false,"_genesis_hide_breadcrumbs":false,"_genesis_hide_singular_image":false,"_genesis_hide_footer_widgets":false,"_genesis_custom_body_class":"","_genesis_custom_post_class":"","_genesis_layout":""},"product_brand":[233],"product_cat":[45,29],"product_tag":[],"class_list":{"0":"post-8720","1":"product","2":"type-product","3":"status-publish","4":"has-post-thumbnail","6":"product_brand-barrow","7":"product_cat-45-90-190","8":"product_cat-fittings","9":"entry","11":"first","12":"instock","13":"taxable","14":"shipping-taxable","15":"purchasable","16":"product-type-simple"},"_links":{"self":[{"href":"https:\/\/proliquidpc.com\/fr\/wp-json\/wp\/v2\/product\/8720","targetHints":{"allow":["GET"]}}],"collection":[{"href":"https:\/\/proliquidpc.com\/fr\/wp-json\/wp\/v2\/product"}],"about":[{"href":"https:\/\/proliquidpc.com\/fr\/wp-json\/wp\/v2\/types\/product"}],"wp:featuredmedia":[{"embeddable":true,"href":"https:\/\/proliquidpc.com\/fr\/wp-json\/wp\/v2\/media\/8721"}],"wp:attachment":[{"href":"https:\/\/proliquidpc.com\/fr\/wp-json\/wp\/v2\/media?parent=8720"}],"wp:term":[{"taxonomy":"product_brand","embeddable":true,"href":"https:\/\/proliquidpc.com\/fr\/wp-json\/wp\/v2\/product_brand?post=8720"},{"taxonomy":"product_cat","embeddable":true,"href":"https:\/\/proliquidpc.com\/fr\/wp-json\/wp\/v2\/product_cat?post=8720"},{"taxonomy":"product_tag","embeddable":true,"href":"https:\/\/proliquidpc.com\/fr\/wp-json\/wp\/v2\/product_tag?post=8720"}],"curies":[{"name":"wp","href":"https:\/\/api.w.org\/{rel}","templated":true}]}}