{"id":8728,"date":"2024-10-30T16:58:42","date_gmt":"2024-10-30T20:58:42","guid":{"rendered":"https:\/\/dev.proliquidpc.com\/boutique\/non%20class\u00e9\/fitting-rotatif-barrow-90-twt90-v2-5-noir\/"},"modified":"2025-10-16T13:55:16","modified_gmt":"2025-10-16T17:55:16","slug":"fitting-rotatif-barrow-90-twt90-v2-5-noir","status":"publish","type":"product","link":"https:\/\/proliquidpc.com\/fr\/boutique\/fittings\/45-90-190\/fitting-rotatif-barrow-90-twt90-v2-5-noir\/","title":{"rendered":"Fitting rotatif Barrow 90\u00b0 &#8211; TWT90-V2.5 &#8211; Noir"},"content":{"rendered":"<p>Le fitting rotatif \u00e0 90 degr\u00e9s \u00e0 filetage G1\/4&Prime; de Barrow peut faire pivoter son bec \u00e0 fond (360\u00b0) afin que l\u2019angle de 90\u00b0 puisse \u00eatre pr\u00e9cis\u00e9ment dans la direction n\u00e9cessaire. La conception avanc\u00e9e r\u00e9duit la restriction du d\u00e9bit du liquide de refroidissement et la construction en laiton nickel\u00e9 offre une durabilit\u00e9, assurant une longue dur\u00e9e de vie de la pi\u00e8ce.<\/p>\n<p>Mat\u00e9riau : Laiton<br \/>\nFiletage : G1\/4&Prime;<\/p>\n","protected":false},"excerpt":{"rendered":"<p>Le fitting rotatif \u00e0 90 degr\u00e9s \u00e0 filetage G1\/4&Prime; de Barrow peut faire pivoter son bec \u00e0 fond (360\u00b0) afin que l\u2019angle de 90\u00b0 puisse \u00eatre pr\u00e9cis\u00e9ment dans la direction n\u00e9cessaire. La conception avanc\u00e9e r\u00e9duit la restriction du d\u00e9bit du liquide de refroidissement et la construction en laiton nickel\u00e9 offre une durabilit\u00e9, assurant une longue [&hellip;]<\/p>\n","protected":false},"featured_media":8729,"template":"","meta":{"_genesis_hide_title":false,"_genesis_hide_breadcrumbs":false,"_genesis_hide_singular_image":false,"_genesis_hide_footer_widgets":false,"_genesis_custom_body_class":"","_genesis_custom_post_class":"","_genesis_layout":""},"product_brand":[233],"product_cat":[45,29],"product_tag":[],"class_list":{"0":"post-8728","1":"product","2":"type-product","3":"status-publish","4":"has-post-thumbnail","6":"product_brand-barrow","7":"product_cat-45-90-190","8":"product_cat-fittings","9":"entry","11":"first","12":"outofstock","13":"taxable","14":"shipping-taxable","15":"purchasable","16":"product-type-simple"},"_links":{"self":[{"href":"https:\/\/proliquidpc.com\/fr\/wp-json\/wp\/v2\/product\/8728","targetHints":{"allow":["GET"]}}],"collection":[{"href":"https:\/\/proliquidpc.com\/fr\/wp-json\/wp\/v2\/product"}],"about":[{"href":"https:\/\/proliquidpc.com\/fr\/wp-json\/wp\/v2\/types\/product"}],"wp:featuredmedia":[{"embeddable":true,"href":"https:\/\/proliquidpc.com\/fr\/wp-json\/wp\/v2\/media\/8729"}],"wp:attachment":[{"href":"https:\/\/proliquidpc.com\/fr\/wp-json\/wp\/v2\/media?parent=8728"}],"wp:term":[{"taxonomy":"product_brand","embeddable":true,"href":"https:\/\/proliquidpc.com\/fr\/wp-json\/wp\/v2\/product_brand?post=8728"},{"taxonomy":"product_cat","embeddable":true,"href":"https:\/\/proliquidpc.com\/fr\/wp-json\/wp\/v2\/product_cat?post=8728"},{"taxonomy":"product_tag","embeddable":true,"href":"https:\/\/proliquidpc.com\/fr\/wp-json\/wp\/v2\/product_tag?post=8728"}],"curies":[{"name":"wp","href":"https:\/\/api.w.org\/{rel}","templated":true}]}}