{"id":8768,"date":"2024-10-30T16:59:58","date_gmt":"2024-10-30T20:59:58","guid":{"rendered":"https:\/\/dev.proliquidpc.com\/boutique\/non%20class\u00e9\/fitting-de-decalage-rotatif-360-de-15mm-de-barrow-tx360pz-15p-v2-noir\/"},"modified":"2025-09-07T18:28:05","modified_gmt":"2025-09-07T22:28:05","slug":"fitting-de-decalage-rotatif-360-de-15mm-de-barrow-tx360pz-15p-v2-noir","status":"publish","type":"product","link":"https:\/\/proliquidpc.com\/fr\/boutique\/fittings\/45-90-190\/fitting-de-decalage-rotatif-360-de-15mm-de-barrow-tx360pz-15p-v2-noir\/","title":{"rendered":"Fitting de d\u00e9calage rotatif 360\u00b0 de 15mm de Barrow &#8211; TX360PZ-15P V2 -POM- Noir"},"content":{"rendered":"<p>Ce fitting adaptateur permet un r\u00e9glage pr\u00e9cis des angles des hard tubes.<\/p>\n<p>Avec plus ou moins 15 mm de r\u00e9glage, vous pouvez obtenir des longueurs de tubes parfaitement parall\u00e8les en utilisant ce fitting unique.<\/p>\n","protected":false},"excerpt":{"rendered":"<p>Ce fitting adaptateur permet un r\u00e9glage pr\u00e9cis des angles des hard tubes. Avec plus ou moins 15 mm de r\u00e9glage, vous pouvez obtenir des longueurs de tubes parfaitement parall\u00e8les en utilisant ce fitting unique.<\/p>\n","protected":false},"featured_media":8769,"template":"","meta":{"_genesis_hide_title":false,"_genesis_hide_breadcrumbs":false,"_genesis_hide_singular_image":false,"_genesis_hide_footer_widgets":false,"_genesis_custom_body_class":"","_genesis_custom_post_class":"","_genesis_layout":""},"product_brand":[233],"product_cat":[45,29],"product_tag":[],"class_list":{"0":"post-8768","1":"product","2":"type-product","3":"status-publish","4":"has-post-thumbnail","6":"product_brand-barrow","7":"product_cat-45-90-190","8":"product_cat-fittings","9":"entry","11":"first","12":"instock","13":"taxable","14":"shipping-taxable","15":"purchasable","16":"product-type-simple"},"_links":{"self":[{"href":"https:\/\/proliquidpc.com\/fr\/wp-json\/wp\/v2\/product\/8768","targetHints":{"allow":["GET"]}}],"collection":[{"href":"https:\/\/proliquidpc.com\/fr\/wp-json\/wp\/v2\/product"}],"about":[{"href":"https:\/\/proliquidpc.com\/fr\/wp-json\/wp\/v2\/types\/product"}],"wp:featuredmedia":[{"embeddable":true,"href":"https:\/\/proliquidpc.com\/fr\/wp-json\/wp\/v2\/media\/8769"}],"wp:attachment":[{"href":"https:\/\/proliquidpc.com\/fr\/wp-json\/wp\/v2\/media?parent=8768"}],"wp:term":[{"taxonomy":"product_brand","embeddable":true,"href":"https:\/\/proliquidpc.com\/fr\/wp-json\/wp\/v2\/product_brand?post=8768"},{"taxonomy":"product_cat","embeddable":true,"href":"https:\/\/proliquidpc.com\/fr\/wp-json\/wp\/v2\/product_cat?post=8768"},{"taxonomy":"product_tag","embeddable":true,"href":"https:\/\/proliquidpc.com\/fr\/wp-json\/wp\/v2\/product_tag?post=8768"}],"curies":[{"name":"wp","href":"https:\/\/api.w.org\/{rel}","templated":true}]}}