{"id":8778,"date":"2024-10-30T16:59:58","date_gmt":"2024-10-30T20:59:58","guid":{"rendered":"https:\/\/dev.proliquidpc.com\/boutique\/non%20class\u00e9\/fitting-de-decalage-rotatif-360-de-6mm-de-barrow-pom-version-portable-tx360pz-p-noir\/"},"modified":"2025-03-09T21:47:06","modified_gmt":"2025-03-10T01:47:06","slug":"fitting-de-decalage-rotatif-360-de-6mm-de-barrow-pom-version-portable-tx360pz-p-noir","status":"publish","type":"product","link":"https:\/\/proliquidpc.com\/fr\/boutique\/fittings\/45-90-190\/fitting-de-decalage-rotatif-360-de-6mm-de-barrow-pom-version-portable-tx360pz-p-noir\/","title":{"rendered":"Fitting de d\u00e9calage rotatif 360\u00b0 de 6mm de Barrow POM Version portable TX360PZ-P Noir"},"content":{"rendered":"<p>Ce fitting adaptateur permet un r\u00e9glage pr\u00e9cis des angles des tubes durs. Avec plus ou moins 6 mm de r\u00e9glage, vous pouvez obtenir des tubes parfaitement parall\u00e8les en utilisant ce fitting unique.<\/p>\n","protected":false},"excerpt":{"rendered":"<p>Ce fitting adaptateur permet un r\u00e9glage pr\u00e9cis des angles des tubes durs. Avec plus ou moins 6 mm de r\u00e9glage, vous pouvez obtenir des tubes parfaitement parall\u00e8les en utilisant ce fitting unique.<\/p>\n","protected":false},"featured_media":8779,"template":"","meta":{"_genesis_hide_title":false,"_genesis_hide_breadcrumbs":false,"_genesis_hide_singular_image":false,"_genesis_hide_footer_widgets":false,"_genesis_custom_body_class":"","_genesis_custom_post_class":"","_genesis_layout":""},"product_brand":[233],"product_cat":[45,29],"product_tag":[],"class_list":{"0":"post-8778","1":"product","2":"type-product","3":"status-publish","4":"has-post-thumbnail","6":"product_brand-barrow","7":"product_cat-45-90-190","8":"product_cat-fittings","9":"entry","11":"first","12":"instock","13":"taxable","14":"shipping-taxable","15":"purchasable","16":"product-type-simple"},"_links":{"self":[{"href":"https:\/\/proliquidpc.com\/fr\/wp-json\/wp\/v2\/product\/8778","targetHints":{"allow":["GET"]}}],"collection":[{"href":"https:\/\/proliquidpc.com\/fr\/wp-json\/wp\/v2\/product"}],"about":[{"href":"https:\/\/proliquidpc.com\/fr\/wp-json\/wp\/v2\/types\/product"}],"wp:featuredmedia":[{"embeddable":true,"href":"https:\/\/proliquidpc.com\/fr\/wp-json\/wp\/v2\/media\/8779"}],"wp:attachment":[{"href":"https:\/\/proliquidpc.com\/fr\/wp-json\/wp\/v2\/media?parent=8778"}],"wp:term":[{"taxonomy":"product_brand","embeddable":true,"href":"https:\/\/proliquidpc.com\/fr\/wp-json\/wp\/v2\/product_brand?post=8778"},{"taxonomy":"product_cat","embeddable":true,"href":"https:\/\/proliquidpc.com\/fr\/wp-json\/wp\/v2\/product_cat?post=8778"},{"taxonomy":"product_tag","embeddable":true,"href":"https:\/\/proliquidpc.com\/fr\/wp-json\/wp\/v2\/product_tag?post=8778"}],"curies":[{"name":"wp","href":"https:\/\/api.w.org\/{rel}","templated":true}]}}