{"id":8826,"date":"2024-10-30T16:59:58","date_gmt":"2024-10-30T20:59:58","guid":{"rendered":"https:\/\/dev.proliquidpc.com\/boutique\/non%20class\u00e9\/barrow-fitting-de-separateur-de-bloc-rotatif-a-5-voies-tx5t-a01-argent\/"},"modified":"2025-03-09T21:47:18","modified_gmt":"2025-03-10T01:47:18","slug":"barrow-fitting-de-separateur-de-bloc-rotatif-a-5-voies-tx5t-a01-argent","status":"publish","type":"product","link":"https:\/\/proliquidpc.com\/fr\/boutique\/fittings\/3-way-4-way-5-way\/barrow-fitting-de-separateur-de-bloc-rotatif-a-5-voies-tx5t-a01-argent\/","title":{"rendered":"Barrow Fitting de s\u00e9parateur de bloc rotatif \u00e0 5 voies &#8211; TX5T-A01 &#8211; Argent"},"content":{"rendered":"<p>Un fitting g\u00e9n\u00e9ralis\u00e9, utile pour une myriade d\u2019options ; y compris la mise en place d\u2019un orifice de vidange, la division du flux de fluide, la r\u00e9alisation de virages serr\u00e9s, etc.<\/p>\n<p>Une extr\u00e9mit\u00e9 est G1\/4&Prime; \u00bb m\u00e2le rotative, les autres extr\u00e9mit\u00e9s sont G1\/4&Prime; \u00bb femelle.<\/p>\n<p>Le bloc peut \u00eatre utilis\u00e9 avec n\u2019importe quel fitting filet\u00e9 G1\/4&Prime;.<\/p>\n","protected":false},"excerpt":{"rendered":"<p>Un fitting g\u00e9n\u00e9ralis\u00e9, utile pour une myriade d\u2019options ; y compris la mise en place d\u2019un orifice de vidange, la division du flux de fluide, la r\u00e9alisation de virages serr\u00e9s, etc. Une extr\u00e9mit\u00e9 est G1\/4&Prime; \u00bb m\u00e2le rotative, les autres extr\u00e9mit\u00e9s sont G1\/4&Prime; \u00bb femelle. Le bloc peut \u00eatre utilis\u00e9 avec n\u2019importe quel fitting filet\u00e9 [&hellip;]<\/p>\n","protected":false},"featured_media":8827,"template":"","meta":{"_genesis_hide_title":false,"_genesis_hide_breadcrumbs":false,"_genesis_hide_singular_image":false,"_genesis_hide_footer_widgets":false,"_genesis_custom_body_class":"","_genesis_custom_post_class":"","_genesis_layout":""},"product_brand":[233],"product_cat":[51,29],"product_tag":[],"class_list":{"0":"post-8826","1":"product","2":"type-product","3":"status-publish","4":"has-post-thumbnail","6":"product_brand-barrow","7":"product_cat-3-way-4-way-5-way","8":"product_cat-fittings","9":"entry","11":"first","12":"instock","13":"taxable","14":"shipping-taxable","15":"purchasable","16":"product-type-simple"},"_links":{"self":[{"href":"https:\/\/proliquidpc.com\/fr\/wp-json\/wp\/v2\/product\/8826","targetHints":{"allow":["GET"]}}],"collection":[{"href":"https:\/\/proliquidpc.com\/fr\/wp-json\/wp\/v2\/product"}],"about":[{"href":"https:\/\/proliquidpc.com\/fr\/wp-json\/wp\/v2\/types\/product"}],"wp:featuredmedia":[{"embeddable":true,"href":"https:\/\/proliquidpc.com\/fr\/wp-json\/wp\/v2\/media\/8827"}],"wp:attachment":[{"href":"https:\/\/proliquidpc.com\/fr\/wp-json\/wp\/v2\/media?parent=8826"}],"wp:term":[{"taxonomy":"product_brand","embeddable":true,"href":"https:\/\/proliquidpc.com\/fr\/wp-json\/wp\/v2\/product_brand?post=8826"},{"taxonomy":"product_cat","embeddable":true,"href":"https:\/\/proliquidpc.com\/fr\/wp-json\/wp\/v2\/product_cat?post=8826"},{"taxonomy":"product_tag","embeddable":true,"href":"https:\/\/proliquidpc.com\/fr\/wp-json\/wp\/v2\/product_tag?post=8826"}],"curies":[{"name":"wp","href":"https:\/\/api.w.org\/{rel}","templated":true}]}}