{"id":8831,"date":"2024-10-30T16:59:58","date_gmt":"2024-10-30T20:59:58","guid":{"rendered":"https:\/\/dev.proliquidpc.com\/boutique\/non%20class\u00e9\/fitting-barrow-hard-tubing-de-14-mm-de-diametre-exterieur-tykn-k1410-v4-or\/"},"modified":"2025-03-09T21:47:34","modified_gmt":"2025-03-10T01:47:34","slug":"fitting-barrow-hard-tubing-de-14-mm-de-diametre-exterieur-tykn-k1410-v4-or","status":"publish","type":"product","link":"https:\/\/proliquidpc.com\/fr\/boutique\/fittings\/hard-fittings-14mm\/fitting-barrow-hard-tubing-de-14-mm-de-diametre-exterieur-tykn-k1410-v4-or\/","title":{"rendered":"Fitting Barrow &#8211; Hard tubing de 14 mm de diam\u00e8tre ext\u00e9rieur &#8211; TYKN-K1410 V4 &#8211; Or"},"content":{"rendered":"<p>Les fittings adaptateurs de tube rigide de 14 mm de diam\u00e8tre ext\u00e9rieur de Barrow relient proprement et en toute s\u00e9curit\u00e9 les tubes rigides aux composants et pi\u00e8ces de refroidissement par eau \u00e0 l\u2019aide d\u2019une s\u00e9rie de joints toriques et de colliers de compression. Les filetages G1\/4&Prime; les rendent faciles \u00e0 installer dans la plupart des blocs d\u2019eau, radiateurs et r\u00e9servoirs. Parfait pour une utilisation avec les tubes rigides Barrow 14 mm OD ! Une excellente option pour ceux qui cherchent \u00e0 utiliser des tubes hardline dans leur construction !<\/p>\n","protected":false},"excerpt":{"rendered":"<p>Les fittings adaptateurs de tube rigide de 14 mm de diam\u00e8tre ext\u00e9rieur de Barrow relient proprement et en toute s\u00e9curit\u00e9 les tubes rigides aux composants et pi\u00e8ces de refroidissement par eau \u00e0 l\u2019aide d\u2019une s\u00e9rie de joints toriques et de colliers de compression. Les filetages G1\/4&Prime; les rendent faciles \u00e0 installer dans la plupart des [&hellip;]<\/p>\n","protected":false},"featured_media":8832,"template":"","meta":{"_genesis_hide_title":false,"_genesis_hide_breadcrumbs":false,"_genesis_hide_singular_image":false,"_genesis_hide_footer_widgets":false,"_genesis_custom_body_class":"","_genesis_custom_post_class":"","_genesis_layout":""},"product_brand":[233],"product_cat":[29,34],"product_tag":[],"class_list":{"0":"post-8831","1":"product","2":"type-product","3":"status-publish","4":"has-post-thumbnail","6":"product_brand-barrow","7":"product_cat-fittings","8":"product_cat-hard-fittings-14mm","9":"entry","11":"first","12":"instock","13":"taxable","14":"shipping-taxable","15":"purchasable","16":"product-type-simple"},"_links":{"self":[{"href":"https:\/\/proliquidpc.com\/fr\/wp-json\/wp\/v2\/product\/8831","targetHints":{"allow":["GET"]}}],"collection":[{"href":"https:\/\/proliquidpc.com\/fr\/wp-json\/wp\/v2\/product"}],"about":[{"href":"https:\/\/proliquidpc.com\/fr\/wp-json\/wp\/v2\/types\/product"}],"wp:featuredmedia":[{"embeddable":true,"href":"https:\/\/proliquidpc.com\/fr\/wp-json\/wp\/v2\/media\/8832"}],"wp:attachment":[{"href":"https:\/\/proliquidpc.com\/fr\/wp-json\/wp\/v2\/media?parent=8831"}],"wp:term":[{"taxonomy":"product_brand","embeddable":true,"href":"https:\/\/proliquidpc.com\/fr\/wp-json\/wp\/v2\/product_brand?post=8831"},{"taxonomy":"product_cat","embeddable":true,"href":"https:\/\/proliquidpc.com\/fr\/wp-json\/wp\/v2\/product_cat?post=8831"},{"taxonomy":"product_tag","embeddable":true,"href":"https:\/\/proliquidpc.com\/fr\/wp-json\/wp\/v2\/product_tag?post=8831"}],"curies":[{"name":"wp","href":"https:\/\/api.w.org\/{rel}","templated":true}]}}