{"id":8834,"date":"2024-10-30T16:59:58","date_gmt":"2024-10-30T20:59:58","guid":{"rendered":"https:\/\/dev.proliquidpc.com\/boutique\/non%20class\u00e9\/barrow-quick-disconnect-qdc-tzkmf-v2-argent\/"},"modified":"2025-03-19T00:08:25","modified_gmt":"2025-03-19T04:08:25","slug":"barrow-quick-disconnect-qdc-tzkmf-v2-argent","status":"publish","type":"product","link":"https:\/\/proliquidpc.com\/fr\/boutique\/fittings\/quick-disconnect\/barrow-quick-disconnect-qdc-tzkmf-v2-argent\/","title":{"rendered":"Barrow Quick Disconnect QDC TZKMF-V2 &#8211; Argent"},"content":{"rendered":"<p>Il s\u2019agit de l\u2019extr\u00e9mit\u00e9 m\u00e2le et femelle des fittings \u00e0 d\u00e9connexion rapide Barrow. Pouss\u00e9e d\u2019\u00e9tanch\u00e9it\u00e9 m\u00e2le et femelle dans les interfaces standard de filetage G1 \/ 4 pour connecter divers types de tuyaux, produits de fitting de tuyauterie L\u2019utilisation de l\u2019eau pour installer le groupe de joint n\u2019est pas n\u00e9cessaire pour couper l\u2019eau ou le drainage, vous pouvez facilement utiliser le kit pour connecter et d\u00e9connecter le fonctionnement du joint<\/p>\n","protected":false},"excerpt":{"rendered":"<p>Il s\u2019agit de l\u2019extr\u00e9mit\u00e9 m\u00e2le et femelle des fittings \u00e0 d\u00e9connexion rapide Barrow. Pouss\u00e9e d\u2019\u00e9tanch\u00e9it\u00e9 m\u00e2le et femelle dans les interfaces standard de filetage G1 \/ 4 pour connecter divers types de tuyaux, produits de fitting de tuyauterie L\u2019utilisation de l\u2019eau pour installer le groupe de joint n\u2019est pas n\u00e9cessaire pour couper l\u2019eau ou le [&hellip;]<\/p>\n","protected":false},"featured_media":8835,"template":"","meta":{"_genesis_hide_title":false,"_genesis_hide_breadcrumbs":false,"_genesis_hide_singular_image":false,"_genesis_hide_footer_widgets":false,"_genesis_custom_body_class":"","_genesis_custom_post_class":"","_genesis_layout":""},"product_brand":[233],"product_cat":[29,48],"product_tag":[],"class_list":{"0":"post-8834","1":"product","2":"type-product","3":"status-publish","4":"has-post-thumbnail","6":"product_brand-barrow","7":"product_cat-fittings","8":"product_cat-quick-disconnect","9":"entry","11":"first","12":"outofstock","13":"taxable","14":"shipping-taxable","15":"purchasable","16":"product-type-simple"},"_links":{"self":[{"href":"https:\/\/proliquidpc.com\/fr\/wp-json\/wp\/v2\/product\/8834","targetHints":{"allow":["GET"]}}],"collection":[{"href":"https:\/\/proliquidpc.com\/fr\/wp-json\/wp\/v2\/product"}],"about":[{"href":"https:\/\/proliquidpc.com\/fr\/wp-json\/wp\/v2\/types\/product"}],"wp:featuredmedia":[{"embeddable":true,"href":"https:\/\/proliquidpc.com\/fr\/wp-json\/wp\/v2\/media\/8835"}],"wp:attachment":[{"href":"https:\/\/proliquidpc.com\/fr\/wp-json\/wp\/v2\/media?parent=8834"}],"wp:term":[{"taxonomy":"product_brand","embeddable":true,"href":"https:\/\/proliquidpc.com\/fr\/wp-json\/wp\/v2\/product_brand?post=8834"},{"taxonomy":"product_cat","embeddable":true,"href":"https:\/\/proliquidpc.com\/fr\/wp-json\/wp\/v2\/product_cat?post=8834"},{"taxonomy":"product_tag","embeddable":true,"href":"https:\/\/proliquidpc.com\/fr\/wp-json\/wp\/v2\/product_tag?post=8834"}],"curies":[{"name":"wp","href":"https:\/\/api.w.org\/{rel}","templated":true}]}}