{"id":8840,"date":"2024-10-30T16:59:58","date_gmt":"2024-10-30T20:59:58","guid":{"rendered":"https:\/\/dev.proliquidpc.com\/boutique\/non%20class\u00e9\/verum-vita-lfw-duo-reservoir-et-pompe\/"},"modified":"2025-01-19T16:46:07","modified_gmt":"2025-01-19T21:46:07","slug":"verum-vita-lfw-duo-reservoir-et-pompe","status":"publish","type":"product","link":"https:\/\/proliquidpc.com\/fr\/boutique\/reservoirs\/box\/verum-vita-lfw-duo-reservoir-et-pompe\/","title":{"rendered":"Verum Vita LFW Duo r\u00e9servoir et pompe"},"content":{"rendered":"<p>Description d\u00e9taill\u00e9e<\/p>\n<p>Inclus dans le forfait :<br \/>\nR\u00e9servoir LFW Duo<br \/>\nPompe DDC fix\u00e9e<br \/>\nSupport de montage int\u00e9gr\u00e9<br \/>\nVis de montage de la pompe de rechange (pour une utilisation sans support de montage)<\/p>\n<p>Construit avec un mat\u00e9riau acrylique coul\u00e9 de haute qualit\u00e9<br \/>\nCon\u00e7u dans Autodesk Fusion 360 et frais\u00e9 CNC<br \/>\nLa chambre du r\u00e9servoir est frais\u00e9e semi-transparente. Gagne en clart\u00e9 lorsqu\u2019il est rempli de liquide.<br \/>\nLivr\u00e9 enti\u00e8rement assembl\u00e9 avec une pompe \u00e0 eau DDC 800 litres\/heure et un support de montage.<br \/>\nComprend 6 ports G1\/4&Prime; pour une polyvalence maximale<br \/>\nPeut \u00eatre mont\u00e9 dans n\u2019importe quelle direction et orientation, sauf face vers le bas<br \/>\nLa pompe \u00e0 eau est contr\u00f4l\u00e9e par PWM et aliment\u00e9e par Molex. Livr\u00e9 avec une bande D-RGB adressable compatible avec tous les logiciels de contr\u00f4le RGB populaires (Aura sync, RGB Fusion, etc&#8230;)<br \/>\nDimensions : (H x L x P) 240 mm x 120 mm x 55 mm &#8211; pompe et support inclus<br \/>\nDes vis de rechange pour la pompe \u00e0 eau sont incluses si l\u2019utilisateur souhaite renoncer \u00e0 l\u2019utilisation du support de montage.<br \/>\nTous les blocs sont assembl\u00e9s \u00e0 la main, inspect\u00e9s pour leur qualit\u00e9 et test\u00e9s sous pression\/\u00e9tanch\u00e9it\u00e9 avant l\u2019emballage.<\/p>\n<p>Fabriqu\u00e9 au Qu\u00e9bec !<\/p>\n","protected":false},"excerpt":{"rendered":"<p>Description d\u00e9taill\u00e9e Inclus dans le forfait : R\u00e9servoir LFW Duo Pompe DDC fix\u00e9e Support de montage int\u00e9gr\u00e9 Vis de montage de la pompe de rechange (pour une utilisation sans support de montage) Construit avec un mat\u00e9riau acrylique coul\u00e9 de haute qualit\u00e9 Con\u00e7u dans Autodesk Fusion 360 et frais\u00e9 CNC La chambre du r\u00e9servoir est frais\u00e9e [&hellip;]<\/p>\n","protected":false},"featured_media":8841,"template":"","meta":{"_genesis_hide_title":false,"_genesis_hide_breadcrumbs":false,"_genesis_hide_singular_image":false,"_genesis_hide_footer_widgets":false,"_genesis_custom_body_class":"","_genesis_custom_post_class":"","_genesis_layout":""},"product_brand":[],"product_cat":[41,52],"product_tag":[],"class_list":{"0":"post-8840","1":"product","2":"type-product","3":"status-publish","4":"has-post-thumbnail","6":"product_cat-reservoirs","7":"product_cat-box","8":"entry","10":"first","11":"instock","12":"taxable","13":"shipping-taxable","14":"purchasable","15":"product-type-simple"},"_links":{"self":[{"href":"https:\/\/proliquidpc.com\/fr\/wp-json\/wp\/v2\/product\/8840","targetHints":{"allow":["GET"]}}],"collection":[{"href":"https:\/\/proliquidpc.com\/fr\/wp-json\/wp\/v2\/product"}],"about":[{"href":"https:\/\/proliquidpc.com\/fr\/wp-json\/wp\/v2\/types\/product"}],"wp:featuredmedia":[{"embeddable":true,"href":"https:\/\/proliquidpc.com\/fr\/wp-json\/wp\/v2\/media\/8841"}],"wp:attachment":[{"href":"https:\/\/proliquidpc.com\/fr\/wp-json\/wp\/v2\/media?parent=8840"}],"wp:term":[{"taxonomy":"product_brand","embeddable":true,"href":"https:\/\/proliquidpc.com\/fr\/wp-json\/wp\/v2\/product_brand?post=8840"},{"taxonomy":"product_cat","embeddable":true,"href":"https:\/\/proliquidpc.com\/fr\/wp-json\/wp\/v2\/product_cat?post=8840"},{"taxonomy":"product_tag","embeddable":true,"href":"https:\/\/proliquidpc.com\/fr\/wp-json\/wp\/v2\/product_tag?post=8840"}],"curies":[{"name":"wp","href":"https:\/\/api.w.org\/{rel}","templated":true}]}}