{"id":8849,"date":"2024-10-30T16:59:58","date_gmt":"2024-10-30T20:59:58","guid":{"rendered":"https:\/\/dev.proliquidpc.com\/boutique\/non%20class\u00e9\/barrow-pompe-acrylique-filetee-lrc-2-0-pour-pompe-ddc-17w-ybgtsr-v2-transparent\/"},"modified":"2025-03-09T21:47:38","modified_gmt":"2025-03-10T01:47:38","slug":"barrow-pompe-acrylique-filetee-lrc-2-0-pour-pompe-ddc-17w-ybgtsr-v2-transparent","status":"publish","type":"product","link":"https:\/\/proliquidpc.com\/fr\/boutique\/pompes\/pompes-ddc-accessoires\/barrow-pompe-acrylique-filetee-lrc-2-0-pour-pompe-ddc-17w-ybgtsr-v2-transparent\/","title":{"rendered":"Barrow Pompe Acrylique Filet\u00e9e, LRC 2.0, Pour Pompe DDC 17W &#8211; YBGTSR-V2 &#8211; Transparent"},"content":{"rendered":"<p>Pompe Barrow DDC, filet\u00e9e pour r\u00e9servoir. avec un filetage G1\/4&Prime; au centre. Cette pompe fonctionnera avec les tubes de r\u00e9servoirs Barrow 50mm<\/p>\n<p>Le contr\u00f4leur RVB n\u2019est pas inclus.<\/p>\n<p>Attention : Utilisez des vis courtes pour fixer la pompe DDC. Les vis longues servent \u00e0 fixer les supports (non inclus) qui ajoutent de l\u2019\u00e9paisseur \u00e0 l\u2019assemblage.<\/p>\n","protected":false},"excerpt":{"rendered":"<p>Pompe Barrow DDC, filet\u00e9e pour r\u00e9servoir. avec un filetage G1\/4&Prime; au centre. Cette pompe fonctionnera avec les tubes de r\u00e9servoirs Barrow 50mm Le contr\u00f4leur RVB n\u2019est pas inclus. Attention : Utilisez des vis courtes pour fixer la pompe DDC. Les vis longues servent \u00e0 fixer les supports (non inclus) qui ajoutent de l\u2019\u00e9paisseur \u00e0 l\u2019assemblage.<\/p>\n","protected":false},"featured_media":8850,"template":"","meta":{"_genesis_hide_title":false,"_genesis_hide_breadcrumbs":false,"_genesis_hide_singular_image":false,"_genesis_hide_footer_widgets":false,"_genesis_custom_body_class":"","_genesis_custom_post_class":"","_genesis_layout":""},"product_brand":[233],"product_cat":[46,74],"product_tag":[],"class_list":{"0":"post-8849","1":"product","2":"type-product","3":"status-publish","4":"has-post-thumbnail","6":"product_brand-barrow","7":"product_cat-pompes","8":"product_cat-pompes-ddc-accessoires","9":"entry","11":"first","12":"instock","13":"taxable","14":"shipping-taxable","15":"purchasable","16":"product-type-simple"},"_links":{"self":[{"href":"https:\/\/proliquidpc.com\/fr\/wp-json\/wp\/v2\/product\/8849","targetHints":{"allow":["GET"]}}],"collection":[{"href":"https:\/\/proliquidpc.com\/fr\/wp-json\/wp\/v2\/product"}],"about":[{"href":"https:\/\/proliquidpc.com\/fr\/wp-json\/wp\/v2\/types\/product"}],"wp:featuredmedia":[{"embeddable":true,"href":"https:\/\/proliquidpc.com\/fr\/wp-json\/wp\/v2\/media\/8850"}],"wp:attachment":[{"href":"https:\/\/proliquidpc.com\/fr\/wp-json\/wp\/v2\/media?parent=8849"}],"wp:term":[{"taxonomy":"product_brand","embeddable":true,"href":"https:\/\/proliquidpc.com\/fr\/wp-json\/wp\/v2\/product_brand?post=8849"},{"taxonomy":"product_cat","embeddable":true,"href":"https:\/\/proliquidpc.com\/fr\/wp-json\/wp\/v2\/product_cat?post=8849"},{"taxonomy":"product_tag","embeddable":true,"href":"https:\/\/proliquidpc.com\/fr\/wp-json\/wp\/v2\/product_tag?post=8849"}],"curies":[{"name":"wp","href":"https:\/\/api.w.org\/{rel}","templated":true}]}}