{"id":8872,"date":"2024-10-30T17:01:14","date_gmt":"2024-10-30T21:01:14","guid":{"rendered":"https:\/\/dev.proliquidpc.com\/boutique\/non%20class\u00e9\/barrow-12-8mm-acrylique-hardtube-yk12-8l-500mm-transparent\/"},"modified":"2025-08-16T18:49:29","modified_gmt":"2025-08-16T22:49:29","slug":"barrow-12-8mm-acrylique-hardtube-yk12-8l-500mm-transparent","status":"publish","type":"product","link":"https:\/\/proliquidpc.com\/fr\/boutique\/tubing\/hard-tubing-acrylique-pmma\/barrow-12-8mm-acrylique-hardtube-yk12-8l-500mm-transparent\/","title":{"rendered":"Barrow 12\/8mm Acrylique HardTube YK12-8L &#8211; 500mm &#8211; Transparent"},"content":{"rendered":"<p>Tube en acrylique<\/p>\n<p>\u00c0 utiliser avec les fittings de la s\u00e9rie de connexions de hard tubing Barrow G1\/4&Prime;<\/p>\n<p>Convient aux projets avec tubes rigides Une fois que l&rsquo;utilisateur a coup\u00e9 le tuyau \u00e0 la taille appropri\u00e9e, veuillez effectuer un pon\u00e7age primaire aux deux extr\u00e9mit\u00e9s du corps du tuyau. Assurez-vous de garder la coupe lisse et non tranchante, sinon elle percerait la bague d&rsquo;\u00e9tanch\u00e9it\u00e9 int\u00e9rieure du joint et provoquerait des dangers cach\u00e9s.<\/p>\n<p>Les tuyaux en acrylique Barrow sont fabriqu\u00e9s en stricte conformit\u00e9 avec les normes de l&rsquo;industrie. Tous les produits sont fabriqu\u00e9s \u00e0 partir de nouvelles mati\u00e8res premi\u00e8res, avec une excellente transmission de la lumi\u00e8re, une bonne r\u00e9sistance aux temp\u00e9ratures \u00e9lev\u00e9es, une qualit\u00e9 d&rsquo;apparence de haute qualit\u00e9 et les normes et dimensions de contr\u00f4le des rayures et des rayures les plus strictes de l&rsquo;industrie. La norme de contr\u00f4le de rondeur, en particulier le contr\u00f4le strict de la tol\u00e9rance dimensionnelle, garantit l&rsquo;effet de correspondance avec le joint et \u00e9limine les fuites d&rsquo;eau caus\u00e9es par le tube ovale.<\/p>\n","protected":false},"excerpt":{"rendered":"<p>Tube en acrylique \u00c0 utiliser avec les fittings de la s\u00e9rie de connexions de hard tubing Barrow G1\/4&Prime; Convient aux projets avec tubes rigides Une fois que l&rsquo;utilisateur a coup\u00e9 le tuyau \u00e0 la taille appropri\u00e9e, veuillez effectuer un pon\u00e7age primaire aux deux extr\u00e9mit\u00e9s du corps du tuyau. Assurez-vous de garder la coupe lisse et [&hellip;]<\/p>\n","protected":false},"featured_media":8873,"template":"","meta":{"_genesis_hide_title":false,"_genesis_hide_breadcrumbs":false,"_genesis_hide_singular_image":false,"_genesis_hide_footer_widgets":false,"_genesis_custom_body_class":"","_genesis_custom_post_class":"","_genesis_layout":""},"product_brand":[233],"product_cat":[76,27],"product_tag":[],"class_list":{"0":"post-8872","1":"product","2":"type-product","3":"status-publish","4":"has-post-thumbnail","6":"product_brand-barrow","7":"product_cat-hard-tubing-acrylique-pmma","8":"product_cat-tubing","9":"entry","11":"first","12":"instock","13":"taxable","14":"shipping-taxable","15":"purchasable","16":"product-type-simple"},"_links":{"self":[{"href":"https:\/\/proliquidpc.com\/fr\/wp-json\/wp\/v2\/product\/8872","targetHints":{"allow":["GET"]}}],"collection":[{"href":"https:\/\/proliquidpc.com\/fr\/wp-json\/wp\/v2\/product"}],"about":[{"href":"https:\/\/proliquidpc.com\/fr\/wp-json\/wp\/v2\/types\/product"}],"wp:featuredmedia":[{"embeddable":true,"href":"https:\/\/proliquidpc.com\/fr\/wp-json\/wp\/v2\/media\/8873"}],"wp:attachment":[{"href":"https:\/\/proliquidpc.com\/fr\/wp-json\/wp\/v2\/media?parent=8872"}],"wp:term":[{"taxonomy":"product_brand","embeddable":true,"href":"https:\/\/proliquidpc.com\/fr\/wp-json\/wp\/v2\/product_brand?post=8872"},{"taxonomy":"product_cat","embeddable":true,"href":"https:\/\/proliquidpc.com\/fr\/wp-json\/wp\/v2\/product_cat?post=8872"},{"taxonomy":"product_tag","embeddable":true,"href":"https:\/\/proliquidpc.com\/fr\/wp-json\/wp\/v2\/product_tag?post=8872"}],"curies":[{"name":"wp","href":"https:\/\/api.w.org\/{rel}","templated":true}]}}