{"id":8876,"date":"2024-10-30T17:01:14","date_gmt":"2024-10-30T21:01:14","guid":{"rendered":"https:\/\/dev.proliquidpc.com\/boutique\/non%20class\u00e9\/barrow-14-10mm-acrylique-hard-tubing-yk14-10l-1000mm-transparent\/"},"modified":"2026-04-03T16:10:25","modified_gmt":"2026-04-03T20:10:25","slug":"barrow-14-10mm-acrylique-hard-tubing-yk14-10l-1000mm-transparent","status":"publish","type":"product","link":"https:\/\/proliquidpc.com\/fr\/boutique\/tubing\/hard-tubing-acrylique-pmma\/barrow-14-10mm-acrylique-hard-tubing-yk14-10l-1000mm-transparent\/","title":{"rendered":"Barrow 14\/10mm Acrylique Hard tubing YK14-10L &#8211; 1000mm &#8211; Transparent"},"content":{"rendered":"<p>Fabriqu\u00e9s \u00e0 partir d&rsquo;un mat\u00e9riau acrylique dur, les tubes Hardline constituent un moyen plus propre et plus pr\u00e9cis de tuber votre syst\u00e8me. Vous pouvez plier ou fa\u00e7onner des tubes durs \u00e0 l\u2019aide d\u2019un cordon de cintrage, d\u2019un pistolet thermique et d\u2019un outil de cintrage. M\u00eame si l&rsquo;utilisation de tubes rigides dans votre construction pr\u00e9sente de nouveaux d\u00e9fis, les r\u00e9sultats parlent d&rsquo;eux-m\u00eames<\/p>\n","protected":false},"excerpt":{"rendered":"<p>Fabriqu\u00e9s \u00e0 partir d&rsquo;un mat\u00e9riau acrylique dur, les tubes Hardline constituent un moyen plus propre et plus pr\u00e9cis de tuber votre syst\u00e8me. Vous pouvez plier ou fa\u00e7onner des tubes durs \u00e0 l\u2019aide d\u2019un cordon de cintrage, d\u2019un pistolet thermique et d\u2019un outil de cintrage. M\u00eame si l&rsquo;utilisation de tubes rigides dans votre construction pr\u00e9sente de [&hellip;]<\/p>\n","protected":false},"featured_media":8873,"template":"","meta":{"_genesis_hide_title":false,"_genesis_hide_breadcrumbs":false,"_genesis_hide_singular_image":false,"_genesis_hide_footer_widgets":false,"_genesis_custom_body_class":"","_genesis_custom_post_class":"","_genesis_layout":""},"product_brand":[233],"product_cat":[76,27],"product_tag":[],"class_list":{"0":"post-8876","1":"product","2":"type-product","3":"status-publish","4":"has-post-thumbnail","6":"product_brand-barrow","7":"product_cat-hard-tubing-acrylique-pmma","8":"product_cat-tubing","9":"entry","11":"first","12":"instock","13":"taxable","14":"shipping-taxable","15":"purchasable","16":"product-type-simple"},"_links":{"self":[{"href":"https:\/\/proliquidpc.com\/fr\/wp-json\/wp\/v2\/product\/8876","targetHints":{"allow":["GET"]}}],"collection":[{"href":"https:\/\/proliquidpc.com\/fr\/wp-json\/wp\/v2\/product"}],"about":[{"href":"https:\/\/proliquidpc.com\/fr\/wp-json\/wp\/v2\/types\/product"}],"wp:featuredmedia":[{"embeddable":true,"href":"https:\/\/proliquidpc.com\/fr\/wp-json\/wp\/v2\/media\/8873"}],"wp:attachment":[{"href":"https:\/\/proliquidpc.com\/fr\/wp-json\/wp\/v2\/media?parent=8876"}],"wp:term":[{"taxonomy":"product_brand","embeddable":true,"href":"https:\/\/proliquidpc.com\/fr\/wp-json\/wp\/v2\/product_brand?post=8876"},{"taxonomy":"product_cat","embeddable":true,"href":"https:\/\/proliquidpc.com\/fr\/wp-json\/wp\/v2\/product_cat?post=8876"},{"taxonomy":"product_tag","embeddable":true,"href":"https:\/\/proliquidpc.com\/fr\/wp-json\/wp\/v2\/product_tag?post=8876"}],"curies":[{"name":"wp","href":"https:\/\/api.w.org\/{rel}","templated":true}]}}