{"id":8882,"date":"2024-10-30T17:01:14","date_gmt":"2024-10-30T21:01:14","guid":{"rendered":"https:\/\/dev.proliquidpc.com\/boutique\/non%20class\u00e9\/controleur-led-rgb-barrow-avec-telecommande-molex-4-broches-zdkzq\/"},"modified":"2025-03-09T21:46:55","modified_gmt":"2025-03-10T01:46:55","slug":"controleur-led-rgb-barrow-avec-telecommande-molex-4-broches-zdkzq","status":"publish","type":"product","link":"https:\/\/proliquidpc.com\/fr\/boutique\/led-controleurs\/12-volt\/controleur-led-rgb-barrow-avec-telecommande-molex-4-broches-zdkzq\/","title":{"rendered":"Contr\u00f4leur LED RGB Barrow avec t\u00e9l\u00e9commande &#8211; Molex 4 broches &#8211; ZDKZQ"},"content":{"rendered":"<p>Contr\u00f4lez facilement la vitesse, la luminosit\u00e9 et la couleur des bandes LED Barrow RGB, des LED uniques, etc. avec ce contr\u00f4leur RGB. La micro-carte de contr\u00f4le en fait un appareil tr\u00e8s compact et simple \u00e0 utiliser. La t\u00e9l\u00e9commande RF vous permet de modifier facilement les param\u00e8tres tout en gardant vos c\u00e2bles bien g\u00e9r\u00e9s et rang\u00e9s. Vous avez le choix entre plusieurs modes, notamment fixe, clignotant, puls\u00e9, etc.<\/p>\n","protected":false},"excerpt":{"rendered":"<p>Contr\u00f4lez facilement la vitesse, la luminosit\u00e9 et la couleur des bandes LED Barrow RGB, des LED uniques, etc. avec ce contr\u00f4leur RGB. La micro-carte de contr\u00f4le en fait un appareil tr\u00e8s compact et simple \u00e0 utiliser. La t\u00e9l\u00e9commande RF vous permet de modifier facilement les param\u00e8tres tout en gardant vos c\u00e2bles bien g\u00e9r\u00e9s et rang\u00e9s. [&hellip;]<\/p>\n","protected":false},"featured_media":8883,"template":"","meta":{"_genesis_hide_title":false,"_genesis_hide_breadcrumbs":false,"_genesis_hide_singular_image":false,"_genesis_hide_footer_widgets":false,"_genesis_custom_body_class":"","_genesis_custom_post_class":"","_genesis_layout":""},"product_brand":[233],"product_cat":[49,25],"product_tag":[],"class_list":{"0":"post-8882","1":"product","2":"type-product","3":"status-publish","4":"has-post-thumbnail","6":"product_brand-barrow","7":"product_cat-12-volt","8":"product_cat-led-controleurs","9":"entry","11":"first","12":"instock","13":"taxable","14":"shipping-taxable","15":"purchasable","16":"product-type-simple"},"_links":{"self":[{"href":"https:\/\/proliquidpc.com\/fr\/wp-json\/wp\/v2\/product\/8882","targetHints":{"allow":["GET"]}}],"collection":[{"href":"https:\/\/proliquidpc.com\/fr\/wp-json\/wp\/v2\/product"}],"about":[{"href":"https:\/\/proliquidpc.com\/fr\/wp-json\/wp\/v2\/types\/product"}],"wp:featuredmedia":[{"embeddable":true,"href":"https:\/\/proliquidpc.com\/fr\/wp-json\/wp\/v2\/media\/8883"}],"wp:attachment":[{"href":"https:\/\/proliquidpc.com\/fr\/wp-json\/wp\/v2\/media?parent=8882"}],"wp:term":[{"taxonomy":"product_brand","embeddable":true,"href":"https:\/\/proliquidpc.com\/fr\/wp-json\/wp\/v2\/product_brand?post=8882"},{"taxonomy":"product_cat","embeddable":true,"href":"https:\/\/proliquidpc.com\/fr\/wp-json\/wp\/v2\/product_cat?post=8882"},{"taxonomy":"product_tag","embeddable":true,"href":"https:\/\/proliquidpc.com\/fr\/wp-json\/wp\/v2\/product_tag?post=8882"}],"curies":[{"name":"wp","href":"https:\/\/api.w.org\/{rel}","templated":true}]}}