{"id":9701,"date":"2025-02-09T15:24:50","date_gmt":"2025-02-09T20:24:50","guid":{"rendered":"https:\/\/proliquidpc.com\/?post_type=product&#038;p=9701"},"modified":"2025-02-10T21:26:50","modified_gmt":"2025-02-11T02:26:50","slug":"modmymods-liquide-de-refroidissement-bleu-uv-1-litre","status":"publish","type":"product","link":"https:\/\/proliquidpc.com\/fr\/boutique\/liquides\/premixe\/modmymods-liquide-de-refroidissement-bleu-uv-1-litre\/","title":{"rendered":"ModMyMods Liquide de refroidissement &#8211; Bleu UV &#8211; 1 litre"},"content":{"rendered":"<p>Avec le liquide de refroidissement pour PC ModWater Premium, vous pouvez \u00eatre s\u00fbr que votre PC restera frais et aura fi\u00e8re allure en le faisant.<\/p>\n<p>La sortie tant attendue de ModWater est exactement ce que son nom sugg\u00e8re : un liquide de refroidissement sp\u00e9cialement con\u00e7u pour les syst\u00e8mes de refroidissement par eau des PC. Cela commence par le meilleur : de l&rsquo;eau purifi\u00e9e par notre syst\u00e8me de purification\/d\u00e9ionisation de l&rsquo;eau con\u00e7u en interne. Nous avons affin\u00e9 notre processus pour produire le liquide de refroidissement le plus pur et non adult\u00e9r\u00e9 pour prot\u00e9ger votre syst\u00e8me. Test\u00e9 \u00e0 la main pour garantir sa faible conductivit\u00e9 avant chaque lot, ModWater est garanti au moment de l&#8217;embouteillage de ne jamais d\u00e9passer 0,05 ppm (parties par million) de solides dissous totaux, ce qui en fait l&rsquo;un des liquides de refroidissement pour PC les plus purs et de la plus haute qualit\u00e9 !<\/p>\n<p>Un m\u00e9lange unique d&rsquo;additifs a \u00e9t\u00e9 formul\u00e9 pour offrir la meilleure protection pour votre investissement. La formule non toxique combine des propri\u00e9t\u00e9s anti-corrosion pour rester claire et belle, tout en prot\u00e9geant les composants de votre syst\u00e8me contre la d\u00e9gradation au fil du temps.<\/p>\n<p>Disponible en plusieurs couleurs, le liquide de refroidissement pour PC ModWater est con\u00e7u pour une utilisation \u00e0 long terme dans votre PC.<\/p>\n<p>Tous les liquides de refroidissement ModWater offrent le meilleur en mati\u00e8re de refroidissement et de protection des boucles pour PC :<\/p>\n<ul>\n<li>Parfait pour tous les syst\u00e8mes de refroidissement pour PC<\/li>\n<li>S\u00fbr pour les animaux de compagnie et les humains<\/li>\n<li>Protection contre la corrosion<\/li>\n<li>Prot\u00e8ge tous les m\u00e9taux utilis\u00e9s dans les syst\u00e8mes de refroidissement actuels<\/li>\n<li>Compatible avec les tubes PETG<\/li>\n<li>Protection contre le gel (-5\u00b0C \/ 23\u00b0F)<\/li>\n<li>pH neutre : 6 \u2013 8<\/li>\n<li>Dur\u00e9e de vie de 3 ans<\/li>\n<\/ul>\n<p>Remarque : Ne pas utiliser si le cuivre\/le cuivre plaqu\u00e9 nickel et l&rsquo;aluminium sont dans la m\u00eame boucle de refroidissement !<\/p>\n","protected":false},"excerpt":{"rendered":"<p>Avec le liquide de refroidissement pour PC ModWater Premium, vous pouvez \u00eatre s\u00fbr que votre PC restera frais et aura fi\u00e8re allure en le faisant. La sortie tant attendue de ModWater est exactement ce que son nom sugg\u00e8re : un liquide de refroidissement sp\u00e9cialement con\u00e7u pour les syst\u00e8mes de refroidissement par eau des PC. Cela [&hellip;]<\/p>\n","protected":false},"featured_media":9580,"template":"","meta":{"_genesis_hide_title":false,"_genesis_hide_breadcrumbs":false,"_genesis_hide_singular_image":false,"_genesis_hide_footer_widgets":false,"_genesis_custom_body_class":"","_genesis_custom_post_class":"","_genesis_layout":""},"product_brand":[],"product_cat":[66,67],"product_tag":[],"class_list":{"0":"post-9701","1":"product","2":"type-product","3":"status-publish","4":"has-post-thumbnail","6":"product_cat-liquides","7":"product_cat-premixe","8":"entry","10":"first","11":"instock","12":"taxable","13":"shipping-taxable","14":"purchasable","15":"product-type-simple"},"_links":{"self":[{"href":"https:\/\/proliquidpc.com\/fr\/wp-json\/wp\/v2\/product\/9701","targetHints":{"allow":["GET"]}}],"collection":[{"href":"https:\/\/proliquidpc.com\/fr\/wp-json\/wp\/v2\/product"}],"about":[{"href":"https:\/\/proliquidpc.com\/fr\/wp-json\/wp\/v2\/types\/product"}],"wp:featuredmedia":[{"embeddable":true,"href":"https:\/\/proliquidpc.com\/fr\/wp-json\/wp\/v2\/media\/9580"}],"wp:attachment":[{"href":"https:\/\/proliquidpc.com\/fr\/wp-json\/wp\/v2\/media?parent=9701"}],"wp:term":[{"taxonomy":"product_brand","embeddable":true,"href":"https:\/\/proliquidpc.com\/fr\/wp-json\/wp\/v2\/product_brand?post=9701"},{"taxonomy":"product_cat","embeddable":true,"href":"https:\/\/proliquidpc.com\/fr\/wp-json\/wp\/v2\/product_cat?post=9701"},{"taxonomy":"product_tag","embeddable":true,"href":"https:\/\/proliquidpc.com\/fr\/wp-json\/wp\/v2\/product_tag?post=9701"}],"curies":[{"name":"wp","href":"https:\/\/api.w.org\/{rel}","templated":true}]}}