{"id":9704,"date":"2025-02-09T15:47:03","date_gmt":"2025-02-09T20:47:03","guid":{"rendered":"https:\/\/proliquidpc.com\/?post_type=product&#038;p=9704"},"modified":"2025-02-10T21:32:04","modified_gmt":"2025-02-11T02:32:04","slug":"ek-cryofuel-solid-fire-orange-pre-melange-1000ml","status":"publish","type":"product","link":"https:\/\/proliquidpc.com\/fr\/boutique\/liquides\/premixe\/ek-cryofuel-solid-fire-orange-pre-melange-1000ml\/","title":{"rendered":"EK-CryoFuel Solid Fire Orange (Pr\u00e9-m\u00e9lang\u00e9 1000mL)"},"content":{"rendered":"<p><strong>Voici les d\u00e9tails pour l&rsquo;EK-CryoFuel Solid Fire Orange (Pr\u00e9-m\u00e9lang\u00e9 1000mL) :<\/strong><\/p>\n<p>Les liquides de refroidissement EK-CryoFuel Solid non-transparents sont tous bas\u00e9s sur une nouvelle formule en attente de brevet avec une stabilit\u00e9 de couleur vive et durable. Le liquide de refroidissement contient tout ce qu&rsquo;un syst\u00e8me de refroidissement liquide haut de gamme n\u00e9cessite pour des performances thermiques efficaces et pour fournir la protection n\u00e9cessaire \u00e0 vos water blocks. Il contient des inhibiteurs de corrosion synergiques essentiels, favorisant ainsi une longue dur\u00e9e de vie op\u00e9rationnelle et une haute efficacit\u00e9 thermique pour vos produits de refroidissement liquide.<\/p>\n<p><img decoding=\"async\" src=\"https:\/\/www.ekwb.com\/shop\/media\/wysiwyg\/EK-CryoFuel-Solid-Fire-Orange-_Premix-1000mL_-Intext1.jpg\" alt=\"\" \/><\/p>\n<p>Apr\u00e8s de nombreuses heures de tests en interne et par des tiers dans des sc\u00e9narios r\u00e9els, l&rsquo;EK-CryoFuel Solid est le liquide de refroidissement le plus stable chimiquement, offrant aux passionn\u00e9s le meilleur niveau de performance et d&rsquo;efficacit\u00e9 thermique avec un accent sur la stabilit\u00e9 des couleurs. La caract\u00e9ristique cl\u00e9 de la nouvelle formule de liquide de refroidissement est qu&rsquo;elle ne se s\u00e9dimente pas apr\u00e8s de longues heures d&rsquo;inactivit\u00e9 de la boucle de refroidissement. Con\u00e7u sp\u00e9cifiquement pour les syst\u00e8mes de refroidissement liquide pour ordinateurs, l&rsquo;EK-CryoFuel offre une dur\u00e9e de vie de 4 ans \u00e0 partir de la date d&#8217;embouteillage.<\/p>\n<p>L&rsquo;EK-CryoFuel est un pr\u00e9-m\u00e9lange complet qui pr\u00e9sente les caract\u00e9ristiques cl\u00e9s suivantes :<\/p>\n<ul>\n<li>Contient des inhibiteurs de corrosion et de tartre<\/li>\n<li>Bonnes caract\u00e9ristiques de transfert de chaleur<\/li>\n<li>Les pigments de couleur ne laissent pas de r\u00e9sidus<\/li>\n<li>Haute capacit\u00e9 thermique<\/li>\n<li>Chimiquement stable<\/li>\n<li>Faible viscosit\u00e9<\/li>\n<li>Non toxique<\/li>\n<\/ul>\n<p>Tous les m\u00e9langes EK-CryoFuel sont biod\u00e9gradables (90 % en 10 jours) et ne resteront pas dans l&rsquo;environnement ni ne s&rsquo;accumuleront dans la cha\u00eene alimentaire.<\/p>\n<p>L&rsquo;EK-CryoFuel contient des inhibiteurs de corrosion synergiques pour prot\u00e9ger les m\u00e9taux couramment utilis\u00e9s dans les syst\u00e8mes de refroidissement liquide pour ordinateurs. Il a \u00e9t\u00e9 test\u00e9 conform\u00e9ment \u00e0 la norme BS5117 (ASTM D1384) et a \u00e9t\u00e9 trouv\u00e9 conforme aux normes de corrosion pour le cuivre, le laiton et l&rsquo;acier inoxydable.<\/p>\n<p>Caract\u00e9ristiques :<\/p>\n<ul>\n<li>Faible conductivit\u00e9 \u00e9lectrique<\/li>\n<li>Protection contre la corrosion selon les normes BS5117 (ASTM D1384)<\/li>\n<li>Pigments concentr\u00e9s de haute qualit\u00e9 pour des couleurs intenses, vives et satur\u00e9es<\/li>\n<li>Compatible avec les mat\u00e9riaux acryliques, PETG, POM Acetal, caoutchouc (NBR, EPDM et Norprene)<\/li>\n<li>\u00c9cologique (biod\u00e9gradable \u00e0 90 % en 10 jours)<\/li>\n<li>Conforme \u00e0 la r\u00e9glementation REACH<\/li>\n<li>Dur\u00e9e de vie de 4 ans apr\u00e8s l&#8217;embouteillage<\/li>\n<li>R\u00e9actif aux UV : Non<\/li>\n<\/ul>\n<p>Donn\u00e9es techniques :<\/p>\n<ul>\n<li>Couleur : Orange (non transparent)<\/li>\n<li>Contenu : 1000 mL<\/li>\n<\/ul>\n<p><strong>REMARQUE :<\/strong><\/p>\n<ul>\n<li>Il est fortement recommand\u00e9 de changer le liquide de refroidissement au moins tous les 12 mois.<\/li>\n<li>Ne pas rincer toute la boucle avec de l&rsquo;eau distill\u00e9e. Utilisez plut\u00f4t la solution EK-Cryofuel Superflush.<\/li>\n<li>Pour une stabilit\u00e9 accrue des couleurs, EK recommande fortement de ne pas rincer votre boucle avec des produits chimiques agressifs, du vinaigre, etc. avant d&rsquo;utiliser l&rsquo;EK-CryoFuel.<\/li>\n<li>\u00c0 l&rsquo;exception des radiateurs, il n&rsquo;est pas sugg\u00e9r\u00e9 de rincer les nouveaux composants de refroidissement liquide.<\/li>\n<li>Laisser des ports ouverts dans votre boucle peut provoquer l&rsquo;\u00e9vaporation des additifs protecteurs du liquide de refroidissement.<\/li>\n<li>Ouvrir des ports n&rsquo;aide pas \u00e0 purger l&rsquo;air de votre boucle.<\/li>\n<li>Si le niveau de liquide du r\u00e9servoir baisse lentement dans les semaines suivant le remplissage de la boucle, cela est g\u00e9n\u00e9ralement d\u00fb \u00e0 l&rsquo;air pi\u00e9g\u00e9 \u00e0 l&rsquo;int\u00e9rieur des composants de la boucle (le plus souvent les radiateurs) qui est remplac\u00e9 par le liquide de refroidissement du r\u00e9servoir. Remplissez votre r\u00e9servoir pour vous assurer d&rsquo;avoir une r\u00e9serve pour l&rsquo;avenir.<\/li>\n<li>Avant d&rsquo;introduire un liquide de refroidissement d&rsquo;une couleur diff\u00e9rente dans votre boucle, utilisez le nettoyant de boucle EK-CryoFuel + Superflush.<\/li>\n<li>Non compatible avec la solution de nettoyage Mayhems Blitz !<\/li>\n<li>Agitez avant utilisation !<\/li>\n<li>Ne pas m\u00e9langer avec d&rsquo;autres liquides de refroidissement de la s\u00e9rie EK-CryoFuel !<\/li>\n<li>N&rsquo;ajoutez pas de biocides \u00e0 l&rsquo;EK-CryoFuel car le produit contient d\u00e9j\u00e0 de tels additifs ! Le non-respect de cette consigne pourrait entra\u00eener la d\u00e9gradation de la teinture et du liquide de refroidissement.<\/li>\n<li>La dur\u00e9e de vie prolong\u00e9e de 4 ans s&rsquo;applique \u00e9galement \u00e0 tous les liquides de refroidissement avec l&rsquo;ancien \u00e9tiquetage indiquant encore une dur\u00e9e de vie plus courte du produit.<\/li>\n<li>Avant d&rsquo;utiliser votre nouveau liquide de refroidissement CryoFuel, EK conseille de consulter ce guide vid\u00e9o sur la pr\u00e9paration d&rsquo;une boucle.<\/li>\n<\/ul>\n","protected":false},"excerpt":{"rendered":"<p>Voici les d\u00e9tails pour l&rsquo;EK-CryoFuel Solid Fire Orange (Pr\u00e9-m\u00e9lang\u00e9 1000mL) : Les liquides de refroidissement EK-CryoFuel Solid non-transparents sont tous bas\u00e9s sur une nouvelle formule en attente de brevet avec une stabilit\u00e9 de couleur vive et durable. Le liquide de refroidissement contient tout ce qu&rsquo;un syst\u00e8me de refroidissement liquide haut de gamme n\u00e9cessite pour des [&hellip;]<\/p>\n","protected":false},"featured_media":9598,"template":"","meta":{"_genesis_hide_title":false,"_genesis_hide_breadcrumbs":false,"_genesis_hide_singular_image":false,"_genesis_hide_footer_widgets":false,"_genesis_custom_body_class":"","_genesis_custom_post_class":"","_genesis_layout":""},"product_brand":[],"product_cat":[66,67],"product_tag":[],"class_list":{"0":"post-9704","1":"product","2":"type-product","3":"status-publish","4":"has-post-thumbnail","6":"product_cat-liquides","7":"product_cat-premixe","8":"entry","10":"first","11":"instock","12":"taxable","13":"shipping-taxable","14":"purchasable","15":"product-type-simple"},"_links":{"self":[{"href":"https:\/\/proliquidpc.com\/fr\/wp-json\/wp\/v2\/product\/9704","targetHints":{"allow":["GET"]}}],"collection":[{"href":"https:\/\/proliquidpc.com\/fr\/wp-json\/wp\/v2\/product"}],"about":[{"href":"https:\/\/proliquidpc.com\/fr\/wp-json\/wp\/v2\/types\/product"}],"wp:featuredmedia":[{"embeddable":true,"href":"https:\/\/proliquidpc.com\/fr\/wp-json\/wp\/v2\/media\/9598"}],"wp:attachment":[{"href":"https:\/\/proliquidpc.com\/fr\/wp-json\/wp\/v2\/media?parent=9704"}],"wp:term":[{"taxonomy":"product_brand","embeddable":true,"href":"https:\/\/proliquidpc.com\/fr\/wp-json\/wp\/v2\/product_brand?post=9704"},{"taxonomy":"product_cat","embeddable":true,"href":"https:\/\/proliquidpc.com\/fr\/wp-json\/wp\/v2\/product_cat?post=9704"},{"taxonomy":"product_tag","embeddable":true,"href":"https:\/\/proliquidpc.com\/fr\/wp-json\/wp\/v2\/product_tag?post=9704"}],"curies":[{"name":"wp","href":"https:\/\/api.w.org\/{rel}","templated":true}]}}