{"id":9707,"date":"2025-02-09T16:03:40","date_gmt":"2025-02-09T21:03:40","guid":{"rendered":"https:\/\/proliquidpc.com\/?post_type=product&#038;p=9707"},"modified":"2025-04-30T12:46:39","modified_gmt":"2025-04-30T16:46:39","slug":"ek-cryofuel-blood-red-pre-melange-1000ml","status":"publish","type":"product","link":"https:\/\/proliquidpc.com\/fr\/boutique\/liquides\/premixe\/ek-cryofuel-blood-red-pre-melange-1000ml\/","title":{"rendered":"EK-CryoFuel Blood Red (Pr\u00e9-m\u00e9lang\u00e9 1000mL)"},"content":{"rendered":"<p><strong>Voici les d\u00e9tails pour l&rsquo;EK-CryoFuel :<\/strong><\/p>\n<p>L&rsquo;EK-CryoFuel contient \u00e9galement des inhibiteurs de corrosion synergiques pour prot\u00e9ger les m\u00e9taux couramment utilis\u00e9s dans les syst\u00e8mes de refroidissement liquide pour ordinateurs. Il a \u00e9t\u00e9 test\u00e9 conform\u00e9ment \u00e0 la norme BS5117 (ASTM D1384) et a \u00e9t\u00e9 trouv\u00e9 conforme aux normes de corrosion pour le cuivre, le laiton, l&rsquo;aluminium et l&rsquo;acier inoxydable. Le liquide de refroidissement contient tout ce qu&rsquo;un syst\u00e8me de refroidissement liquide haut de gamme n\u00e9cessite pour des performances thermiques efficaces et pour fournir la protection n\u00e9cessaire \u00e0 vos water blocks.<\/p>\n<p><img decoding=\"async\" src=\"https:\/\/www.ekwb.com\/shop\/media\/wysiwyg\/EK-CryoFuel-Clear-_Premix-1000mL_-intext3.jpg\" alt=\"\" \/><\/p>\n<p>Tous les m\u00e9langes EK-CryoFuel sont biod\u00e9gradables (90 % en 10 jours) et ne resteront pas dans l&rsquo;environnement ni ne causeront d&rsquo;accumulation biologique. L&rsquo;EK-CryoFuel offre une dur\u00e9e de vie de 4 ans \u00e0 partir de la date d&#8217;embouteillage.<\/p>\n<p><img decoding=\"async\" src=\"https:\/\/www.ekwb.com\/shop\/media\/wysiwyg\/EK-CryoFuel-Blood-Red-_Premix-1000mL_-intext.png\" alt=\"\" \/><\/p>\n<p>EK recommande l&rsquo;utilisation de la bouteille de remplissage con\u00e7ue pour faciliter le processus de remplissage de la boucle.<\/p>\n<p>Caract\u00e9ristiques :<\/p>\n<ul>\n<li>Faible conductivit\u00e9 \u00e9lectrique<\/li>\n<li>Protection contre la corrosion selon les normes BS5117 (ASTM D1384)<\/li>\n<li>Pigments concentr\u00e9s de haute qualit\u00e9 pour des couleurs intenses, vives et satur\u00e9es<\/li>\n<li>Compatible avec les mat\u00e9riaux acryliques, PETG, POM Acetal, caoutchouc (NBR, EPDM et Norprene)<\/li>\n<li>\u00c9cologique (biod\u00e9gradable \u00e0 90 % en 10 jours)<\/li>\n<li>Conforme \u00e0 la r\u00e9glementation REACH<\/li>\n<li>Dur\u00e9e de vie de 4 ans apr\u00e8s l&#8217;embouteillage<\/li>\n<\/ul>\n<p>Donn\u00e9es techniques :<\/p>\n<ul>\n<li>Couleur : Rouge sang (transparent)<\/li>\n<li>Contenu : 1000 mL<\/li>\n<li>Conductivit\u00e9 \u00e9lectrique (mS\/cm) : 1,04 \u00b110 %<\/li>\n<li>R\u00e9actif aux UV : Non<\/li>\n<li>pH neutre : 6 &#8211; 8<\/li>\n<li>Temp\u00e9rature de d\u00e9composition : &gt;65\u00b0C (&gt;150\u00b0F)*<\/li>\n<li>Plage de temp\u00e9rature d&rsquo;utilisation recommand\u00e9e : 5 \u00e0 60\u00b0C (40 \u00e0 140\u00b0F)<\/li>\n<\/ul>\n<p>*La temp\u00e9rature de d\u00e9composition est le seuil de temp\u00e9rature auquel la d\u00e9gradation des composants individuels (colorant, conservateurs) dans la solution peut commencer \u00e0 se produire. De plus, la vaporisation du liquide commence \u00e0 cette temp\u00e9rature.<\/p>\n<p><strong>REMARQUE :<\/strong><\/p>\n<ul>\n<li>Il est fortement recommand\u00e9 de changer le liquide de refroidissement au moins tous les 12 mois.<\/li>\n<li>Ne pas rincer toute la boucle avec de l&rsquo;eau distill\u00e9e. Utilisez plut\u00f4t la solution EK-Cryofuel Superflush.<\/li>\n<li>Pour une stabilit\u00e9 accrue des couleurs, EK recommande fortement de ne pas rincer votre boucle avec des produits chimiques agressifs, du vinaigre, etc. avant d&rsquo;utiliser l&rsquo;EK-CryoFuel.<\/li>\n<li>\u00c0 l&rsquo;exception des radiateurs, il n&rsquo;est pas sugg\u00e9r\u00e9 de rincer les nouveaux composants de refroidissement liquide.<\/li>\n<li>Laisser des ports ouverts dans votre boucle peut provoquer l&rsquo;\u00e9vaporation des additifs protecteurs du liquide de refroidissement.<\/li>\n<li>Ouvrir des ports n&rsquo;aide pas \u00e0 purger l&rsquo;air de votre boucle.<\/li>\n<li>Si le niveau de liquide du r\u00e9servoir baisse lentement dans les semaines suivant le remplissage de la boucle, cela est g\u00e9n\u00e9ralement d\u00fb \u00e0 l&rsquo;air pi\u00e9g\u00e9 \u00e0 l&rsquo;int\u00e9rieur des composants de la boucle (le plus souvent les radiateurs) qui est remplac\u00e9 par le liquide de refroidissement du r\u00e9servoir. Remplissez votre r\u00e9servoir pour vous assurer d&rsquo;avoir une r\u00e9serve pour l&rsquo;avenir.<\/li>\n<li>Avant d&rsquo;introduire un liquide de refroidissement d&rsquo;une couleur diff\u00e9rente dans votre boucle, utilisez le nettoyant de boucle EK-CryoFuel + Superflush.<\/li>\n<li>Non compatible avec la solution de nettoyage Mayhems Blitz !<\/li>\n<li>Agitez avant utilisation !<\/li>\n<li>Ne pas m\u00e9langer avec d&rsquo;autres liquides de refroidissement de la s\u00e9rie EK-CryoFuel !<\/li>\n<li>N&rsquo;ajoutez pas de biocides \u00e0 l&rsquo;EK-CryoFuel car le produit contient d\u00e9j\u00e0 de tels additifs ! Le non-respect de cette consigne pourrait entra\u00eener la d\u00e9gradation de la teinture et du liquide de refroidissement.<\/li>\n<li>La dur\u00e9e de vie prolong\u00e9e de 4 ans s&rsquo;applique \u00e9galement \u00e0 tous les liquides de refroidissement avec l&rsquo;ancien \u00e9tiquetage indiquant encore une dur\u00e9e de vie plus courte du produit.<\/li>\n<li>Avant d&rsquo;utiliser votre nouveau liquide de refroidissement CryoFuel, EK conseille de consulter ce guide vid\u00e9o sur la pr\u00e9paration d&rsquo;une boucle.<\/li>\n<\/ul>\n","protected":false},"excerpt":{"rendered":"<p>Voici les d\u00e9tails pour l&rsquo;EK-CryoFuel : L&rsquo;EK-CryoFuel contient \u00e9galement des inhibiteurs de corrosion synergiques pour prot\u00e9ger les m\u00e9taux couramment utilis\u00e9s dans les syst\u00e8mes de refroidissement liquide pour ordinateurs. Il a \u00e9t\u00e9 test\u00e9 conform\u00e9ment \u00e0 la norme BS5117 (ASTM D1384) et a \u00e9t\u00e9 trouv\u00e9 conforme aux normes de corrosion pour le cuivre, le laiton, l&rsquo;aluminium et [&hellip;]<\/p>\n","protected":false},"featured_media":9620,"template":"","meta":{"_genesis_hide_title":false,"_genesis_hide_breadcrumbs":false,"_genesis_hide_singular_image":false,"_genesis_hide_footer_widgets":false,"_genesis_custom_body_class":"","_genesis_custom_post_class":"","_genesis_layout":""},"product_brand":[],"product_cat":[66,67],"product_tag":[],"class_list":{"0":"post-9707","1":"product","2":"type-product","3":"status-publish","4":"has-post-thumbnail","6":"product_cat-liquides","7":"product_cat-premixe","8":"entry","10":"first","11":"outofstock","12":"taxable","13":"shipping-taxable","14":"purchasable","15":"product-type-simple"},"_links":{"self":[{"href":"https:\/\/proliquidpc.com\/fr\/wp-json\/wp\/v2\/product\/9707","targetHints":{"allow":["GET"]}}],"collection":[{"href":"https:\/\/proliquidpc.com\/fr\/wp-json\/wp\/v2\/product"}],"about":[{"href":"https:\/\/proliquidpc.com\/fr\/wp-json\/wp\/v2\/types\/product"}],"wp:featuredmedia":[{"embeddable":true,"href":"https:\/\/proliquidpc.com\/fr\/wp-json\/wp\/v2\/media\/9620"}],"wp:attachment":[{"href":"https:\/\/proliquidpc.com\/fr\/wp-json\/wp\/v2\/media?parent=9707"}],"wp:term":[{"taxonomy":"product_brand","embeddable":true,"href":"https:\/\/proliquidpc.com\/fr\/wp-json\/wp\/v2\/product_brand?post=9707"},{"taxonomy":"product_cat","embeddable":true,"href":"https:\/\/proliquidpc.com\/fr\/wp-json\/wp\/v2\/product_cat?post=9707"},{"taxonomy":"product_tag","embeddable":true,"href":"https:\/\/proliquidpc.com\/fr\/wp-json\/wp\/v2\/product_tag?post=9707"}],"curies":[{"name":"wp","href":"https:\/\/api.w.org\/{rel}","templated":true}]}}