{"id":9878,"date":"2025-02-15T03:42:00","date_gmt":"2025-02-15T08:42:00","guid":{"rendered":"https:\/\/proliquidpc.com\/?post_type=product&#038;p=9878"},"modified":"2025-02-15T09:11:58","modified_gmt":"2025-02-15T14:11:58","slug":"ek-loop-fan-fpt-120-noir-550-2300rpm","status":"publish","type":"product","link":"https:\/\/proliquidpc.com\/fr\/boutique\/fans\/ek-loop-fan-fpt-120-noir-550-2300rpm\/","title":{"rendered":"EK-Loop Fan FPT 120 &#8211; Noir (550-2300rpm)"},"content":{"rendered":"<h2>D\u00e9tails<\/h2>\n<div class=\"std\">\n<p>Le ventilateur EK-Loop Fan FPT 120 est un ventilateur de refroidissement d&rsquo;ordinateur de 120 mm \u00e0 haute pression statique, con\u00e7u et fabriqu\u00e9 principalement pour les syst\u00e8mes de refroidissement liquide d&rsquo;ordinateur les plus performants.<\/p>\n<p><img decoding=\"async\" title=\"High performance 140mm radiator fan EK-Loop FPT 140\" src=\"https:\/\/www.ekwb.com\/shop\/media\/wysiwyg\/EK-Loop-Fan-FPT-140-black-Intext3.png\" alt=\"High performance 140mm radiator fan EK-Loop FPT 140\" \/><\/p>\n<p>Les ventilateurs de la s\u00e9rie FPT visent \u00e0 succ\u00e9der compl\u00e8tement aux ventilateurs EK-Vardar, car ils am\u00e9liorent de nombreux aspects tout en restant concentr\u00e9s sur d&rsquo;excellentes performances de radiateur. Ces ventilateurs offrent un rapport performances\/bruit optimis\u00e9 et \u00e9quilibr\u00e9 sur une large plage de fonctionnement.<\/p>\n<p><img decoding=\"async\" title=\"High performance 140mm radiator fan EK-Loop FPT 140\" src=\"https:\/\/www.ekwb.com\/shop\/media\/wysiwyg\/EK-Loop-Fan-FPT-OmniLink-Black-connection-intext_2.jpeg\" alt=\"High performance 140mm radiator fan EK-Loop FPT 140\" \/><\/p>\n<h3>Conception du cadre complet FPT<\/h3>\n<p>Les ventilateurs FPT disposent d&rsquo;une conception de cadre complet qui ne permet pas \u00e0 l&rsquo;air de s&rsquo;\u00e9chapper \u00e0 l&rsquo;ext\u00e9rieur du cadre, obtenant ainsi une meilleure pression statique.<\/p>\n<p><img decoding=\"async\" title=\"High performance 140mm radiator fan EK-Loop FPT 140\" src=\"https:\/\/www.ekwb.com\/shop\/media\/wysiwyg\/EK-Loop-Fan-FPT-full-frame-black-intext.jpeg\" alt=\"High performance 140mm radiator fan EK-Loop FPT 140\" \/><\/p>\n<p>Les coins en caoutchouc sont implant\u00e9s de chaque c\u00f4t\u00e9 du ventilateur pour r\u00e9duire le transfert de vibrations au reste de l&rsquo;ordinateur.<\/p>\n<p><img decoding=\"async\" title=\"Rubber corners EK FPT\" src=\"https:\/\/www.ekwb.com\/shop\/media\/wysiwyg\/EK-Loop-Fan-FPT-Black-damper-back-intext.jpeg\" alt=\"Rubber corners EK FPT\" \/><\/p>\n<p>Le logo EK sur le cadre est appliqu\u00e9 dans deux orientations afin que l&rsquo;utilisateur puisse obtenir l&rsquo;orientation optimale du logo \u00e0 des fins esth\u00e9tiques.<\/p>\n<p><img decoding=\"async\" title=\"High performance 140mm radiator fan EK-Loop FPT 140\" src=\"https:\/\/www.ekwb.com\/shop\/media\/wysiwyg\/EK-Loop-Fan-FPT-dual-logo-intext.jpeg\" alt=\"High performance 140mm radiator fan EK-Loop FPT 140\" \/><\/p>\n<p>Le c\u00e2ble peut \u00eatre d\u00e9plac\u00e9 de l&rsquo;autre c\u00f4t\u00e9 si cela facilite le routage des c\u00e2bles.<\/p>\n<p><img decoding=\"async\" src=\"https:\/\/www.ekwb.com\/shop\/media\/wysiwyg\/EK-Loop-Fan-FPT-DCC-cable-groove-intext.jpg\" alt=\"EK-Loop FPT Cable Option\" \/><\/p>\n<h3>EK-OmniLink<\/h3>\n<p>L&rsquo;EK-OmniLink permet la connexion en cha\u00eene de plusieurs ventilateurs, r\u00e9duisant ainsi l&rsquo;encombrement des c\u00e2bles et facilitant grandement la gestion des c\u00e2bles. L&rsquo;\u00e9cosyst\u00e8me Omni-Link des interconnexions sera consid\u00e9rablement \u00e9tendu dans un avenir proche, offrant des avantages suppl\u00e9mentaires aux utilisateurs. Il utilise des connecteurs Micro-fit \u00e0 8 broches entre les produits.<\/p>\n<p><img decoding=\"async\" title=\"High performance 140mm radiator fan EK-Loop FPT 140\" src=\"https:\/\/www.ekwb.com\/shop\/media\/wysiwyg\/EK-Loop-Fan-FPT-OmniLink-Black-minimal-cables-intext_5.jpeg\" alt=\"High performance 140mm radiator fan EK-Loop FPT 140\" \/><\/p>\n<p>La conception de l&rsquo;EK-OmniLink r\u00e9sout les probl\u00e8mes d&rsquo;encombrement des c\u00e2bles en unifiant la connexion de plusieurs ventilateurs sur un seul en-t\u00eate PWM tout en maintenant une flexibilit\u00e9 totale si l&rsquo;utilisateur souhaite retirer un seul ventilateur de la cha\u00eene. D&rsquo;autres solutions similaires sur le march\u00e9 utilisent des m\u00e9canismes d&rsquo;enclenchement qui n\u00e9cessitent le retrait de l&rsquo;ensemble de la cha\u00eene de ventilateurs si l&rsquo;utilisateur a besoin de plus d&rsquo;espace pour serrer un raccord sur un radiateur.<\/p>\n<p><img decoding=\"async\" title=\"High performance 140mm radiator fan EK-Loop FPT 140\" src=\"https:\/\/www.ekwb.com\/shop\/media\/wysiwyg\/EK-Loop-Fan-FPT-OmniLink-Black-fan-removal-intext_2.jpeg\" alt=\"High performance 140mm radiator fan EK-Loop FPT 140\" \/><\/p>\n<h3>FDB &#8211; Roulement Dynamique Fluide<\/h3>\n<p>Un nouveau moteur avec un Roulement Dynamique Fluide r\u00e9duira consid\u00e9rablement le bruit, surtout lors des op\u00e9rations \u00e0 basse vitesse (RPM). La friction op\u00e9rationnelle est maintenue \u00e0 des niveaux tr\u00e8s bas m\u00eame apr\u00e8s des ann\u00e9es de service, contrairement aux ventilateurs \u00e0 roulement \u00e0 billes traditionnels, qui deviennent plus bruyants avec le temps. Les ventilateurs FDB peuvent \u00eatre mont\u00e9s \u00e0 la fois en orientations horizontales et verticales sans probl\u00e8mes ni r\u00e9duction de long\u00e9vit\u00e9, contrairement aux ventilateurs \u00e0 roulement \u00e0 manchon traditionnels.<\/p>\n<p><img decoding=\"async\" title=\"High performance 140mm radiator fan EK-Loop FPT 140\" src=\"https:\/\/www.ekwb.com\/shop\/media\/wysiwyg\/EK-Loop-Fan-FPT-motor-close-intext_3.jpeg\" alt=\"High performance 140mm radiator fan EK-Loop FPT 140\" \/><\/p>\n<p>Des rainures en chevron innovantes sont appliqu\u00e9es au roulement du ventilateur, recirculant et distribuant l&rsquo;huile naturellement entre l&rsquo;arbre du rotor et le roulement pour maintenir une op\u00e9ration stable et silencieuse \u00e0 haute vitesse.<\/p>\n<p><img decoding=\"async\" title=\"BEST RGB LED FANS FOR WATER COOLING\" src=\"https:\/\/www.ekwb.com\/shop\/media\/wysiwyg\/Graph2-PR.jpg\" alt=\"BEST RGB LED FANS FOR WATER COOLING\" width=\"900\" \/><\/p>\n<p>Les principales caract\u00e9ristiques du ventilateur EK-Loop Fan FPT 120 sont :<\/p>\n<ul>\n<li><strong>Haute pression statique \/ faible niveau de bruit<\/strong> \u2013 Contrairement aux autres ventilateurs de refroidissement d&rsquo;ordinateur \u00e0 usage g\u00e9n\u00e9ral, le ventilateur EK-Loop Fan FPT 120 est con\u00e7u sp\u00e9cifiquement pour les syst\u00e8mes de refroidissement liquide des ordinateurs, en particulier pour le refroidissement des radiateurs. Leur conception et leur construction conviennent \u00e9galement tr\u00e8s bien aux refroidisseurs d&rsquo;air haute performance ou aux ventilateurs de bo\u00eetier pour les bo\u00eetiers restrictifs avec des filtres \u00e0 poussi\u00e8re.<\/li>\n<li><strong>Assemblage moteur et roulement de haute qualit\u00e9<\/strong> \u2013 Les roulements dynamiques fluides assurent une longue dur\u00e9e de vie tandis que leur large plage de RPM permet un fonctionnement silencieux dans les sc\u00e9narios de faible puissance en mode veille et des performances \u00e9lev\u00e9es lors des pics de charge. La modulation de largeur d&rsquo;impulsion pr\u00e9cise (PWM) pour le r\u00e9glage de la vitesse du ventilateur permet une performance \u00e0 la demande.<\/li>\n<li><strong>Technologie de Pression Compl\u00e8te<\/strong> \u2013 La forme carr\u00e9e efficace du cadre du ventilateur assure des performances optimales en r\u00e9gime de traction ou de pouss\u00e9e sans pertes hydrauliques, garantissant ainsi la capacit\u00e9 de refroidissement optimale de vos radiateurs de refroidissement liquide.<\/li>\n<li><strong>OmniLink<\/strong> \u2013 La capacit\u00e9 de connecter en cha\u00eene l&rsquo;alimentation du ventilateur et m\u00eame de la pompe via un seul c\u00e2ble, offrant ainsi une flexibilit\u00e9 ultime aux utilisateurs tout en r\u00e9duisant l&rsquo;encombrement des c\u00e2bles. Tous les c\u00e2bles sont de style ruban plat sans gainage suppl\u00e9mentaire pour une exp\u00e9rience de routage des c\u00e2bles encore meilleure.<\/li>\n<\/ul>\n<p><strong>Avis et R\u00e9compenses :<\/strong><\/p>\n<div class=\"row-images\">\n<div class=\"column-images\"><a href=\"https:\/\/hwbusters.com\/cooling\/ek-loop-fan-fpt-120-d-rgb-white-fan-review\/9\/\" target=\"_blank\" rel=\"noopener\"><img decoding=\"async\" title=\"EK FLT FAN review awards\" src=\"https:\/\/www.ekwb.com\/shop\/media\/wysiwyg\/Recommended-hardware-busters.png\" alt=\"EK FLT FAN review awards\" \/><\/a><a href=\"https:\/\/www.techpowerup.com\/review\/ek-loop-fan-fpt-120-d-rgb\/5.html\" target=\"_blank\" rel=\"noopener\"><img decoding=\"async\" title=\"EK FLT FAN review awards\" src=\"https:\/\/www.ekwb.com\/shop\/media\/wysiwyg\/TPU_award_EK_FPT_fan_120mm.gif\" alt=\"EK FLT FAN review awards\" \/><\/a><\/div>\n<\/div>\n<p><strong>Sp\u00e9cifications Techniques<\/strong><\/p>\n<ul>\n<li><strong>Dimensions (L x H x P) :<\/strong> 120 mm x 120 mm x 27 mm<\/li>\n<li><strong>Poids :<\/strong> 0,174 kg<\/li>\n<li><strong>M\u00e9thode de montage :<\/strong> Vis autotaraudeuses<\/li>\n<li><strong>D\u00e9bit d&rsquo;air maximal :<\/strong> 77,00 CFM = 130,82 m\u00b3\/h<\/li>\n<li><strong>Pression statique :<\/strong> 2,7 mm H2O = 26,81 Pa<\/li>\n<li><strong>Niveau de bruit :<\/strong> 36 dBA (RPM max.)<\/li>\n<li><strong>Plage de RPM :<\/strong> 550 \u2013 2300 RPM<\/li>\n<li><strong>Tension nominale :<\/strong> 12V<\/li>\n<li><strong>Consommation \u00e9lectrique :<\/strong> 3W<\/li>\n<li><strong>Cycle de service PWM :<\/strong> 20-100%<\/li>\n<li><strong>Roulement d&rsquo;arbre :<\/strong> FDB (roulement dynamique fluide)<\/li>\n<li><strong>Durabilit\u00e9 du roulement :<\/strong> 60 000 heures @ 25\u2103<\/li>\n<li><strong>Longueur du c\u00e2ble du ventilateur :<\/strong> 100 mm<\/li>\n<li><strong>Connecteur de connexion en cha\u00eene :<\/strong> Connecteur Micro-fit \u00e0 8 broches<\/li>\n<li><strong>Longueur du c\u00e2ble d&rsquo;extension :<\/strong> 500 mm<\/li>\n<li><strong>Connecteur d&rsquo;extension :<\/strong> Connecteur 4 broches PWM<\/li>\n<\/ul>\n<p><strong>Incus:<\/strong><\/p>\n<ul>\n<li>1x EK-Loop Fan FPT 120<\/li>\n<li>1x C\u00e2ble d&rsquo;extension(PWM)<\/li>\n<li>4x Vis autotaraudeuses pour bo\u00eetier<\/li>\n<li><\/li>\n<\/ul>\n<\/div>\n<div class=\"ow_alert_box\">\n<p class=\"ow_al_txt ow_alert_text\"><strong>NOTE:<\/strong><\/p>\n<div class=\"ow_alert_content\">\n<ul>\n<li>Pour de meilleurs r\u00e9sultats, EK recommande d&rsquo;utiliser l&rsquo;en-t\u00eate CPU_FAN comme source de signal PWM pour contr\u00f4ler le ventilateur.<\/li>\n<\/ul>\n<\/div>\n<\/div>\n","protected":false},"excerpt":{"rendered":"<p>D\u00e9tails Le ventilateur EK-Loop Fan FPT 120 est un ventilateur de refroidissement d&rsquo;ordinateur de 120 mm \u00e0 haute pression statique, con\u00e7u et fabriqu\u00e9 principalement pour les syst\u00e8mes de refroidissement liquide d&rsquo;ordinateur les plus performants. Les ventilateurs de la s\u00e9rie FPT visent \u00e0 succ\u00e9der compl\u00e8tement aux ventilateurs EK-Vardar, car ils am\u00e9liorent de nombreux aspects tout en [&hellip;]<\/p>\n","protected":false},"featured_media":9841,"template":"","meta":{"_genesis_hide_title":false,"_genesis_hide_breadcrumbs":false,"_genesis_hide_singular_image":false,"_genesis_hide_footer_widgets":false,"_genesis_custom_body_class":"","_genesis_custom_post_class":"","_genesis_layout":""},"product_brand":[],"product_cat":[79],"product_tag":[],"class_list":{"0":"post-9878","1":"product","2":"type-product","3":"status-publish","4":"has-post-thumbnail","6":"product_cat-fans","7":"entry","9":"first","10":"instock","11":"taxable","12":"shipping-taxable","13":"purchasable","14":"product-type-simple"},"_links":{"self":[{"href":"https:\/\/proliquidpc.com\/fr\/wp-json\/wp\/v2\/product\/9878","targetHints":{"allow":["GET"]}}],"collection":[{"href":"https:\/\/proliquidpc.com\/fr\/wp-json\/wp\/v2\/product"}],"about":[{"href":"https:\/\/proliquidpc.com\/fr\/wp-json\/wp\/v2\/types\/product"}],"wp:featuredmedia":[{"embeddable":true,"href":"https:\/\/proliquidpc.com\/fr\/wp-json\/wp\/v2\/media\/9841"}],"wp:attachment":[{"href":"https:\/\/proliquidpc.com\/fr\/wp-json\/wp\/v2\/media?parent=9878"}],"wp:term":[{"taxonomy":"product_brand","embeddable":true,"href":"https:\/\/proliquidpc.com\/fr\/wp-json\/wp\/v2\/product_brand?post=9878"},{"taxonomy":"product_cat","embeddable":true,"href":"https:\/\/proliquidpc.com\/fr\/wp-json\/wp\/v2\/product_cat?post=9878"},{"taxonomy":"product_tag","embeddable":true,"href":"https:\/\/proliquidpc.com\/fr\/wp-json\/wp\/v2\/product_tag?post=9878"}],"curies":[{"name":"wp","href":"https:\/\/api.w.org\/{rel}","templated":true}]}}