{"id":9881,"date":"2025-02-15T03:34:50","date_gmt":"2025-02-15T08:34:50","guid":{"rendered":"https:\/\/proliquidpc.com\/?post_type=product&#038;p=9881"},"modified":"2025-02-15T09:15:51","modified_gmt":"2025-02-15T14:15:51","slug":"ek-xtop-revo-dual-d5-pwm-serie-incl-2x-pompes","status":"publish","type":"product","link":"https:\/\/proliquidpc.com\/fr\/boutique\/pompes\/pompes-d5\/ek-xtop-revo-dual-d5-pwm-serie-incl-2x-pompes\/","title":{"rendered":"EK-XTOP Revo Dual D5 PWM S\u00e9rie &#8211; (incl. 2x pompes)"},"content":{"rendered":"<h2>D\u00e9tails<\/h2>\n<div class=\"std\">\n<p>L&rsquo;EK-XTOP Dual D5 PWM S\u00e9rie est une quatri\u00e8me g\u00e9n\u00e9ration de pompe \u00e0 double pompe haute performance pour les pompes \u00e0 eau de type D5. L&rsquo;EK-XTOP Revo Dual D5 PWM S\u00e9rie est pr\u00e9-install\u00e9 avec deux (2) pompes \u00e0 eau EK-D5 PWM fonctionnant en s\u00e9rie.<\/p>\n<p>Utiliser deux pompes \u00e0 eau en s\u00e9rie offre presque deux fois plus de pression de t\u00eate qu&rsquo;une seule pompe \u00e0 eau et garantit \u00e9galement une mesure de s\u00e9curit\u00e9 maximale : en cas de panne d&rsquo;une pompe, l&rsquo;autre assurera un d\u00e9bit de liquide suffisant pour \u00e9viter tout dommage mat\u00e9riel d\u00fb \u00e0 la surchauffe. De plus, il n&rsquo;y a aucun temps d&rsquo;arr\u00eat jusqu&rsquo;\u00e0 la prochaine maintenance programm\u00e9e. Le contr\u00f4le PWM permet une r\u00e9gulation automatique de la vitesse de la pompe en fonction de la temp\u00e9rature du CPU. Performance maximale sur demande ou fonctionnement ultra-silencieux en mode veille!<\/p>\n<p><img decoding=\"async\" src=\"https:\/\/www.ekwb.com\/shop\/media\/wysiwyg\/XTOP-Revo-Dual-D5-PWM-Serial_590.jpg\" alt=\"\" \/><\/p>\n<p>Le corps principal (dessus) est log\u00e9 entre deux amortisseurs en caoutchouc sp\u00e9ciaux qui ont \u00e9t\u00e9 con\u00e7us d\u00e8s le d\u00e9part et constituent l&rsquo;une des principales caract\u00e9ristiques de la s\u00e9rie Revo de produits. Ce syst\u00e8me pr\u00e9sente un design enti\u00e8rement arrondi, offrant ainsi une plus grande convivialit\u00e9, permettant une installation \u00e0 n&rsquo;importe quel angle dans les 360\u00b0 de rotation. De plus, ces amortisseurs en caoutchouc sont utilis\u00e9s pour d\u00e9coupler le corps principal de la pompe du clip de montage pour un fonctionnement silencieux, sans bruit induit par les vibrations.<\/p>\n<p>Ce produit dispose de trois ports filet\u00e9s G1\/4 qui permettent l&rsquo;installation de pratiquement n&rsquo;importe quel raccord \/ embout \u00e0 filetage G1\/4. EK recommande les raccords \/ adaptateurs de la s\u00e9rie EK-ACF.<\/p>\n<p>Le dessus est en mat\u00e9riau POM Acetal de qualit\u00e9, tandis que les \u00e9crous de serrage sont fabriqu\u00e9s en aluminium usin\u00e9 CNC. Les colliers de montage sont en ABS moul\u00e9 par injection. Le m\u00e9canisme de montage avec deux plaques de montage pour installer l&rsquo;unit\u00e9 sur un ventilateur de 120 mm ou 140 mm et un guide d&rsquo;installation facile \u00e0 suivre sont inclus.<\/p>\n<p>L&rsquo;EK-XTOP Revo Dual D5 peut \u00eatre associ\u00e9 au r\u00e9servoir EK-RES X3 150 Lite.<\/p>\n<p><img decoding=\"async\" src=\"https:\/\/www.ekwb.com\/shop\/media\/wysiwyg\/EKRES-X3-150-Lite_fit2_800_v1.jpg\" alt=\"\" \/><\/p>\n<p><strong>Sp\u00e9cifications techniques :<\/strong><\/p>\n<ul>\n<li>Moteur : Moteur sph\u00e9rique \u00e0 commutation \u00e9lectronique<\/li>\n<li>Tension nominale : 12V DC<\/li>\n<li>Consommation \u00e9lectrique : 2 x 23W<\/li>\n<li>Pression maximale : 7m<\/li>\n<li>D\u00e9bit maximal : 1500 L\/h<\/li>\n<li>Temp\u00e9rature maximale du syst\u00e8me : 60\u00b0C<\/li>\n<li>Mat\u00e9riaux : Acier inoxydable, PPS-GF40, joints toriques EPDM, oxyde d&rsquo;aluminium, charbon dur<\/li>\n<li>Connecteur d&rsquo;alimentation : 2 x alimentation SATA et connecteur de ventilateur PWM \u00e0 4 broches<\/li>\n<\/ul>\n<p><strong>R\u00e9gime op\u00e9rationnel :<\/strong><\/p>\n<ul>\n<li>Cycle de service PWM : ~ 20-100%<\/li>\n<li>Comportement par d\u00e9faut : Fonctionne \u00e0 100% du cycle de service lorsqu&rsquo;aucun signal de retour PWM n&rsquo;est pr\u00e9sent<\/li>\n<\/ul>\n<p><strong>Inclus :<\/strong><\/p>\n<ul>\n<li>EK-XTOP Revo Dual D5 PWM S\u00e9rie (incl. 2 x pompe EK-D5 PWM G3)<\/li>\n<li>Deux clips de montage avec insert en caoutchouc<\/li>\n<li>Deux autocollants de motif de trou de montage auto-adh\u00e9sif<\/li>\n<li>M\u00e9canisme de montage et deux plaques de montage (incl. les cl\u00e9s Allen n\u00e9cessaires)<\/li>\n<li>Manuel d&rsquo;installation<\/li>\n<\/ul>\n<p>&nbsp;<\/p>\n<\/div>\n<div class=\"ow_alert_box\">\n<p class=\"ow_al_txt ow_alert_text\"><strong>NOTES:<\/strong><\/p>\n<div class=\"ow_alert_content\">\n<ul>\n<li>L&rsquo;EK-D5 PWM G3 est une variante am\u00e9lior\u00e9e de la c\u00e9l\u00e8bre pompe Xylem D5 avec un meilleur contr\u00f4le de la gestion de l&rsquo;alimentation, ce qui permet un meilleur contr\u00f4le de la vitesse via le BIOS de la carte m\u00e8re ou un contr\u00f4leur de ventilateur d\u00e9di\u00e9.<\/li>\n<li>Ce produit ne doit pas \u00eatre install\u00e9 avec des pi\u00e8ces en aluminium Fluid Gaming !<\/li>\n<li>La pompe D5 est lubrifi\u00e9e \u00e0 l&rsquo;eau et ne doit pas fonctionner \u00e0 sec, sinon des dommages permanents aux roulements peuvent se produire.<\/li>\n<\/ul>\n<\/div>\n<\/div>\n","protected":false},"excerpt":{"rendered":"<p>D\u00e9tails L&rsquo;EK-XTOP Dual D5 PWM S\u00e9rie est une quatri\u00e8me g\u00e9n\u00e9ration de pompe \u00e0 double pompe haute performance pour les pompes \u00e0 eau de type D5. L&rsquo;EK-XTOP Revo Dual D5 PWM S\u00e9rie est pr\u00e9-install\u00e9 avec deux (2) pompes \u00e0 eau EK-D5 PWM fonctionnant en s\u00e9rie. Utiliser deux pompes \u00e0 eau en s\u00e9rie offre presque deux fois [&hellip;]<\/p>\n","protected":false},"featured_media":9828,"template":"","meta":{"_genesis_hide_title":false,"_genesis_hide_breadcrumbs":false,"_genesis_hide_singular_image":false,"_genesis_hide_footer_widgets":false,"_genesis_custom_body_class":"","_genesis_custom_post_class":"","_genesis_layout":""},"product_brand":[],"product_cat":[46,56],"product_tag":[],"class_list":{"0":"post-9881","1":"product","2":"type-product","3":"status-publish","4":"has-post-thumbnail","6":"product_cat-pompes","7":"product_cat-pompes-d5","8":"entry","10":"first","11":"instock","12":"taxable","13":"shipping-taxable","14":"purchasable","15":"product-type-simple"},"_links":{"self":[{"href":"https:\/\/proliquidpc.com\/fr\/wp-json\/wp\/v2\/product\/9881","targetHints":{"allow":["GET"]}}],"collection":[{"href":"https:\/\/proliquidpc.com\/fr\/wp-json\/wp\/v2\/product"}],"about":[{"href":"https:\/\/proliquidpc.com\/fr\/wp-json\/wp\/v2\/types\/product"}],"wp:featuredmedia":[{"embeddable":true,"href":"https:\/\/proliquidpc.com\/fr\/wp-json\/wp\/v2\/media\/9828"}],"wp:attachment":[{"href":"https:\/\/proliquidpc.com\/fr\/wp-json\/wp\/v2\/media?parent=9881"}],"wp:term":[{"taxonomy":"product_brand","embeddable":true,"href":"https:\/\/proliquidpc.com\/fr\/wp-json\/wp\/v2\/product_brand?post=9881"},{"taxonomy":"product_cat","embeddable":true,"href":"https:\/\/proliquidpc.com\/fr\/wp-json\/wp\/v2\/product_cat?post=9881"},{"taxonomy":"product_tag","embeddable":true,"href":"https:\/\/proliquidpc.com\/fr\/wp-json\/wp\/v2\/product_tag?post=9881"}],"curies":[{"name":"wp","href":"https:\/\/api.w.org\/{rel}","templated":true}]}}