{"id":9883,"date":"2025-02-15T03:15:22","date_gmt":"2025-02-15T08:15:22","guid":{"rendered":"https:\/\/proliquidpc.com\/boutique\/non%20class\u00e9\/ek-quantum-torque-splitter-3f-t\/"},"modified":"2025-02-15T09:22:30","modified_gmt":"2025-02-15T14:22:30","slug":"ek-quantum-torque-splitter-3f-t","status":"publish","type":"product","link":"https:\/\/proliquidpc.com\/fr\/boutique\/fittings\/3-way-4-way-5-way\/ek-quantum-torque-splitter-3f-t\/","title":{"rendered":"EK-Quantum Torque Splitter 3F T"},"content":{"rendered":"<h2>D\u00e9tails<\/h2>\n<div class=\"std\">\n<p>EK-Quantum Torque Splitter 3F T &#8211; Noir est un adaptateur en forme de cylindre simple avec 3 (trois) filetages femelles G1\/4&Prime;. Ce produit est utile pour diviser ou combiner le flux de liquide dans votre boucle.<\/p>\n<p><img decoding=\"async\" title=\"3 female Splitter EK Quantum Torque\" src=\"https:\/\/www.ekwb.com\/shop\/media\/wysiwyg\/3831109826669-EK-Quantum_Torque_Splitter_3F_T-Nickel_intext.jpg\" alt=\"3 female Splitter EK Quantum Torque\" \/><\/p>\n<p>Fabriqu\u00e9 en laiton usin\u00e9 CNC avec une finition noire satin\u00e9e.<\/p>\n<p><img decoding=\"async\" src=\"https:\/\/www.ekwb.com\/shop\/media\/wysiwyg\/Custom_Loop\/Fittings\/EK-Quantum_Torque_IF-AWARD-2021__BLACK.png\" \/><\/p>\n<p>Les produits de la s\u00e9rie EK-Quantum Torque ont re\u00e7u le prestigieux iF Design Award. Une esth\u00e9tique robuste et industrielle distingue la famille Torque en mettant en avant les processus de fabrication de pr\u00e9cision utilis\u00e9s pour les cr\u00e9er. De plus, les passionn\u00e9s peuvent ajouter un anneau de couleur unique pour donner une touche personnelle \u00e0 la gamme de raccords. La famille Torque de raccords offre un syst\u00e8me de connexions s\u00e9curis\u00e9 et modulaire entre les composants de refroidissement liquide et les tuyaux dans un PC. Les produits de la s\u00e9rie Quantum Torque couvrent des adaptateurs coud\u00e9s, des rallonges rotatives et statiques, des s\u00e9parateurs, des bouchons G1\/4&Prime;, des vannes de vidange, des raccords, et bien plus encore.<\/p>\n<p><strong>Sp\u00e9cifications techniques :<\/strong><\/p>\n<ul>\n<li><strong>Filetage :<\/strong> G1\/4&Prime;<\/li>\n<li><strong>Longueur du filetage :<\/strong> 4,5 mm<\/li>\n<li><strong>Diam\u00e8tre :<\/strong> 23 mm<\/li>\n<li><strong>Hauteur install\u00e9e :<\/strong> 28 mm<\/li>\n<\/ul>\n<p>Conformit\u00e9 ROHS!<\/p>\n<\/div>\n<div class=\"ow_alert_box\">\n<p class=\"ow_al_txt ow_alert_text\"><strong>NOTE:<\/strong><\/p>\n<div class=\"ow_alert_content\">\n<ul>\n<li>Ce produit ne doit pas \u00eatre install\u00e9 avec des pi\u00e8ces en aluminium Fluid Gaming!<\/li>\n<\/ul>\n<\/div>\n<\/div>\n","protected":false},"excerpt":{"rendered":"<p>D\u00e9tails EK-Quantum Torque Splitter 3F T &#8211; Noir est un adaptateur en forme de cylindre simple avec 3 (trois) filetages femelles G1\/4&Prime;. Ce produit est utile pour diviser ou combiner le flux de liquide dans votre boucle. Fabriqu\u00e9 en laiton usin\u00e9 CNC avec une finition noire satin\u00e9e. Les produits de la s\u00e9rie EK-Quantum Torque ont [&hellip;]<\/p>\n","protected":false},"featured_media":9812,"template":"","meta":{"_genesis_hide_title":false,"_genesis_hide_breadcrumbs":false,"_genesis_hide_singular_image":false,"_genesis_hide_footer_widgets":false,"_genesis_custom_body_class":"","_genesis_custom_post_class":"","_genesis_layout":""},"product_brand":[],"product_cat":[51,29],"product_tag":[],"class_list":{"0":"post-9883","1":"product","2":"type-product","3":"status-publish","4":"has-post-thumbnail","6":"product_cat-3-way-4-way-5-way","7":"product_cat-fittings","8":"entry","10":"first","11":"instock","12":"taxable","13":"shipping-taxable","14":"purchasable","15":"product-type-simple"},"_links":{"self":[{"href":"https:\/\/proliquidpc.com\/fr\/wp-json\/wp\/v2\/product\/9883","targetHints":{"allow":["GET"]}}],"collection":[{"href":"https:\/\/proliquidpc.com\/fr\/wp-json\/wp\/v2\/product"}],"about":[{"href":"https:\/\/proliquidpc.com\/fr\/wp-json\/wp\/v2\/types\/product"}],"wp:featuredmedia":[{"embeddable":true,"href":"https:\/\/proliquidpc.com\/fr\/wp-json\/wp\/v2\/media\/9812"}],"wp:attachment":[{"href":"https:\/\/proliquidpc.com\/fr\/wp-json\/wp\/v2\/media?parent=9883"}],"wp:term":[{"taxonomy":"product_brand","embeddable":true,"href":"https:\/\/proliquidpc.com\/fr\/wp-json\/wp\/v2\/product_brand?post=9883"},{"taxonomy":"product_cat","embeddable":true,"href":"https:\/\/proliquidpc.com\/fr\/wp-json\/wp\/v2\/product_cat?post=9883"},{"taxonomy":"product_tag","embeddable":true,"href":"https:\/\/proliquidpc.com\/fr\/wp-json\/wp\/v2\/product_tag?post=9883"}],"curies":[{"name":"wp","href":"https:\/\/api.w.org\/{rel}","templated":true}]}}