{"id":9884,"date":"2025-02-15T02:56:38","date_gmt":"2025-02-15T07:56:38","guid":{"rendered":"https:\/\/proliquidpc.com\/boutique\/non%20class\u00e9\/ek-loop-vertical-gpu-holder-evo-gen4-riser-shifted\/"},"modified":"2025-02-15T09:26:27","modified_gmt":"2025-02-15T14:26:27","slug":"ek-loop-vertical-gpu-holder-evo-gen4-riser-shifted","status":"publish","type":"product","link":"https:\/\/proliquidpc.com\/fr\/boutique\/supports\/ek-loop-vertical-gpu-holder-evo-gen4-riser-shifted\/","title":{"rendered":"EK-Loop Vertical GPU Holder EVO &#8211; Gen4 Riser (shifted)"},"content":{"rendered":"<h2>D\u00e9tails<\/h2>\n<div class=\"std\">\n<p>L&rsquo;EK-Loop Vertical GPU Holder EVO &#8211; Gen4 Riser (d\u00e9cal\u00e9) est un support de montage en acier avec un c\u00e2ble d&rsquo;extension PCIe 4.0 qui permet \u00e0 l&rsquo;utilisateur de monter le GPU verticalement et de le mettre en valeur. L&rsquo;affichage de votre carte graphique refroidie par liquide ou, alternativement, d&rsquo;un GPU avec un refroidisseur \u00e0 air massif standard est devenu de plus en plus populaire au fil des ans. Une fa\u00e7on de le faire est d&rsquo;utiliser des supports apr\u00e8s-vente sp\u00e9ciaux qui permettent de monter le GPU verticalement si le bo\u00eetier n&rsquo;est pas d\u00e9j\u00e0 \u00e9quip\u00e9 de fentes PCIe verticales. Ce support ne n\u00e9cessite pas de fentes d&rsquo;extension PCIe \u00e0 conception ouverte.<\/p>\n<p><img decoding=\"async\" title=\"EK-Loop Vertical GPU Holder EVO - Gen 4 PCIe riser\" src=\"https:\/\/www.ekwb.com\/shop\/media\/wysiwyg\/EK-Loop-Vertical-GPU-Holder-EVO-Gen4-Riser-_shifted_-intext.png\" alt=\"EK-Loop Vertical GPU Holder EVO - Gen 4 PCIe riser\" \/><\/p>\n<p>&nbsp;<\/p>\n<p>Cependant, l&rsquo;utilisateur rencontre souvent des probl\u00e8mes avec ces solutions car elles n&rsquo;offrent pas un soutien suffisant, permettant au GPU de bouger, de s&rsquo;affaisser et de rester inclin\u00e9. Cela peut nuire consid\u00e9rablement \u00e0 l&rsquo;esth\u00e9tique du PC, ce qui est un probl\u00e8me majeur car l&rsquo;am\u00e9lioration de l&rsquo;apparence est le principal objectif de ce support. Les choses peuvent \u00eatre encore plus difficiles avec le refroidissement liquide, surtout lors de l&rsquo;installation de raccords et de tuyaux sur un GPU plac\u00e9 verticalement. Sans oublier qu&rsquo;il est difficile d&rsquo;exp\u00e9dier un PC avec un GPU mont\u00e9 verticalement.<\/p>\n<p>Plus maintenant, car le syst\u00e8me de montage unique et prot\u00e9g\u00e9 par IP d&rsquo;EK permet \u00e0 ce support de GPU vertical de se visser dans deux entretoises de carte m\u00e8re ATX pour une rigidit\u00e9 structurelle in\u00e9gal\u00e9e.<\/p>\n<p>Fabriqu\u00e9 en acier rev\u00eatu de noir de 1 \u00e0 1,5 mm d&rsquo;\u00e9paisseur, le support vertical EK-Loop GPU Holder EVO &#8211; Gen4 garde votre mat\u00e9riel en s\u00e9curit\u00e9 et immobile, m\u00eame pendant le transport ou l&rsquo;installation de tuyaux et de raccords.<\/p>\n<h2>C\u00e2ble d&rsquo;extension PCIe Gen4 premium<\/h2>\n<p>Le c\u00e2ble d&rsquo;extension PCIe de qualit\u00e9 sup\u00e9rieure dans ce support vertical est de 200 mm de long, offrant une grande marge de man\u0153uvre, quelle que soit la taille de votre bo\u00eetier. La plupart des autres solutions qui fournissent un c\u00e2ble PCIe 3.0 causent des probl\u00e8mes avec les cartes m\u00e8res PCIe 4.0 coupl\u00e9es aux GPU de g\u00e9n\u00e9ration 4. Le support vertical EK-Loop GPU Holder EVO, quant \u00e0 lui, fournit un c\u00e2ble d&rsquo;extension gen4 enti\u00e8rement certifi\u00e9, rigoureusement test\u00e9 avec les GPU AMD\u00ae RX 6000 series et NVIDIA\u00ae RTX 30 series. Bien qu&rsquo;il s&rsquo;agisse d&rsquo;un v\u00e9ritable c\u00e2ble d&rsquo;extension PCIe 4.0, il est \u00e9galement 100% compatible avec la norme PCIe 3.0.<\/p>\n<p><img decoding=\"async\" title=\"EK-Loop Vertical GPU Holder EVO - Gen 4 PCIe riser\" src=\"https:\/\/www.ekwb.com\/shop\/media\/wysiwyg\/EK-Loop-Vertical-GPU-Holder-EVO-Gen4-Riser-_shifted_-intext2.png\" alt=\"EK-Loop Vertical GPU Holder EVO - Gen 4 PCIe riser\" \/><\/p>\n<h2>Compatibilit\u00e9 du bo\u00eetier, du GPU et de la plaque arri\u00e8re Active :<\/h2>\n<p><span class=\"TextRun SCXW31955815 BCX0\" lang=\"EN-US\" data-contrast=\"auto\"><span class=\"NormalTextRun SCXW31955815 BCX0\">Une am\u00e9lioration par rapport au support vertical GPU d&rsquo;origine est la possibilit\u00e9 de d\u00e9caler le support, offrant ainsi un espace suppl\u00e9mentaire pour le radiateur au bas du bo\u00eetier ou permettant de monter un GPU \u00e0 3 slots. Dans cette position sur\u00e9lev\u00e9e, le support GPU peut prendre en charge les GPU \u00e0 3 slots, car la partie de fixation du GPU est sur\u00e9lev\u00e9e par rapport au support de la plaque PCIe dans le bo\u00eetier du PC. Vous devez toujours v\u00e9rifier et vous assurer qu&rsquo;il n&rsquo;y aura pas de chevauchement des ports I\/O ou d&rsquo;interf\u00e9rence du GPU avec le refroidisseur CPU.<\/span><\/span><\/p>\n<p><strong>Les plaques arri\u00e8re actives EK-Quantum Vector SONT compatibles avec ce produit.<\/strong><\/p>\n<p><img decoding=\"async\" title=\"EK Vertical Vertical GPU Holder - Shifted PCIe 4.0\" src=\"https:\/\/www.ekwb.com\/shop\/media\/wysiwyg\/EK-Loop_Vertical_GPU_Holder_Shifted_intext_5.jpg\" alt=\"EK Vertical Vertical GPU Holder - Shifted PCIe 4.0\" \/><\/p>\n<p>Contrairement \u00e0 la version standard, la version d\u00e9cal\u00e9e ne n\u00e9cessite pas de fentes d&rsquo;extension PCIe \u00e0 conception ouverte. Cela signifie que m\u00eame si vous avez des barres horizontales entre les fentes d&rsquo;extension PCIe de votre bo\u00eetier, ce support fonctionnera. Chaque version d\u00e9cal\u00e9e est livr\u00e9e avec un c\u00e2ble DisplayPort sp\u00e9cial de 1,8 m\u00e8tre de long compatible DP 1.4.\u00a0\u00bb<\/p>\n<p><strong>Probl\u00e8mes de compatibilit\u00e9 connus :<\/strong> (un nouveau support compatible avec ces cartes m\u00e8res sera bient\u00f4t disponible)<\/p>\n<table data-testid=\"renderer-table\" data-number-column=\"false\" data-table-width=\"900\">\n<tbody>\n<tr>\n<td colspan=\"1\" rowspan=\"1\">\n<p data-renderer-start-pos=\"249\">ROG STRIX Z790-E GAMING WIFI II<\/p>\n<\/td>\n<td colspan=\"1\" rowspan=\"1\">\n<p data-renderer-start-pos=\"286\">ROG STRIX Z790-F GAMING WIFI II<\/p>\n<\/td>\n<\/tr>\n<tr>\n<td colspan=\"1\" rowspan=\"1\">\n<p data-renderer-start-pos=\"323\">ROG MAXIMUS Z790 APEX ENCORE<\/p>\n<\/td>\n<td colspan=\"1\" rowspan=\"1\">\n<p data-renderer-start-pos=\"357\">META TUF GAMING Z790-PRO WIFI<\/p>\n<\/td>\n<\/tr>\n<tr>\n<td colspan=\"1\" rowspan=\"1\">\n<p data-renderer-start-pos=\"392\">ROG MAXIMUS Z790 DARK HERO<\/p>\n<\/td>\n<td colspan=\"1\" rowspan=\"1\">\n<p data-renderer-start-pos=\"424\">ROG STRIX Z790-A GAMING WIFI II<\/p>\n<\/td>\n<\/tr>\n<tr>\n<td colspan=\"1\" rowspan=\"1\">\n<p data-renderer-start-pos=\"461\">ROG MAXIMUS Z790 FORMULA<\/p>\n<\/td>\n<td colspan=\"1\" rowspan=\"1\">\n<p data-renderer-start-pos=\"491\">ROG MAXIMUS Z790 HERO EVA-02 EDITION<\/p>\n<\/td>\n<\/tr>\n<tr>\n<td colspan=\"1\" rowspan=\"1\">\n<p data-renderer-start-pos=\"533\">ROG STRIX Z790-H GAMING WIFI<\/p>\n<\/td>\n<td colspan=\"1\" rowspan=\"1\">\n<p data-renderer-start-pos=\"567\">ROG STRIX Z790-A GAMING WIFI<\/p>\n<\/td>\n<\/tr>\n<tr>\n<td colspan=\"1\" rowspan=\"1\">\n<p data-renderer-start-pos=\"601\">ROG MAXIMUS Z790 HERO<\/p>\n<\/td>\n<td colspan=\"1\" rowspan=\"1\">\n<p data-renderer-start-pos=\"628\">ROG MAXIMUS Z790 APEX<\/p>\n<\/td>\n<\/tr>\n<tr>\n<td colspan=\"1\" rowspan=\"1\">\n<p data-renderer-start-pos=\"655\">TUF GAMING Z790-PLUS WIFI<\/p>\n<\/td>\n<td colspan=\"1\" rowspan=\"1\">\n<p data-renderer-start-pos=\"686\">ProArt Z790-CREATOR WIFI<\/p>\n<\/td>\n<\/tr>\n<tr>\n<td colspan=\"1\" rowspan=\"1\">\n<p data-renderer-start-pos=\"716\">ROG MAXIMUS Z790 EXTREME<\/p>\n<\/td>\n<td colspan=\"1\" rowspan=\"1\">\n<p data-renderer-start-pos=\"746\">ROG STRIX Z790-E GAMING WIFI<\/p>\n<\/td>\n<\/tr>\n<tr>\n<td colspan=\"1\" rowspan=\"1\">\n<p data-renderer-start-pos=\"780\">ROG STRIX Z790-F GAMING WIFI<\/p>\n<\/td>\n<td colspan=\"1\" rowspan=\"1\">\n<p data-renderer-start-pos=\"814\">ROG STRIX Z790-A GAMING WIFI D4<\/p>\n<\/td>\n<\/tr>\n<tr>\n<td colspan=\"1\" rowspan=\"1\">\n<p data-renderer-start-pos=\"851\">TUE GAMING Z790-PLUS WIFI D4<\/p>\n<\/td>\n<td colspan=\"1\" rowspan=\"1\">\n<p data-renderer-start-pos=\"885\">TUF GAMING 2790-PLUS D4<\/p>\n<\/td>\n<\/tr>\n<tr>\n<td colspan=\"1\" rowspan=\"1\">\n<p data-renderer-start-pos=\"914\">PRIME Z790-A WIFI-CSM<\/p>\n<\/td>\n<td colspan=\"1\" rowspan=\"1\">\n<p data-renderer-start-pos=\"941\">PRIME Z790-A WIFI<\/p>\n<\/td>\n<\/tr>\n<tr>\n<td colspan=\"1\" rowspan=\"1\">\n<p data-renderer-start-pos=\"964\">ROG STRIX X670E-F GAMING WIFI<\/p>\n<\/td>\n<td colspan=\"1\" rowspan=\"1\">\n<p data-renderer-start-pos=\"999\">ROG STRIX X670E-E GAMING WIFI<\/p>\n<\/td>\n<\/tr>\n<tr>\n<td colspan=\"1\" rowspan=\"1\">\n<p data-renderer-start-pos=\"1034\">ROG STRIX X670E-A GAMING WIFI<\/p>\n<\/td>\n<td colspan=\"1\" rowspan=\"1\">\n<p data-renderer-start-pos=\"1069\">ROG CROSSHAIR\u00a0 X670E HERO<\/p>\n<\/td>\n<\/tr>\n<tr>\n<td colspan=\"1\" rowspan=\"1\">\n<p data-renderer-start-pos=\"1100\">ROG CROSSHAIR\u00a0 X670E GENE<\/p>\n<\/td>\n<td colspan=\"1\" rowspan=\"1\">\n<p data-renderer-start-pos=\"1131\">PRIME X670E-PRO WIFI<\/p>\n<\/td>\n<\/tr>\n<tr>\n<td colspan=\"1\" rowspan=\"1\">\n<p data-renderer-start-pos=\"1157\">ProArt X670E-CREATOR WIFI<\/p>\n<\/td>\n<td colspan=\"1\" rowspan=\"1\">\n<p data-renderer-start-pos=\"1188\">ROG CROSSHAIR X670E EXTREME<\/p>\n<\/td>\n<\/tr>\n<tr>\n<td colspan=\"1\" rowspan=\"1\">\n<p data-renderer-start-pos=\"1221\">PRIME X670E-PRO WIFI-CSM<\/p>\n<\/td>\n<\/tr>\n<\/tbody>\n<\/table>\n<p><strong>Sp\u00e9cifications techniques :<\/strong><\/p>\n<ul>\n<li><strong>Longueur du c\u00e2ble d&rsquo;extension :<\/strong> ~200 mm<\/li>\n<li><strong>Norme PCIe :<\/strong> 4.0<\/li>\n<li><strong>Mat\u00e9riau :<\/strong> acier rev\u00eatu de noir<\/li>\n<\/ul>\n<p><strong>Inclus :<\/strong><\/p>\n<ul>\n<li>EK-Loop Vertical GPU Holder EVO &#8211; Gen4 Riser (d\u00e9cal\u00e9)<\/li>\n<li>M\u00e9canisme de montage prot\u00e9g\u00e9 par IP avec toutes les vis de montage n\u00e9cessaires<\/li>\n<li>C\u00e2ble PCIe 4.0 de qualit\u00e9 sup\u00e9rieure<\/li>\n<li>C\u00e2ble DisplayPort coud\u00e9<\/li>\n<\/ul>\n<p>&nbsp;<\/p>\n<\/div>\n<div class=\"ow_alert_box\">\n<p class=\"ow_al_txt ow_alert_text\"><strong>NOTES:<\/strong><\/p>\n<div class=\"ow_alert_content\">\n<ul>\n<li>Ce support de montage vertical pour GPU est compatible avec les produits de la s\u00e9rie EK-Quantum Vector et Vector\u00b2 Active backplate.<\/li>\n<li>Enti\u00e8rement compatible avec PCIe 4.0, avec r\u00e9trocompatibilit\u00e9 avec la norme 3.0.<\/li>\n<\/ul>\n<\/div>\n<\/div>\n","protected":false},"excerpt":{"rendered":"<p>D\u00e9tails L&rsquo;EK-Loop Vertical GPU Holder EVO &#8211; Gen4 Riser (d\u00e9cal\u00e9) est un support de montage en acier avec un c\u00e2ble d&rsquo;extension PCIe 4.0 qui permet \u00e0 l&rsquo;utilisateur de monter le GPU verticalement et de le mettre en valeur. L&rsquo;affichage de votre carte graphique refroidie par liquide ou, alternativement, d&rsquo;un GPU avec un refroidisseur \u00e0 air [&hellip;]<\/p>\n","protected":false},"featured_media":9796,"template":"","meta":{"_genesis_hide_title":false,"_genesis_hide_breadcrumbs":false,"_genesis_hide_singular_image":false,"_genesis_hide_footer_widgets":false,"_genesis_custom_body_class":"","_genesis_custom_post_class":"","_genesis_layout":""},"product_brand":[],"product_cat":[53],"product_tag":[],"class_list":{"0":"post-9884","1":"product","2":"type-product","3":"status-publish","4":"has-post-thumbnail","6":"product_cat-supports","7":"entry","9":"first","10":"instock","11":"taxable","12":"shipping-taxable","13":"purchasable","14":"product-type-simple"},"_links":{"self":[{"href":"https:\/\/proliquidpc.com\/fr\/wp-json\/wp\/v2\/product\/9884","targetHints":{"allow":["GET"]}}],"collection":[{"href":"https:\/\/proliquidpc.com\/fr\/wp-json\/wp\/v2\/product"}],"about":[{"href":"https:\/\/proliquidpc.com\/fr\/wp-json\/wp\/v2\/types\/product"}],"wp:featuredmedia":[{"embeddable":true,"href":"https:\/\/proliquidpc.com\/fr\/wp-json\/wp\/v2\/media\/9796"}],"wp:attachment":[{"href":"https:\/\/proliquidpc.com\/fr\/wp-json\/wp\/v2\/media?parent=9884"}],"wp:term":[{"taxonomy":"product_brand","embeddable":true,"href":"https:\/\/proliquidpc.com\/fr\/wp-json\/wp\/v2\/product_brand?post=9884"},{"taxonomy":"product_cat","embeddable":true,"href":"https:\/\/proliquidpc.com\/fr\/wp-json\/wp\/v2\/product_cat?post=9884"},{"taxonomy":"product_tag","embeddable":true,"href":"https:\/\/proliquidpc.com\/fr\/wp-json\/wp\/v2\/product_tag?post=9884"}],"curies":[{"name":"wp","href":"https:\/\/api.w.org\/{rel}","templated":true}]}}