{"id":9887,"date":"2025-02-15T02:31:19","date_gmt":"2025-02-15T07:31:19","guid":{"rendered":"https:\/\/proliquidpc.com\/boutique\/non%20class\u00e9\/ek-quantum-surface-p360m-blanc\/"},"modified":"2025-02-15T09:40:51","modified_gmt":"2025-02-15T14:40:51","slug":"ek-quantum-surface-p360m-blanc","status":"publish","type":"product","link":"https:\/\/proliquidpc.com\/fr\/boutique\/radiateurs\/360mm\/ek-quantum-surface-p360m-blanc\/","title":{"rendered":"EK-Quantum Surface P360M &#8211; Blanc"},"content":{"rendered":"<h2>D\u00e9tails<\/h2>\n<div class=\"std\">\n<p>Avec une \u00e9paisseur de 44 mm, les radiateurs de surface de la s\u00e9rie EK-Quantum P sont des radiateurs tout-terrain absolus pour un faible bruit et de hautes performances sur toute la plage de fonctionnement des ventilateurs. \u00c9quip\u00e9 de quatre ports filet\u00e9s G1\/4\u201c, il offre une polyvalence suppl\u00e9mentaire lors du processus de planification de la boucle, tandis que le cinqui\u00e8me port G1\/4\u201c situ\u00e9 sur le r\u00e9servoir d&rsquo;extr\u00e9mit\u00e9 est une caract\u00e9ristique irrempla\u00e7able lorsqu&rsquo;il s&rsquo;agit de vidanger la boucle et de purger l&rsquo;air. Un total de seize tubes en cuivre de 2 mm de large sur toute la longueur du radiateur assure un d\u00e9bit optimal du liquide de refroidissement, sans stress sur votre boucle de refroidissement. Les ailettes en cuivre non embouties de haute qualit\u00e9 avec une densit\u00e9 de 18 FPI offrent le meilleur \u00e9quilibre entre le transfert thermique et la r\u00e9sistance \u00e0 l&rsquo;air, permettant des performances optimales m\u00eame \u00e0 faible vitesse de ventilateur. Pour maximiser les performances de refroidissement, une configuration Push\/Pull peut \u00eatre utilis\u00e9e sur n&rsquo;importe quel radiateur de surface de la s\u00e9rie EK-Quantum P.<\/p>\n<h2>Nouveau et Am\u00e9lior\u00e9<\/h2>\n<p>Le radiateur de la s\u00e9rie EK-Quantum Surface P maximise les performances en utilisant un nouveau noyau de radiateur. En comparant les performances de noyau \u00e0 noyau, le radiateur Surface P offre jusqu&rsquo;\u00e0 10% de meilleures performances que son pr\u00e9d\u00e9cesseur, le CoolStream PE, gr\u00e2ce \u00e0 sa structure d&rsquo;ailette am\u00e9lior\u00e9e et \u00e0 son noyau optimis\u00e9.<\/p>\n<p><img decoding=\"async\" src=\"https:\/\/www.ekwb.com\/shop\/media\/wysiwyg\/EK-Quantum-Surface-18-FPI-Fin-Closeup.jpg\" alt=\"EK-Quantum-Surface-18-FPI-Fin-Closeup\" \/><\/p>\n<p>Les radiateurs premium EK-Quantum Surface sont le fruit de nombreuses ann\u00e9es de d\u00e9veloppement et de recherche de march\u00e9 pour offrir le meilleur produit que le march\u00e9 exige de toutes les mani\u00e8res possibles. La finition des mat\u00e9riaux, la rigidit\u00e9 m\u00e9canique et les performances ont tous \u00e9t\u00e9 port\u00e9s \u00e0 un autre niveau. Comme tous les autres produits de la gamme Quantum, les nouveaux radiateurs Surface d&rsquo;EK apportent de nombreuses am\u00e9liorations en termes de performances, y compris les performances thermiques, la restriction du d\u00e9bit de liquide de refroidissement et la restriction du flux d&rsquo;air.<\/p>\n<p>Avec les vis fournies, ce radiateur est compatible avec les ventilateurs de 120mm ayant une \u00e9paisseur standard de 25mm. EK recommande d&rsquo;utiliser des ventilateurs EK ou des ventilateurs similaires avec des cadres \u00e0 bord scell\u00e9. Cette forme carr\u00e9e classique mais efficace du bo\u00eetier du ventilateur offre des performances optimales dans le r\u00e9gime de traction (suction) ou de pouss\u00e9e (pression) sans aucune perte hydraulique, garantissant ainsi la capacit\u00e9 de refroidissement optimale de vos radiateurs de refroidissement liquide.<\/p>\n<p><img decoding=\"async\" src=\"https:\/\/www.ekwb.com\/shop\/media\/wysiwyg\/EK-Quantum-Surface-Silver-End-Cover-P-Series-White.jpg\" alt=\"EK-Quantum-Surface-Silver-End-Cover-P-Series-White\" \/><\/p>\n<p>Des embouts \u00e9pais en aluminium extrud\u00e9 avec une finition argent\u00e9e contrastante donnent au radiateur un aspect et une sensation haut de gamme. Ils couvrent les composants internes et rejoignent les plaques lat\u00e9rales estamp\u00e9es, cr\u00e9ant une structure rigide et agr\u00e9able \u00e0 manipuler. Les plaques lat\u00e9rales en acier inoxydable sont rev\u00eatues d&rsquo;une peinture blanche semi-mate durable, tandis que les ailettes elles-m\u00eames ont un rev\u00eatement noir mat sp\u00e9cial avec un coefficient de conductivit\u00e9 thermique \u00e9lev\u00e9. La teinte de blanc est soigneusement choisie pour correspondre \u00e0 certains des bo\u00eetiers blancs les plus populaires sur le march\u00e9 des PC.<\/p>\n<h2>Multiport \u2013 Le choix des ports est \u00e0 vous<\/h2>\n<p>Les embouts en aluminium comportent des bouchons et des adaptateurs modulaires qui peuvent \u00eatre interchange\u00e9s et configur\u00e9s par l&rsquo;utilisateur pour un routage optimal des tubes.\u202fCe radiateur multiport a deux ports de connexion filet\u00e9s suppl\u00e9mentaires G1\/4\u201c sur le c\u00f4t\u00e9 et un port suppl\u00e9mentaire \u00e0 l&rsquo;extr\u00e9mit\u00e9 oppos\u00e9e pour la purge de l&rsquo;air.<\/p>\n<p><img decoding=\"async\" src=\"https:\/\/www.ekwb.com\/shop\/media\/wysiwyg\/EK-Quantum-Surface-Ports-P-Series-Multiport-White.jpeg\" alt=\"EK-Quantum-Surface-Silver-End-Cover-P-Series-White\" \/><\/p>\n<h2>Vis M4 \u2013 Standardis\u00e9es, Faciles \u00e0 Trouver<\/h2>\n<p>Des vis noires Philips M4 \u00e0 t\u00eate ronde, robustes, sont fournies pour faciliter l&rsquo;utilisation. Dans les sc\u00e9narios d&rsquo;utilisation g\u00e9n\u00e9rale, EK recommande fortement d&rsquo;utiliser uniquement les vis incluses afin d&rsquo;\u00e9viter tout dommage au radiateur lui-m\u00eame. Cependant, la compatibilit\u00e9 avec les vis M4 permet aux utilisateurs de se procurer des vis plus longues si n\u00e9cessaire. Le noyau de refroidissement est con\u00e7u pour ne causer aucun dommage pr\u00e9judiciable \u00e0 l&rsquo;int\u00e9grit\u00e9 structurelle du radiateur, m\u00eame si l&rsquo;utilisateur utilise par accident des vis plus longues, car elles ne heurteront que les ailettes.<\/p>\n<h2>D\u00e9montage Facile \u2013 Le R\u00eave des Moddeurs DIY<\/h2>\n<p>La gamme EK-Quantum Surface a \u00e9t\u00e9 con\u00e7ue et ex\u00e9cut\u00e9e comme une gamme de produits modulaire plut\u00f4t que des radiateurs de tailles individuelles. Un tel design permet d&rsquo;obtenir un ajustement impeccable et une continuit\u00e9 dans l&rsquo;apparence tout en rendant le processus de d\u00e9montage tr\u00e8s facile et simple. R\u00e9pondre aux besoins de la communaut\u00e9 des moddeurs DIY est quelque chose qu&rsquo;EK a toujours soutenu, donc peindre et modifier votre radiateur Surface sera un jeu d&rsquo;enfant.<\/p>\n<p><img decoding=\"async\" src=\"https:\/\/www.ekwb.com\/shop\/media\/wysiwyg\/EK-Quantum-Surface-Easy_Disassembly-DIY-White.jpg\" alt=\"EK-Quantum-Surface-Easy Disassembly-DIY-White\" \/><\/p>\n<h2>Compatible avec les Loop \u2013 Ne vous inqui\u00e9tez pas pour votre pompe<\/h2>\n<p>La conception de la structure interne des radiateurs a \u00e9t\u00e9 r\u00e9alis\u00e9e en tenant compte d&rsquo;une faible restriction du d\u00e9bit, ne mettant pas de stress inutile sur le reste de la boucle de refroidissement. Cela signifie que vous pourrez ajouter plusieurs radiateurs \u00e0 votre boucle de refroidissement en n&rsquo;utilisant qu&rsquo;une seule pompe (D5 ou DDC). Les radiateurs sont \u00e9galement compatibles avec le flux d&rsquo;air et peu restrictifs, permettant une op\u00e9ration \u00e0 vitesse de ventilateur r\u00e9duite pour atteindre les m\u00eames performances. La faible restriction du flux d&rsquo;air maintient le bo\u00eetier bien ventil\u00e9 et permet aux autres radiateurs du bo\u00eetier de respirer correctement.<\/p>\n<h2>Compatible EK-Matrix7 \u2013 Pour les Circuits de Tubes les Plus Propres<\/h2>\n<p>Puisque toute boucle de refroidissement liquide personnalis\u00e9e est construite \u00e0 partir de plusieurs produits EK, la distinction la plus pr\u00e9cieuse en termes d&rsquo;esth\u00e9tique et de facilit\u00e9 d&rsquo;utilisation vient de la somme de toutes les pi\u00e8ces. Pour y rem\u00e9dier, EK a initi\u00e9 Matrix7, un syst\u00e8me qui standardise les dimensions des produits, ainsi que la position et l&rsquo;espacement des ports. Ce faisant, nous rendons l&rsquo;assemblage des boucles de refroidissement liquide plus intuitif et la r\u00e9alisation de circuits de tubes parall\u00e8les plus propres plus facile que jamais.<\/p>\n<p>Tous les radiateurs de surface EK-Quantum sont compatibles avec EK-Matrix7, ce qui signifie qu&rsquo;ils s&rsquo;int\u00e8grent sans effort avec Reflection\u00b2, la deuxi\u00e8me g\u00e9n\u00e9ration de plaques de distribution Quantum. Cela permet \u00e0 l&rsquo;utilisateur de facilement \u00e9changer et mettre \u00e0 niveau les radiateurs Surface des s\u00e9ries S, P et X dans le m\u00eame bo\u00eetier (\u00e0 condition que le bo\u00eetier prenne en charge des radiateurs plus \u00e9pais dans la m\u00eame position).<\/p>\n<h2>Le radiateur EK-Quantum Surface P remporte le prix \u00ab\u00a0Highly Recommended\u00a0\u00bb de TechPowerUp<\/h2>\n<p>Le radiateur EK-Quantum Surface P a remport\u00e9 le prix \u00ab\u00a0Highly Recommended\u00a0\u00bb de TechPowerUp. Le critique parle tr\u00e8s positivement de ce radiateur et souligne de nombreux avantages, notamment : des performances thermiques excellentes, une tr\u00e8s faible restriction du d\u00e9bit de liquide de refroidissement, cinq ports disponibles, compatible avec les modifications gr\u00e2ce aux plaques de couverture de remplacement \u00e0 venir, deux options de couleur, des trous de vis d\u00e9cal\u00e9s par rapport aux tubes de liquide de refroidissement, etc. \u00ab\u00a0Le nouveau EK-Quantum Surface P m\u00e9rite plus qu&rsquo;une recommandation pour rivaliser fortement avec \u2013 et m\u00eame surpasser certains \u2013 radiateurs de classe 60 mm plus \u00e9pais \u00e9galement\u00a0\u00bb, \u00e9crit TechPowerUp.<\/p>\n<div><\/div>\n<p><img decoding=\"async\" src=\"https:\/\/www.ekwb.com\/shop\/media\/wysiwyg\/EK-Quantum-Surface-Group-P-Series-intext-Awards-2.png\" alt=\"\" \/><\/p>\n<p><strong>Sp\u00e9cifications techniques et mat\u00e9rielles :<\/strong><\/p>\n<ul>\n<li>Ailettes en cuivre haute qualit\u00e9 99,9%<\/li>\n<li>Tubes en cuivre H90<\/li>\n<li>Chambres de r\u00e9servoir en laiton H62<\/li>\n<li>Plaques lat\u00e9rales en acier inoxydable<\/li>\n<li>Embouts en aluminium extrud\u00e9 anodis\u00e9 argent<\/li>\n<li>Adaptateurs et bouchons en laiton plaqu\u00e9 nickel<\/li>\n<\/ul>\n<p>&nbsp;<\/p>\n<ul>\n<li><strong>Dimensions :<\/strong> 405 x 130 x 44 mm (L x l x H)<\/li>\n<li><strong>Poids :<\/strong> 1,6 kg<\/li>\n<li><strong>FPI :<\/strong> 18<\/li>\n<li><strong>Filetage des ports :<\/strong> 5x G1\/4&Prime;<\/li>\n<li><strong>Compatibilit\u00e9 avec les ventilateurs :<\/strong> ventilateur de 120x120x25 mm<\/li>\n<li><strong>Test de pression :<\/strong> 1 bar<\/li>\n<\/ul>\n<p><strong>Inclus :<\/strong><\/p>\n<ul>\n<li>Radiateur s\u00e9rie EK-Quantum Surface P<\/li>\n<li>12x vis \u00e0 t\u00eate fendue Philips M4x30mm pour ventilateurs de 25mm d&rsquo;\u00e9paisseur<\/li>\n<li>12x vis \u00e0 t\u00eate fendue Philips M4x5mm pour montage direct du radiateur au bo\u00eetier<\/li>\n<li>Cl\u00e9 Allen (Hex) en acier de 6mm<\/li>\n<li>Cl\u00e9 Allen (Hex) en acier de 9mm<\/li>\n<\/ul>\n<p class=\"ow_al_txt ow_alert_text\"><strong>NOTE :<\/strong><\/p>\n<div class=\"ow_alert_content\">\n<ul>\n<li><strong>L&rsquo;utilisation de vis trop longues peut entra\u00eener la perforation du noyau du radiateur et endommager irr\u00e9parablement le produit. <\/strong><\/li>\n<li><strong>Une telle mauvaise utilisation n&rsquo;est pas couverte par la garantie du produit ! <\/strong><\/li>\n<li><strong>Ce produit ne doit pas \u00eatre install\u00e9 avec des pi\u00e8ces en aluminium ! Les ailettes du radiateur sont en cuivre, qui est naturellement orange. Lors de la peinture des ailettes, une couche tr\u00e8s fine de peinture est appliqu\u00e9e afin de ne pas r\u00e9duire leurs capacit\u00e9s de transfert thermique. C&rsquo;est pourquoi les ailettes du radiateur sont visiblement orange lorsqu&rsquo;on les regarde sous un angle \u00e9lev\u00e9.<\/strong>\n<div><\/div>\n<\/li>\n<\/ul>\n<\/div>\n<\/div>\n","protected":false},"excerpt":{"rendered":"<p>D\u00e9tails Avec une \u00e9paisseur de 44 mm, les radiateurs de surface de la s\u00e9rie EK-Quantum P sont des radiateurs tout-terrain absolus pour un faible bruit et de hautes performances sur toute la plage de fonctionnement des ventilateurs. \u00c9quip\u00e9 de quatre ports filet\u00e9s G1\/4\u201c, il offre une polyvalence suppl\u00e9mentaire lors du processus de planification de la [&hellip;]<\/p>\n","protected":false},"featured_media":9761,"template":"","meta":{"_genesis_hide_title":false,"_genesis_hide_breadcrumbs":false,"_genesis_hide_singular_image":false,"_genesis_hide_footer_widgets":false,"_genesis_custom_body_class":"","_genesis_custom_post_class":"","_genesis_layout":""},"product_brand":[],"product_cat":[23,33],"product_tag":[],"class_list":{"0":"post-9887","1":"product","2":"type-product","3":"status-publish","4":"has-post-thumbnail","6":"product_cat-radiateurs","7":"product_cat-360mm","8":"entry","10":"first","11":"instock","12":"taxable","13":"shipping-taxable","14":"purchasable","15":"product-type-simple"},"_links":{"self":[{"href":"https:\/\/proliquidpc.com\/fr\/wp-json\/wp\/v2\/product\/9887","targetHints":{"allow":["GET"]}}],"collection":[{"href":"https:\/\/proliquidpc.com\/fr\/wp-json\/wp\/v2\/product"}],"about":[{"href":"https:\/\/proliquidpc.com\/fr\/wp-json\/wp\/v2\/types\/product"}],"wp:featuredmedia":[{"embeddable":true,"href":"https:\/\/proliquidpc.com\/fr\/wp-json\/wp\/v2\/media\/9761"}],"wp:attachment":[{"href":"https:\/\/proliquidpc.com\/fr\/wp-json\/wp\/v2\/media?parent=9887"}],"wp:term":[{"taxonomy":"product_brand","embeddable":true,"href":"https:\/\/proliquidpc.com\/fr\/wp-json\/wp\/v2\/product_brand?post=9887"},{"taxonomy":"product_cat","embeddable":true,"href":"https:\/\/proliquidpc.com\/fr\/wp-json\/wp\/v2\/product_cat?post=9887"},{"taxonomy":"product_tag","embeddable":true,"href":"https:\/\/proliquidpc.com\/fr\/wp-json\/wp\/v2\/product_tag?post=9887"}],"curies":[{"name":"wp","href":"https:\/\/api.w.org\/{rel}","templated":true}]}}