{"id":9888,"date":"2025-02-15T02:27:19","date_gmt":"2025-02-15T07:27:19","guid":{"rendered":"https:\/\/proliquidpc.com\/boutique\/non%20class\u00e9\/ek-loop-uni-support-de-reservoir-de-pompe-120mm\/"},"modified":"2025-02-15T09:42:47","modified_gmt":"2025-02-15T14:42:47","slug":"ek-loop-uni-support-de-reservoir-de-pompe-120mm","status":"publish","type":"product","link":"https:\/\/proliquidpc.com\/fr\/boutique\/supports\/ek-loop-uni-support-de-reservoir-de-pompe-120mm\/","title":{"rendered":"EK-Loop Uni Support de R\u00e9servoir de Pompe &#8211; 120mm"},"content":{"rendered":"<h2>D\u00e9tails<\/h2>\n<div class=\"std\">\n<p>Le support de r\u00e9servoir de pompe EK-Loop UNI &#8211; 120mm est un adaptateur de montage pour l&rsquo;installation des pompes et des unit\u00e9s combin\u00e9es pompe-r\u00e9servoir EK D5, DDC, SPC et VTX sur n&rsquo;importe quel mod\u00e8le de trou de montage de ventilateur de 120mm (espacement des trous de 105mm). De plus, il peut \u00eatre utilis\u00e9 avec l&rsquo;EK-RES X3 Holder 60mm (2 pi\u00e8ces) pour monter n&rsquo;importe quel r\u00e9servoir ou unit\u00e9 combin\u00e9e pompe-r\u00e9servoir avec un tube de 60mm de diam\u00e8tre.<\/p>\n<p>Il peut \u00eatre utilis\u00e9 horizontalement ou verticalement. Le d\u00e9calage sur le support permet un positionnement pr\u00e9cis de la pompe ou du r\u00e9servoir en fonction de vos besoins en d\u00e9gagement ou en routage des tubes. En tournant le support, le d\u00e9calage peut \u00eatre d\u00e9plac\u00e9 vers la gauche, la droite, l&rsquo;arri\u00e8re ou l&rsquo;avant dans une configuration horizontale, et \u00e9galement vers la gauche, la droite, vers le haut ou vers le bas dans une configuration verticale.<\/p>\n<p>Fabriqu\u00e9 en acier peint press\u00e9 de 1,5 mm d&rsquo;\u00e9paisseur. La hauteur du support est de 11,5 mm.<\/p>\n<p><strong>Ce produit est compatible avec les produits EK suivants :<\/strong><\/p>\n<ul>\n<li><strong>Vertical :<\/strong> S\u00e9rie EK-Quantum Kinetic TBE D5 (toutes)<\/li>\n<li><strong>Vertical :<\/strong> S\u00e9rie EK-XRES Revo D5 (toutes)<\/li>\n<li><strong>Vertical :<\/strong> S\u00e9rie EK-XRES X3 (toutes)<\/li>\n<li><strong>Horizontal :<\/strong> S\u00e9rie EK-XTOP DDC (toutes)<\/li>\n<li><strong>Horizontal :<\/strong> S\u00e9rie EK-XRES SPC Classic (toutes)<\/li>\n<li><strong>Horizontal :<\/strong> S\u00e9rie EK-Quantum Kinetic TBE DDC (toutes)<\/li>\n<li><strong>Horizontal :<\/strong> S\u00e9rie EK-Quantum Kinetic TBE VTX (toutes)<\/li>\n<li><strong>Horizontal et Vertical :<\/strong> S\u00e9rie EK-XTOP Revo D5 (toutes)<\/li>\n<\/ul>\n<p><strong>Inclus :<\/strong><\/p>\n<ul>\n<li>Support de r\u00e9servoir de pompe EK-Loop Uni &#8211; 120mm<\/li>\n<li>5x rondelle polyamide M4 0,8mm<\/li>\n<li>5x vis M4x6 DIN7984<\/li>\n<li>5x \u00e9crou M4<\/li>\n<li>Cl\u00e9 Allen 2,5mm<\/li>\n<\/ul>\n<p>&nbsp;<\/p>\n<\/div>\n<div class=\"ow_alert_box\">\n<p class=\"ow_al_txt ow_alert_text\"><strong>NOTES :<\/strong><\/p>\n<div class=\"ow_alert_content\">\n<ul>\n<li><strong>L&rsquo;unit\u00e9 combin\u00e9e de la pompe est uniquement pour d\u00e9monstration et n&rsquo;est pas incluse.<\/strong><\/li>\n<li><strong>Ce produit ne peut pas \u00eatre mont\u00e9 sur les ventilateurs EK-Vardar X3M.<\/strong><\/li>\n<\/ul>\n<\/div>\n<\/div>\n","protected":false},"excerpt":{"rendered":"<p>D\u00e9tails Le support de r\u00e9servoir de pompe EK-Loop UNI &#8211; 120mm est un adaptateur de montage pour l&rsquo;installation des pompes et des unit\u00e9s combin\u00e9es pompe-r\u00e9servoir EK D5, DDC, SPC et VTX sur n&rsquo;importe quel mod\u00e8le de trou de montage de ventilateur de 120mm (espacement des trous de 105mm). De plus, il peut \u00eatre utilis\u00e9 avec [&hellip;]<\/p>\n","protected":false},"featured_media":9752,"template":"","meta":{"_genesis_hide_title":false,"_genesis_hide_breadcrumbs":false,"_genesis_hide_singular_image":false,"_genesis_hide_footer_widgets":false,"_genesis_custom_body_class":"","_genesis_custom_post_class":"","_genesis_layout":""},"product_brand":[],"product_cat":[53],"product_tag":[],"class_list":{"0":"post-9888","1":"product","2":"type-product","3":"status-publish","4":"has-post-thumbnail","6":"product_cat-supports","7":"entry","9":"first","10":"instock","11":"taxable","12":"shipping-taxable","13":"purchasable","14":"product-type-simple"},"_links":{"self":[{"href":"https:\/\/proliquidpc.com\/fr\/wp-json\/wp\/v2\/product\/9888","targetHints":{"allow":["GET"]}}],"collection":[{"href":"https:\/\/proliquidpc.com\/fr\/wp-json\/wp\/v2\/product"}],"about":[{"href":"https:\/\/proliquidpc.com\/fr\/wp-json\/wp\/v2\/types\/product"}],"wp:featuredmedia":[{"embeddable":true,"href":"https:\/\/proliquidpc.com\/fr\/wp-json\/wp\/v2\/media\/9752"}],"wp:attachment":[{"href":"https:\/\/proliquidpc.com\/fr\/wp-json\/wp\/v2\/media?parent=9888"}],"wp:term":[{"taxonomy":"product_brand","embeddable":true,"href":"https:\/\/proliquidpc.com\/fr\/wp-json\/wp\/v2\/product_brand?post=9888"},{"taxonomy":"product_cat","embeddable":true,"href":"https:\/\/proliquidpc.com\/fr\/wp-json\/wp\/v2\/product_cat?post=9888"},{"taxonomy":"product_tag","embeddable":true,"href":"https:\/\/proliquidpc.com\/fr\/wp-json\/wp\/v2\/product_tag?post=9888"}],"curies":[{"name":"wp","href":"https:\/\/api.w.org\/{rel}","templated":true}]}}