{"id":9889,"date":"2025-02-14T12:37:54","date_gmt":"2025-02-14T17:37:54","guid":{"rendered":"https:\/\/proliquidpc.com\/boutique\/non%20class\u00e9\/ek-quantum-velocity%c2%b2-edge-d-rgb-1700-edition-speciale-noire\/"},"modified":"2025-02-15T09:48:09","modified_gmt":"2025-02-15T14:48:09","slug":"ek-quantum-velocity%c2%b2-edge-d-rgb-1700-edition-speciale-noire","status":"publish","type":"product","link":"https:\/\/proliquidpc.com\/fr\/boutique\/cpu-waterblock\/cpu-intel\/ek-quantum-velocity%c2%b2-edge-d-rgb-1700-edition-speciale-noire\/","title":{"rendered":"EK-Quantum Velocity\u00b2 Edge D-RGB &#8211; 1700 \u00c9dition Sp\u00e9ciale Noire"},"content":{"rendered":"<h2>D\u00e9tails<\/h2>\n<div class=\"std\">\n<p>Le EK-Quantum Velocity\u00b2 Edge D-RGB &#8211; 1700 \u00c9dition Sp\u00e9ciale Noire est un t\u00e9moignage de la technologie de refroidissement de pointe et de la sophistication esth\u00e9tique. Con\u00e7u pour la plate-forme bas\u00e9e sur le socket Intel\u00ae LGA 1700, ce waterblock CPU haute performance et de qualit\u00e9 sup\u00e9rieure se distingue par son couvercle sup\u00e9rieur visuellement saisissant \u2013 une \u00e9tonnante s\u00e9rie de t\u00e9tra\u00e8dres irr\u00e9guliers usin\u00e9s par CNC. Fabriqu\u00e9 en aluminium de haute qualit\u00e9 et anodis\u00e9 avec une finition noire \u00e9l\u00e9gante, ce design unique ajoute une apparence in\u00e9gal\u00e9e et am\u00e9liore les dynamiques de lumi\u00e8re et d&rsquo;ombre, cr\u00e9ant une d\u00e9claration esth\u00e9tique audacieuse. Cette caract\u00e9ristique distinctive est la marque de fabrique de l&rsquo;\u00e9dition sp\u00e9ciale Velocity\u00b2 Edge, la positionnant comme une pi\u00e8ce ma\u00eetresse dans toute configuration PC haut de gamme.<\/p>\n<p><img decoding=\"async\" title=\"EK Velocity 2 edge CPU water block for Intel LGA 1700 CPUs\" src=\"https:\/\/www.ekwb.com\/shop\/media\/wysiwyg\/EK-Quantum-Velocity2-Edge-D-RGB-1700-Black-Special-Edition-intext2.png\" alt=\"EK Velocity 2 edge CPU water block for Intel LGA 1700 CPUs\" \/><\/p>\n<h3>Moteur de Refroidissement OptiFlow<\/h3>\n<p>Au c\u0153ur du EK-Quantum Velocity\u00b2 Edge D-RGB &#8211; 1700 \u00c9dition Sp\u00e9ciale Noire se trouve le moteur de refroidissement OptiFlow de nouvelle g\u00e9n\u00e9ration. Ce moteur avanc\u00e9 est m\u00e9ticuleusement adapt\u00e9 pour le layout de l&rsquo;IHS et du die des processeurs sur socket Intel LGA 1700, utilisant une combinaison sp\u00e9cifique de pression de montage et de g\u00e9om\u00e9trie de la plaque froide. Le r\u00e9sultat est un design \u00e0 faible restriction du flux hydraulique, permettant l&rsquo;utilisation de pompes \u00e0 eau moins puissantes ou des vitesses de pompe r\u00e9duites pour un fonctionnement plus silencieux, tout en maintenant des niveaux de performance exceptionnels. La plaque froide usin\u00e9e au tour assure un contact optimal et un transfert de chaleur, couvrant compl\u00e8tement le processeur et se conformant aux directives de zone s\u00fbre d&rsquo;Intel.<\/p>\n<h3>Mat\u00e9riaux et Fabrication du Waterblock<\/h3>\n<p>La plaque froide de ce waterblock est fabriqu\u00e9e en cuivre \u00e9lectrolytique pur \u00e0 99,99 % de la plus haute qualit\u00e9, usin\u00e9e avec pr\u00e9cision pour garantir le meilleur contact possible et un transfert de chaleur sup\u00e9rieur. Cette version du waterblock poss\u00e8de une plaque froide nickel\u00e9e associ\u00e9e \u00e0 un dessus en plexiglas robuste. Ajoutant \u00e0 son design distinctif, le couvercle sup\u00e9rieur est fabriqu\u00e9 en aluminium de haute qualit\u00e9, usin\u00e9 avec pr\u00e9cision en une s\u00e9rie de t\u00e9tra\u00e8dres irr\u00e9guliers et fini par une anodisation noire \u00e9l\u00e9gante. Avant le processus CNC, le mat\u00e9riau du couvercle sup\u00e9rieur, compos\u00e9 d&rsquo;une feuille d&rsquo;aluminium de 30 mm d&rsquo;\u00e9paisseur, est soigneusement pr\u00e9par\u00e9, garantissant robustesse et pr\u00e9cision dans la conception. Cette combinaison m\u00e9ticuleuse de mat\u00e9riaux de premi\u00e8re qualit\u00e9 et de techniques de fabrication avanc\u00e9es offre \u00e0 la fois des performances exceptionnelles et une esth\u00e9tique saisissante.<\/p>\n<h3>Syst\u00e8me Brevet\u00e9 EK-ExactMount<\/h3>\n<p>Notre syst\u00e8me brevet\u00e9 EK-ExactMount r\u00e9volutionne le processus d&rsquo;installation. Compos\u00e9 de seulement trois composants \u2013 une plaque arri\u00e8re, des vis de montage et le waterblock lui-m\u00eame \u2013 il offre une apparence frontale sans couture et esth\u00e9tiquement agr\u00e9able sans aucune vis visible. Les ressorts pr\u00e9-tensionn\u00e9s cach\u00e9s dans le dessus du waterblock assurent une installation rapide et la pression de montage correcte, rendant le processus convivial et s\u00fbr pour votre mat\u00e9riel.<\/p>\n<p><img decoding=\"async\" title=\"EK Exact Mount\" src=\"https:\/\/www.ekwb.com\/shop\/media\/wysiwyg\/EK-Quantum_Velocity__D-RGB-1700_RR_Nickel_Plexi_intext_3_1.jpeg\" alt=\"EK Exact Mount\" \/><\/p>\n<h3>\u00c9clairage LED D-RGB \u00c9blouissant<\/h3>\n<p>Compatible avec toutes les technologies de synchronisation RGB adressables populaires des principaux fabricants de cartes m\u00e8res, le EK-Quantum Velocity\u00b2 Edge D-RGB &#8211; 1700 \u00c9dition Sp\u00e9ciale Noire dispose de 25 LED RGB adressables. Ces LED cr\u00e9ent un affichage lumineux sophistiqu\u00e9, accentuant le design unique des t\u00e9tra\u00e8dres et am\u00e9liorant l&rsquo;attrait global de votre syst\u00e8me. Le marquage en fl\u00e8che sur le connecteur LED D-RGB \u00e0 3 broches doit \u00eatre align\u00e9 avec le marquage +5V sur l&rsquo;en-t\u00eate D-RGB.<\/p>\n<p><img decoding=\"async\" title=\"EK Velocity 2 edge CPU water block for Intel LGA 1700 CPUs\" src=\"https:\/\/www.ekwb.com\/shop\/media\/wysiwyg\/EK-Quantum-Velocity2-Edge-D-RGB-1700-Black-Special-Edition-intext5.png\" alt=\"EK Velocity 2 edge CPU water block for Intel LGA 1700 CPUs\" \/><\/p>\n<h3>EK-Matrix7<\/h3>\n<p>Ce waterblock \u00c9dition Sp\u00e9ciale est enti\u00e8rement conforme \u00e0 l&rsquo;EK-Matrix7, notre standard innovant en mati\u00e8re de refroidissement liquide pour PC. EK-Matrix7 g\u00e8re la hauteur des produits et la distance des ports par incr\u00e9ments de 7 mm, am\u00e9liorant l&rsquo;alignement et simplifiant la planification des boucles et le processus de courbure des tubes. Ce syst\u00e8me transforme la complexit\u00e9 de la construction d&rsquo;un PC refroidi par liquide en une exp\u00e9rience fluide et agr\u00e9able.<\/p>\n<h3>Un H\u00e9ritage Prim\u00e9<\/h3>\n<p>Les produits EK Velocity\u00b2 ont re\u00e7u cinq r\u00e9compenses prestigieuses pour leurs performances, leur design innovant et leur approche audacieuse des solutions de refroidissement par eau. Le EK-Quantum Velocity\u00b2 Edge D-RGB &#8211; 1700 \u00c9dition Sp\u00e9ciale Noire h\u00e9rite de cet h\u00e9ritage d&rsquo;excellence, avec des r\u00e9compenses telles que le iF Design, les European Hardware Awards, le CES 22, et bien d&rsquo;autres.<\/p>\n<p><strong>Sp\u00e9cifications techniques :<\/strong><\/p>\n<ul>\n<li>Dimensions : 94,5 x 94,5 x 40,5 mm<\/li>\n<li>Longueur du c\u00e2ble D-RGB : 50 cm<\/li>\n<li>Connecteur D-RGB : en-t\u00eate LED num\u00e9rique \u00e0 3 broches 5V (Configuration des broches : +5V | Digital | Bloqu\u00e9 | Masse)<\/li>\n<\/ul>\n<p><strong>Compatibilit\u00e9 des sockets CPU :<\/strong><\/p>\n<ul>\n<li>Intel LGA 1700<\/li>\n<\/ul>\n<p><strong>Inclus :<\/strong><\/p>\n<ul>\n<li>EK-Quantum Velocity\u00b2 Edge D-RGB &#8211; 1700 \u00c9dition Sp\u00e9ciale Noire<\/li>\n<li>ExactMount : M\u00e9canisme de montage universel pour CPU<\/li>\n<li>Plaque arri\u00e8re EK-Velocity\u00b2<\/li>\n<li>Cl\u00e9 Allen (HEX) de 2,5 mm<\/li>\n<li>Plaque de jet pour LGA 1700<\/li>\n<li>P\u00e2te thermique EK-Loop NGP<\/li>\n<\/ul>\n<p><strong>REMARQUE :<\/strong><\/p>\n<ul>\n<li>Ce produit ne doit PAS \u00eatre install\u00e9 avec des pi\u00e8ces EK Fluid Gaming en aluminium !<\/li>\n<li>L&rsquo;utilisation de liquides de refroidissement sp\u00e9cialement con\u00e7us contenant des inhibiteurs de corrosion, de tartre et biologiques est obligatoire pour \u00e9viter d&rsquo;endommager votre waterblock plaqu\u00e9 nickel ! EK propose une s\u00e9lection de tels produits dans la section <strong>liquides de refroidissement<\/strong>.<\/li>\n<li>Le marquage en fl\u00e8che sur le connecteur LED \u00e0 3 broches doit \u00eatre align\u00e9 avec le marquage +5V sur l&rsquo;en-t\u00eate D-RGB (A-RGB).<\/li>\n<\/ul>\n<\/div>\n","protected":false},"excerpt":{"rendered":"<p>D\u00e9tails Le EK-Quantum Velocity\u00b2 Edge D-RGB &#8211; 1700 \u00c9dition Sp\u00e9ciale Noire est un t\u00e9moignage de la technologie de refroidissement de pointe et de la sophistication esth\u00e9tique. Con\u00e7u pour la plate-forme bas\u00e9e sur le socket Intel\u00ae LGA 1700, ce waterblock CPU haute performance et de qualit\u00e9 sup\u00e9rieure se distingue par son couvercle sup\u00e9rieur visuellement saisissant \u2013 [&hellip;]<\/p>\n","protected":false},"featured_media":9739,"template":"","meta":{"_genesis_hide_title":false,"_genesis_hide_breadcrumbs":false,"_genesis_hide_singular_image":false,"_genesis_hide_footer_widgets":false,"_genesis_custom_body_class":"","_genesis_custom_post_class":"","_genesis_layout":""},"product_brand":[],"product_cat":[43,36],"product_tag":[],"class_list":{"0":"post-9889","1":"product","2":"type-product","3":"status-publish","4":"has-post-thumbnail","6":"product_cat-cpu-intel","7":"product_cat-cpu-waterblock","8":"entry","10":"first","11":"instock","12":"taxable","13":"shipping-taxable","14":"purchasable","15":"product-type-simple"},"_links":{"self":[{"href":"https:\/\/proliquidpc.com\/fr\/wp-json\/wp\/v2\/product\/9889","targetHints":{"allow":["GET"]}}],"collection":[{"href":"https:\/\/proliquidpc.com\/fr\/wp-json\/wp\/v2\/product"}],"about":[{"href":"https:\/\/proliquidpc.com\/fr\/wp-json\/wp\/v2\/types\/product"}],"wp:featuredmedia":[{"embeddable":true,"href":"https:\/\/proliquidpc.com\/fr\/wp-json\/wp\/v2\/media\/9739"}],"wp:attachment":[{"href":"https:\/\/proliquidpc.com\/fr\/wp-json\/wp\/v2\/media?parent=9889"}],"wp:term":[{"taxonomy":"product_brand","embeddable":true,"href":"https:\/\/proliquidpc.com\/fr\/wp-json\/wp\/v2\/product_brand?post=9889"},{"taxonomy":"product_cat","embeddable":true,"href":"https:\/\/proliquidpc.com\/fr\/wp-json\/wp\/v2\/product_cat?post=9889"},{"taxonomy":"product_tag","embeddable":true,"href":"https:\/\/proliquidpc.com\/fr\/wp-json\/wp\/v2\/product_tag?post=9889"}],"curies":[{"name":"wp","href":"https:\/\/api.w.org\/{rel}","templated":true}]}}