{"id":9890,"date":"2025-02-12T14:16:48","date_gmt":"2025-02-12T19:16:48","guid":{"rendered":"https:\/\/proliquidpc.com\/boutique\/non%20class\u00e9\/ek-quantum-torque-double-rotary-offset-28-titane-satine\/"},"modified":"2025-02-15T09:49:55","modified_gmt":"2025-02-15T14:49:55","slug":"ek-quantum-torque-double-rotary-offset-28-titane-satine","status":"publish","type":"product","link":"https:\/\/proliquidpc.com\/fr\/boutique\/fittings\/45-90-190\/ek-quantum-torque-double-rotary-offset-28-titane-satine\/","title":{"rendered":"EK-Quantum Torque Double Rotary Offset 28 &#8211; Titane Satin\u00e9"},"content":{"rendered":"<h2>D\u00e9tails<\/h2>\n<div class=\"std\">\n<p><span data-ccp-props=\"{&quot;201341983&quot;:0,&quot;335551550&quot;:0,&quot;335551620&quot;:0,&quot;335559739&quot;:160,&quot;335559740&quot;:259}\">Le EK-Quantum Torque Double Rotary Offset 28 &#8211; Titane Satin\u00e9 est un adaptateur de d\u00e9calage filet\u00e9 m\u00e2le+femelle premium de 28 mm avec deux joints s\u00e9par\u00e9s, chacun avec son propre m\u00e9canisme de rotation. Il est couramment utilis\u00e9 pour d\u00e9caler deux tubes parall\u00e8les ou perpendiculaires et est id\u00e9al pour les waterblocks de GPU et CPU afin d&rsquo;aligner le tube directement avec le port de la plaque de distribution. Esth\u00e9tiquement, il s&rsquo;harmonise parfaitement avec les raccords et adaptateurs de la s\u00e9rie EK-Quantum Torque. Ces raccords remplacent efficacement les trois produits suivants \u2013 les rotatifs angulaires \u00e0 45 et 90 degr\u00e9s, ainsi qu&rsquo;un prolongateur 7 MF.<\/span><\/p>\n<p><img decoding=\"async\" title=\"EK-Quantum Torque fitting series double rotary offsets\" src=\"https:\/\/b2b.ekwb.com\/media\/wysiwyg\/EK-Quantum-Torque-Double-Rotary-Offset-28-Satin-Titanium-intext9.png\" alt=\"EK-Quantum Torque fitting series double rotary offsets\" \/><br \/>\nFabriqu\u00e9 en laiton usin\u00e9 CNC avec une finition argent satin\u00e9. Scell\u00e9 avec des joints toriques en NBR de qualit\u00e9. Contrairement aux d\u00e9calages rotatifs pr\u00e9c\u00e9dents d&rsquo;EK pour 7 et 14 mm, ces raccords se composent de deux pi\u00e8ces et comportent \u00e9galement un \u00e9l\u00e9ment rotatif au milieu. Cela leur permet non seulement de d\u00e9caler le port, mais aussi de changer l&rsquo;angle. Il y a des clics tactiles \u00e0 chaque tour de 45 degr\u00e9s pour positionner facilement le raccord selon les besoins de votre configuration, mais le d\u00e9calage peut \u00e9galement \u00eatre arr\u00eat\u00e9 et utilis\u00e9 \u00e0 n&rsquo;importe quel angle.<\/p>\n<p><span class=\"EOP SCXW72908300 BCX0\" data-ccp-props=\"{&quot;201341983&quot;:0,&quot;335551550&quot;:6,&quot;335551620&quot;:6,&quot;335559739&quot;:160,&quot;335559740&quot;:259}\"><img decoding=\"async\" title=\"EK-Quantum Torque fitting series double rotary offsets\" src=\"https:\/\/b2b.ekwb.com\/media\/wysiwyg\/EK-Quantum-Torque-Double-Rotary-Offset-28-Nickel-intext2.png\" alt=\"EK-Quantum Torque fitting series double rotary offsets\" \/><\/span><\/p>\n<p>Il peut \u00eatre serr\u00e9 par le haut \u00e0 l&rsquo;aide d&rsquo;une cl\u00e9 hexagonale pour plus de commodit\u00e9 ou dans le cas o\u00f9 le moletage habituel n&rsquo;est pas accessible.<\/p>\n<p><span data-ccp-props=\"{&quot;201341983&quot;:0,&quot;335551550&quot;:0,&quot;335551620&quot;:0,&quot;335559739&quot;:160,&quot;335559740&quot;:259}\"><img decoding=\"async\" title=\"EK-Quantum Torque fitting series double rotary offsets\" src=\"https:\/\/b2b.ekwb.com\/media\/wysiwyg\/EK-Quantum-Torque-Double-Rotary-Offset-28-Nickel-intext4.png\" alt=\"EK-Quantum Torque fitting series double rotary offsets\" \/><\/span><\/p>\n<p>Les raccords sont tr\u00e8s utiles pour aligner parfaitement les tubes rigides avec une plaque de distribution lorsque vous souhaitez obtenir des parcours de tubes parall\u00e8les depuis le GPU ou le CPU. Con\u00e7us sp\u00e9cifiquement selon la norme EK-Matrix7, ils compl\u00e8tent la hauteur variable des waterblocks GPU Vector\u00b2 et leur permettent de s&rsquo;aligner parfaitement avec une course droite vers la plaque de distribution.<\/p>\n<p><img decoding=\"async\" src=\"https:\/\/b2b.ekwb.com\/media\/wysiwyg\/Custom_Loop\/Fittings\/EK-Quantum_Torque_IF-AWARD-2021__NICKEL.png\" \/><\/p>\n<p><strong>Les produits de la s\u00e9rie EK-Quantum Torque ont re\u00e7u le prestigieux prix iF Design. Une esth\u00e9tique robuste et industrielle distingue la famille Torque en mettant en valeur les processus de fabrication pr\u00e9cis utilis\u00e9s pour les cr\u00e9er. De plus, les passionn\u00e9s peuvent ajouter une bague de couleur unique pour donner une touche personnelle \u00e0 la ligne de raccords. La famille des raccords Torque offre un syst\u00e8me de connexions s\u00fbr et modulaire entre les composants de refroidissement liquide et les tubes dans un PC. Les produits de la s\u00e9rie Quantum Torque couvrent les adaptateurs angulaires, les prolongateurs rotatifs et statiques, les r\u00e9partiteurs, les bouchons G1\/4&Prime;, les vannes de vidange, les raccords, et bien plus encore.<\/strong><\/p>\n<p><strong>Donn\u00e9es techniques :<\/strong><\/p>\n<ul>\n<li>Filetage : 2 x G1\/4&Prime; (M\u00e2le-Femelle)<\/li>\n<li>Longueur du filetage : 4,5 mm<\/li>\n<li>Mat\u00e9riau : Laiton<\/li>\n<li>Hauteur install\u00e9e : 33 mm<\/li>\n<li>Finition : Titane Satin\u00e9<\/li>\n<li>D\u00e9calage : 28 mm<\/li>\n<li>Diam\u00e8tre ext\u00e9rieur : 23 mm<\/li>\n<\/ul>\n<\/div>\n","protected":false},"excerpt":{"rendered":"<p>D\u00e9tails Le EK-Quantum Torque Double Rotary Offset 28 &#8211; Titane Satin\u00e9 est un adaptateur de d\u00e9calage filet\u00e9 m\u00e2le+femelle premium de 28 mm avec deux joints s\u00e9par\u00e9s, chacun avec son propre m\u00e9canisme de rotation. Il est couramment utilis\u00e9 pour d\u00e9caler deux tubes parall\u00e8les ou perpendiculaires et est id\u00e9al pour les waterblocks de GPU et CPU afin [&hellip;]<\/p>\n","protected":false},"featured_media":9722,"template":"","meta":{"_genesis_hide_title":false,"_genesis_hide_breadcrumbs":false,"_genesis_hide_singular_image":false,"_genesis_hide_footer_widgets":false,"_genesis_custom_body_class":"","_genesis_custom_post_class":"","_genesis_layout":""},"product_brand":[],"product_cat":[45,29],"product_tag":[],"class_list":{"0":"post-9890","1":"product","2":"type-product","3":"status-publish","4":"has-post-thumbnail","6":"product_cat-45-90-190","7":"product_cat-fittings","8":"entry","10":"first","11":"instock","12":"taxable","13":"shipping-taxable","14":"purchasable","15":"product-type-simple"},"_links":{"self":[{"href":"https:\/\/proliquidpc.com\/fr\/wp-json\/wp\/v2\/product\/9890","targetHints":{"allow":["GET"]}}],"collection":[{"href":"https:\/\/proliquidpc.com\/fr\/wp-json\/wp\/v2\/product"}],"about":[{"href":"https:\/\/proliquidpc.com\/fr\/wp-json\/wp\/v2\/types\/product"}],"wp:featuredmedia":[{"embeddable":true,"href":"https:\/\/proliquidpc.com\/fr\/wp-json\/wp\/v2\/media\/9722"}],"wp:attachment":[{"href":"https:\/\/proliquidpc.com\/fr\/wp-json\/wp\/v2\/media?parent=9890"}],"wp:term":[{"taxonomy":"product_brand","embeddable":true,"href":"https:\/\/proliquidpc.com\/fr\/wp-json\/wp\/v2\/product_brand?post=9890"},{"taxonomy":"product_cat","embeddable":true,"href":"https:\/\/proliquidpc.com\/fr\/wp-json\/wp\/v2\/product_cat?post=9890"},{"taxonomy":"product_tag","embeddable":true,"href":"https:\/\/proliquidpc.com\/fr\/wp-json\/wp\/v2\/product_tag?post=9890"}],"curies":[{"name":"wp","href":"https:\/\/api.w.org\/{rel}","templated":true}]}}