{"id":9893,"date":"2025-02-10T04:15:25","date_gmt":"2025-02-10T09:15:25","guid":{"rendered":"https:\/\/proliquidpc.com\/boutique\/non%20class\u00e9\/ek-quantum-velocity%c2%b2-d-rgb-am5-nickel-plexi\/"},"modified":"2025-02-15T09:55:22","modified_gmt":"2025-02-15T14:55:22","slug":"ek-quantum-velocity%c2%b2-d-rgb-am5-nickel-plexi","status":"publish","type":"product","link":"https:\/\/proliquidpc.com\/fr\/boutique\/cpu-waterblock\/cpu-amd\/ek-quantum-velocity%c2%b2-d-rgb-am5-nickel-plexi\/","title":{"rendered":"EK-Quantum Velocity\u00b2 D-RGB &#8211; AM5 Nickel + Plexi"},"content":{"rendered":"<h2>D\u00e9tails<\/h2>\n<div class=\"std\">\n<p><img decoding=\"async\" src=\"https:\/\/www.ekwb.com\/shop\/media\/wysiwyg\/EK-Quantum_Velocity2_AM5_Ryzen_7000_Compatibility.jpg\" alt=\"EK-Quantum Velocity\u00b2 D-RGB AM5 Ryzen 7000 Compatibility\" \/><\/p>\n<p>Ce waterblock sp\u00e9cifique au socket EK-Quantum Velocity\u00b2 est con\u00e7u sp\u00e9cifiquement pour le socket AMD\u00ae AM5 et les processeurs Ryzen de la s\u00e9rie 7000. Il est construit sur une plateforme prim\u00e9e, reconnue sur le march\u00e9, qui a re\u00e7u le prix IF Design, le prix European Hardware, le prix CES Innovation et plusieurs autres r\u00e9compenses de performance. Avec un design r\u00e9volutionnaire \u00ab\u00a0clean-front\u00a0\u00bb, sans vis de montage visibles, les waterblocks Velocity\u00b2 sont en voie de surpasser leur pr\u00e9d\u00e9cesseur et de prendre la t\u00eate du march\u00e9.<\/p>\n<p>Les cartes m\u00e8res pr\u00e9sent\u00e9es sur cette page produit sont :<\/p>\n<ul>\n<li>GIGABYTE X670E AORUS MASTER<\/li>\n<li>MSI MPG X670E CARBON WIFI<\/li>\n<\/ul>\n<p>Le EK-Quantum Velocity\u00b2 D-RGB &#8211; AM5 Nickel + Plexi est un waterblock CPU de haute qualit\u00e9 et de performance pour la plateforme socket AMD AM5. Il est dot\u00e9 d&rsquo;un moteur de refroidissement de nouvelle g\u00e9n\u00e9ration sp\u00e9cifique au socket, adapt\u00e9 \u00e0 l&rsquo;IHS et \u00e0 la disposition du die des processeurs Ryzen de la s\u00e9rie 7000. Ce waterblock CPU est conforme \u00e0 la norme EK-Matrix7 et est mont\u00e9 via le syst\u00e8me brevet\u00e9 EK Exact Mount.<\/p>\n<p><img decoding=\"async\" src=\"https:\/\/www.ekwb.com\/shop\/media\/wysiwyg\/EK-Quantum-Velocity2-AM5-CPU-Water-Block-01-Nickel_Plexi-Wide2.png\" alt=\"EK-Quantum Velocity2 D-RGB - AM5 Nickel + Plexi\" \/><\/p>\n<h3>Moteur de Refroidissement Sp\u00e9cifique au Socket<\/h3>\n<p>Le Velocity\u00b2 int\u00e8gre un moteur de refroidissement haute performance \u00e0 faible restriction de flux hydraulique sp\u00e9cifique au socket, obtenu gr\u00e2ce \u00e0 une combinaison de pression de montage et de g\u00e9om\u00e9trie de la plaque froide adapt\u00e9e \u00e0 l&rsquo;IHS et \u00e0 la disposition du die du socket AMD AM5. La plaque froide usin\u00e9e au tour est fabriqu\u00e9e avec pr\u00e9cision pour couvrir efficacement l&rsquo;IHS et exercer une pression optimale sur la zone du die. Le flux est \u00e9galement dirig\u00e9 vers les zones qui en ont le plus besoin gr\u00e2ce \u00e0 une d\u00e9coupe asym\u00e9trique de la plaque de jet. Les waterblocks de la s\u00e9rie Velocity\u00b2 couvrent l&rsquo;ensemble du socket tout en respectant les directives concernant la pression de montage et les zones d&rsquo;exclusion du socket.<\/p>\n<p><img decoding=\"async\" src=\"https:\/\/www.ekwb.com\/shop\/media\/wysiwyg\/EK-Quantum-Velocity2-AM5-Copper-Coldplate-Wide.jpg\" alt=\"EK-Quantum Velocity2 D-RGB - AM5 Cold Plate\" \/><\/p>\n<h3>EK-ExactMount<\/h3>\n<p>En raison de la plaque arri\u00e8re robuste et int\u00e9gr\u00e9e des cartes m\u00e8res AM5, le syst\u00e8me de montage brevet\u00e9 EK-ExactMount a \u00e9t\u00e9 r\u00e9invent\u00e9 pour un processus d&rsquo;installation encore plus simple. Le r\u00e9sultat final est un m\u00e9canisme de montage encore plus facile \u00e0 utiliser et \u00ab\u00a0invisible\u00a0\u00bb car tout le syst\u00e8me de montage est \u00e0 l&rsquo;int\u00e9rieur du waterblock, et il s&rsquo;agit d\u00e9sormais d&rsquo;un v\u00e9ritable produit monobloc. La plaque arri\u00e8re est mont\u00e9e en usine sur la carte m\u00e8re, et les vis Torx \u00e0 ressort sont int\u00e9gr\u00e9es dans le waterblock et se vissent par rotation antihoraire dans la plaque arri\u00e8re d&rsquo;origine de la carte m\u00e8re.<\/p>\n<p><img decoding=\"async\" src=\"https:\/\/www.ekwb.com\/shop\/media\/wysiwyg\/EK-Quantum-Velocity2-AM5-ExactMount-Wide.jpg\" alt=\"EK-Quantum Velocity2 AM5 EK-ExactMount\" \/><\/p>\n<p>Les vis de montage int\u00e9gr\u00e9es sont con\u00e7ues avec un dispositif de but\u00e9e dure, de sorte que lorsque les vis atteignent la fin du filetage, le bloc est parfaitement mont\u00e9 et tendu. Cela \u00e9limine les risques de serrage excessif du waterblock et de dommages potentiels \u00e0 votre carte m\u00e8re et\/ou processeur.<\/p>\n<h3>Mat\u00e9riaux et Fabrication du Waterblock<\/h3>\n<p>La plaque froide est fabriqu\u00e9e en cuivre \u00e9lectrolytique pur \u00e0 99,99 % de la plus haute qualit\u00e9, usin\u00e9e avec pr\u00e9cision pour garantir le meilleur contact possible et un transfert de chaleur optimal, puis nickel\u00e9e. Cette version du waterblock pr\u00e9sente une plaque froide nickel\u00e9e avec une partie sup\u00e9rieure en acrylique coul\u00e9 usin\u00e9e par CNC.<\/p>\n<p><img decoding=\"async\" title=\"EK velocity2 AM5 Cold plate\" src=\"https:\/\/www.ekwb.com\/shop\/media\/wysiwyg\/EK-Quantum-Velocity2-AM5-coldplate-wide.jpg\" alt=\"EK velocity2 AM5 Cold plate\" \/><\/p>\n<h3>Conforme \u00e0 la norme EK-Matrix7<\/h3>\n<p>Le EK-Quantum Velocity\u00b2 est un produit compatible EK-Matrix7. L&rsquo;EK-Matrix7 est un raster de produit qui est destin\u00e9 \u00e0 \u00e9tablir une nouvelle norme. EK ajoute une nouvelle dimension au refroidissement liquide pour PC, o\u00f9 la hauteur des produits et la distance entre les ports sont g\u00e9r\u00e9es par des incr\u00e9ments de 7 mm. Cela am\u00e9liore l&rsquo;alignement des produits et r\u00e9duit le temps pass\u00e9 \u00e0 planifier la boucle et \u00e0 plier les tubes. Gr\u00e2ce \u00e0 la planification minutieuse de nos produits, la construction d&rsquo;un PC refroidi par liquide devient facile et amusante, comme des briques de jouets.<\/p>\n<h3>\u00c9clairage LED D-RGB EK-Quantum Velocity\u00b2<\/h3>\n<p>Ce produit est compatible avec toutes les technologies de synchronisation RGB adressables populaires des principaux fabricants de cartes m\u00e8res. Le marquage en fl\u00e8che sur le connecteur LED D-RGB \u00e0 3 broches doit \u00eatre align\u00e9 avec le marquage +5V sur l&rsquo;en-t\u00eate D-RGB. Un total de 17 LED RGB adressables sont cach\u00e9es sous la pi\u00e8ce saillante, qui agit comme un diffuseur.<\/p>\n<p><strong>Sp\u00e9cifications techniques :<\/strong><\/p>\n<ul>\n<li>Longueur du c\u00e2ble D-RGB : 50 cm<\/li>\n<li>Connecteur D-RGB : en-t\u00eate LED num\u00e9rique \u00e0 3 broches 5V (Configuration des broches : +5V | Digital | Bloqu\u00e9 | Masse)<\/li>\n<li>Dimensions : (LxHxW) &#8211; 89&#215;113,5&#215;34 mm<\/li>\n<\/ul>\n<p><strong>Compatibilit\u00e9 des sockets CPU :<\/strong><\/p>\n<ul>\n<li>AMD AM5<\/li>\n<\/ul>\n<div><\/div>\n<div class=\"std\">\n<p><img decoding=\"async\" src=\"https:\/\/www.ekwb.com\/shop\/media\/wysiwyg\/221494965-A_Ryzen_7000_Series_Family_Badge_RGB.jpg\" alt=\"Ryzen_7000_Series_Family_Badge\" \/><\/p>\n<p><strong>Inclus :<\/strong><\/p>\n<ul>\n<li>Waterblock CPU EK-Quantum Velocity\u00b2<\/li>\n<li>Cl\u00e9 Torx T7<\/li>\n<li>P\u00e2te thermique EK-Loop NGP<\/li>\n<\/ul>\n<p><strong>REMARQUE :<\/strong><\/p>\n<ul>\n<li>Ce produit ne doit PAS \u00eatre install\u00e9 avec des pi\u00e8ces de refroidissement liquide en aluminium !<\/li>\n<li>L&rsquo;utilisation de liquides de refroidissement sp\u00e9cialement con\u00e7us contenant des inhibiteurs de corrosion, de tartre et biologiques est obligatoire pour \u00e9viter d&rsquo;endommager votre waterblock plaqu\u00e9 nickel ! EK propose une s\u00e9lection de tels produits dans la section <strong>liquides de refroidissement<\/strong>.<\/li>\n<li>Le marquage en fl\u00e8che sur le connecteur LED \u00e0 3 broches doit \u00eatre align\u00e9 avec le marquage +5V sur l&rsquo;en-t\u00eate D-RGB (A-RGB).<\/li>\n<li>Un embout de vis Torx T7 est un outil obligatoire pour installer le waterblock (inclus).<\/li>\n<li>Les vis de montage sont con\u00e7ues avec un dispositif de but\u00e9e dure. Une fois que la vis atteint la fin du filetage, cessez d&rsquo;appliquer plus de force.<\/li>\n<\/ul>\n<\/div>\n<\/div>\n","protected":false},"excerpt":{"rendered":"<p>D\u00e9tails Ce waterblock sp\u00e9cifique au socket EK-Quantum Velocity\u00b2 est con\u00e7u sp\u00e9cifiquement pour le socket AMD\u00ae AM5 et les processeurs Ryzen de la s\u00e9rie 7000. Il est construit sur une plateforme prim\u00e9e, reconnue sur le march\u00e9, qui a re\u00e7u le prix IF Design, le prix European Hardware, le prix CES Innovation et plusieurs autres r\u00e9compenses de [&hellip;]<\/p>\n","protected":false},"featured_media":9688,"template":"","meta":{"_genesis_hide_title":false,"_genesis_hide_breadcrumbs":false,"_genesis_hide_singular_image":false,"_genesis_hide_footer_widgets":false,"_genesis_custom_body_class":"","_genesis_custom_post_class":"","_genesis_layout":""},"product_brand":[],"product_cat":[37,36],"product_tag":[],"class_list":{"0":"post-9893","1":"product","2":"type-product","3":"status-publish","4":"has-post-thumbnail","6":"product_cat-cpu-amd","7":"product_cat-cpu-waterblock","8":"entry","10":"first","11":"outofstock","12":"taxable","13":"shipping-taxable","14":"purchasable","15":"product-type-simple"},"_links":{"self":[{"href":"https:\/\/proliquidpc.com\/fr\/wp-json\/wp\/v2\/product\/9893","targetHints":{"allow":["GET"]}}],"collection":[{"href":"https:\/\/proliquidpc.com\/fr\/wp-json\/wp\/v2\/product"}],"about":[{"href":"https:\/\/proliquidpc.com\/fr\/wp-json\/wp\/v2\/types\/product"}],"wp:featuredmedia":[{"embeddable":true,"href":"https:\/\/proliquidpc.com\/fr\/wp-json\/wp\/v2\/media\/9688"}],"wp:attachment":[{"href":"https:\/\/proliquidpc.com\/fr\/wp-json\/wp\/v2\/media?parent=9893"}],"wp:term":[{"taxonomy":"product_brand","embeddable":true,"href":"https:\/\/proliquidpc.com\/fr\/wp-json\/wp\/v2\/product_brand?post=9893"},{"taxonomy":"product_cat","embeddable":true,"href":"https:\/\/proliquidpc.com\/fr\/wp-json\/wp\/v2\/product_cat?post=9893"},{"taxonomy":"product_tag","embeddable":true,"href":"https:\/\/proliquidpc.com\/fr\/wp-json\/wp\/v2\/product_tag?post=9893"}],"curies":[{"name":"wp","href":"https:\/\/api.w.org\/{rel}","templated":true}]}}