{"id":9894,"date":"2025-02-10T04:01:11","date_gmt":"2025-02-10T09:01:11","guid":{"rendered":"https:\/\/proliquidpc.com\/boutique\/non%20class\u00e9\/ek-loop-carte-de-jauge-en-acier-inoxydable\/"},"modified":"2025-02-15T09:59:12","modified_gmt":"2025-02-15T14:59:12","slug":"ek-loop-carte-de-jauge-en-acier-inoxydable","status":"publish","type":"product","link":"https:\/\/proliquidpc.com\/fr\/boutique\/outils\/ek-loop-carte-de-jauge-en-acier-inoxydable\/","title":{"rendered":"EK-Loop Carte de Jauge en Acier Inoxydable"},"content":{"rendered":"<div class=\"collateral-block collateral-block--product_description_wrapper\">\n<div class=\"box-collateral box-description\">\n<h2>D\u00e9tails<\/h2>\n<div class=\"std\">\n<p>La Carte de Jauge en Acier Inoxydable EK-Loop est un outil de pr\u00e9cision con\u00e7u pour simplifier le processus d&rsquo;assemblage des syst\u00e8mes de refroidissement liquide pour les passionn\u00e9s et les professionnels. Son objectif principal est de faciliter l&rsquo;identification et la s\u00e9lection des composants compatibles, am\u00e9liorant ainsi l&rsquo;efficacit\u00e9 et permettant de gagner du temps. Cette carte permet de mesurer avec pr\u00e9cision les tailles de boulons et d&rsquo;\u00e9crous, les diam\u00e8tres et longueurs des vis. Elle fournit \u00e9galement des indications claires pour les tailles de cl\u00e9s Allen et de tubes, garantissant une exp\u00e9rience d&rsquo;assemblage optimis\u00e9e.<\/p>\n<p><img decoding=\"async\" title=\"EK gauge tool for custom loop liquid cooling\" src=\"https:\/\/www.ekwb.com\/shop\/media\/wysiwyg\/Stainless-Steel-Gauge-Card-Intext2.jpg\" alt=\"EK gauge tool for custom loop liquid cooling\" \/><\/p>\n<p>De plus, elle permet aux constructeurs de tous niveaux de comp\u00e9tences de construire en toute confiance, en \u00e9vitant les erreurs d&rsquo;assemblage courantes avant qu&rsquo;elles ne surviennent et en facilitant la cr\u00e9ation de syst\u00e8mes de refroidissement liquide efficaces, fiables et visuellement \u00e9poustouflants.<\/p>\n<h3>Caract\u00e9ristiques :<\/h3>\n<p><strong>Conception \u00c9l\u00e9gante et Portable :<\/strong> Con\u00e7ue pour s&rsquo;int\u00e9grer dans les dimensions d&rsquo;une carte de cr\u00e9dit, cet outil offre portabilit\u00e9 et commodit\u00e9. Portez-le dans votre portefeuille, votre bo\u00eete \u00e0 outils, ou gardez-le simplement sur votre bureau pour vous assurer qu&rsquo;il soit toujours l\u00e0 lorsque vous en avez besoin.<\/p>\n<p><strong>Pr\u00e9vention des Erreurs :<\/strong> La Carte de Jauge EK-Loop est con\u00e7ue pour pr\u00e9venir les erreurs d&rsquo;assemblage courantes. Elle fournit des mesures pr\u00e9cises pour les tailles et longueurs des boulons, les tailles d&rsquo;\u00e9crous (M2.5, M3, M4), les diam\u00e8tres de vis (M4, M3.5, M3, M2.5, M2) et les longueurs de vis jusqu&rsquo;\u00e0 30 mm, garantissant un ajustement parfait et \u00e9vitant d&rsquo;endommager les composants sensibles.<\/p>\n<p><img loading=\"lazy\" decoding=\"async\" title=\"EK gauge tool for custom loop liquid cooling\" src=\"https:\/\/www.ekwb.com\/shop\/media\/wysiwyg\/Stainless-Steel-Gauge-Card-Intext1.jpg\" alt=\"EK gauge tool for custom loop liquid cooling\" width=\"900\" height=\"900\" \/><\/p>\n<p><strong>Guide d&rsquo;Outils Complet :<\/strong> Comprend des mesures pour les tailles de cl\u00e9s Allen (2, 2.5, 6, 8, 9 mm) pour aider \u00e0 s\u00e9lectionner l&rsquo;outil correct pour le travail. Elle dispose \u00e9galement de demi-cercles sur le c\u00f4t\u00e9 gauche pour mesurer les diam\u00e8tres ext\u00e9rieurs des tailles de tubes (12, 14 et 16 mm) couramment utilis\u00e9s dans les syst\u00e8mes de refroidissement liquide.<\/p>\n<p><strong>Planification Spatiale du Filetage G1\/4&Prime; :<\/strong> Le dessus de la Carte de Jauge en Acier Inoxydable EK-Loop comporte une d\u00e9coupe en demi-cercle pour les filetages G1\/4&Prime;. Ce design est sp\u00e9cialement con\u00e7u pour aider les utilisateurs \u00e0 visualiser et mesurer l&rsquo;espace que les ports filet\u00e9s G1\/4&Prime; occuperont dans une boucle de refroidissement liquide. Mais surtout, il s&rsquo;agit de la profondeur maximale d&rsquo;un filetage G1\/4&Prime; qui s&rsquo;adaptera \u00e0 tous les produits de boucle personnalis\u00e9e EK.<\/p>\n<p><strong>Inclus :<\/strong><\/p>\n<p>1x Carte de Jauge en Acier Inoxydable EK-Loop<\/p>\n<\/div>\n<\/div>\n<\/div>\n<div class=\"collateral-block collateral-block--product_attributes_wrapper\">\n<div class=\"box-collateral box-additional\">\n<h2><\/h2>\n<\/div>\n<\/div>\n","protected":false},"excerpt":{"rendered":"<p>D\u00e9tails La Carte de Jauge en Acier Inoxydable EK-Loop est un outil de pr\u00e9cision con\u00e7u pour simplifier le processus d&rsquo;assemblage des syst\u00e8mes de refroidissement liquide pour les passionn\u00e9s et les professionnels. Son objectif principal est de faciliter l&rsquo;identification et la s\u00e9lection des composants compatibles, am\u00e9liorant ainsi l&rsquo;efficacit\u00e9 et permettant de gagner du temps. Cette carte [&hellip;]<\/p>\n","protected":false},"featured_media":9677,"template":"","meta":{"_genesis_hide_title":false,"_genesis_hide_breadcrumbs":false,"_genesis_hide_singular_image":false,"_genesis_hide_footer_widgets":false,"_genesis_custom_body_class":"","_genesis_custom_post_class":"","_genesis_layout":""},"product_brand":[],"product_cat":[44],"product_tag":[],"class_list":{"0":"post-9894","1":"product","2":"type-product","3":"status-publish","4":"has-post-thumbnail","6":"product_cat-outils","7":"entry","9":"first","10":"outofstock","11":"taxable","12":"shipping-taxable","13":"purchasable","14":"product-type-simple"},"_links":{"self":[{"href":"https:\/\/proliquidpc.com\/fr\/wp-json\/wp\/v2\/product\/9894","targetHints":{"allow":["GET"]}}],"collection":[{"href":"https:\/\/proliquidpc.com\/fr\/wp-json\/wp\/v2\/product"}],"about":[{"href":"https:\/\/proliquidpc.com\/fr\/wp-json\/wp\/v2\/types\/product"}],"wp:featuredmedia":[{"embeddable":true,"href":"https:\/\/proliquidpc.com\/fr\/wp-json\/wp\/v2\/media\/9677"}],"wp:attachment":[{"href":"https:\/\/proliquidpc.com\/fr\/wp-json\/wp\/v2\/media?parent=9894"}],"wp:term":[{"taxonomy":"product_brand","embeddable":true,"href":"https:\/\/proliquidpc.com\/fr\/wp-json\/wp\/v2\/product_brand?post=9894"},{"taxonomy":"product_cat","embeddable":true,"href":"https:\/\/proliquidpc.com\/fr\/wp-json\/wp\/v2\/product_cat?post=9894"},{"taxonomy":"product_tag","embeddable":true,"href":"https:\/\/proliquidpc.com\/fr\/wp-json\/wp\/v2\/product_tag?post=9894"}],"curies":[{"name":"wp","href":"https:\/\/api.w.org\/{rel}","templated":true}]}}