{"id":9895,"date":"2025-02-10T03:57:29","date_gmt":"2025-02-10T08:57:29","guid":{"rendered":"https:\/\/proliquidpc.com\/boutique\/non%20class\u00e9\/ek-quantum-convection-d5-argent\/"},"modified":"2025-02-15T10:00:16","modified_gmt":"2025-02-15T15:00:16","slug":"ek-quantum-convection-d5-argent","status":"publish","type":"product","link":"https:\/\/proliquidpc.com\/fr\/boutique\/pompes\/pompes-d5-accessoires\/ek-quantum-convection-d5-argent\/","title":{"rendered":"EK-Quantum Convection D5 &#8211; Argent"},"content":{"rendered":"<h2>D\u00e9tails<\/h2>\n<div class=\"std\">\n<p>Le EK-Quantum Convection D5 &#8211; Silver est un couvercle esth\u00e9tique de qualit\u00e9 sup\u00e9rieure pour les pompes D5. Il est fabriqu\u00e9 en aluminium usin\u00e9 CNC et anodis\u00e9. Il est con\u00e7u pour am\u00e9liorer l&rsquo;esth\u00e9tique des pompes D5 et pr\u00e9sente un design rectangulaire avec un trou pratique pour acheminer le c\u00e2ble et le cacher autant que possible, permettant ainsi une apparence plus \u00e9pur\u00e9e.<\/p>\n<p><img decoding=\"async\" title=\"EK D5 cover\" src=\"https:\/\/www.ekwb.com\/shop\/media\/wysiwyg\/EK-Quantum_Convection_D5-Silver_intext-1.png\" alt=\"EK D5 cover\" \/><\/p>\n<p><strong>Ce kit de mise \u00e0 niveau est compatible avec les produits EK suivants :<\/strong><\/p>\n<p>EK-QUANTUM REFLECTION DISTRIBUTION PLATES<\/p>\n<ul>\n<li>EK-Quantum Reflection PC-O11D Mini D5 PWM D-RGB &#8211; Plexi<\/li>\n<li>EK-Quantum Reflection Fractal ATX D5 PWM D-RGB &#8211; Plexi<\/li>\n<li>EK-Quantum Reflection Evolv X D5 PWM D-RGB &#8211; Plexi<\/li>\n<li>EK-Quantum Reflection 1000D D5 PWM D-RGB &#8211; Plexi<\/li>\n<li>EK-Quantum Reflection PC-O11D XL D5 PWM D-RGB &#8211; Plexi<\/li>\n<li>EK-Quantum Reflection PC-O11D D5 PWM D-RGB &#8211; Plexi<\/li>\n<li>EK-Quantum Reflection Uni 140 D5 PWM D-RGB &#8211; Plexi<\/li>\n<li>EK-Quantum Reflection\u00b2 PC-O11D EVO D5 PWM D-RGB &#8211; Plexi<\/li>\n<li>EK-Quantum Reflection\u00b2 PC-O11D XL D5 PWM D-RGB &#8211; Plexi<\/li>\n<li>EK-Quantum Reflection\u00b2 Fractal XL D5 PWM D-RGB &#8211; Plexi<\/li>\n<li>EK-Quantum Reflection\u00b2 PC-O11D EVO XL D5 PWM D-RGB &#8211; Plexi<\/li>\n<li>EK-Quantum Reflection\u00b2 ROG Hyperion D5 PWM D-RGB &#8211; Plexi<\/li>\n<li>EK-Quantum Reflection\u00b2 PC-O11D XL D5 PWM D-RGB &#8211; Screen Edition<\/li>\n<li>EK-Quantum Reflection\u00b2 PC-O11D Mini D5 PWM D-RGB \u2013 Plexi<\/li>\n<li>EK-Quantum Reflection\u00b2 7000D D5 PWM D-RGB \u2013 Plexi<\/li>\n<li>EK-Quantum Reflection\u00b2 V3000 Plus D5 PWM D-RGB &#8211; Plexi<\/li>\n<li>EK-Quantum Reflection\u00b2 MEG Prospect 700R D-RGB &#8211; Plexi<\/li>\n<li>EK-Mana G2 PC-O11D EVO DDC D-RGB Distribution Plate (please check clearance of the case you\u2019re using)<\/li>\n<li>EK-QuantumX Loophole Distroplate D5 PWM &#8211; Black<\/li>\n<li>EK-QuantumX Loophole Distroplate D5 PWM &#8211; Silver<\/li>\n<\/ul>\n<p>EK-QUANTUM KINETIC FLT D5 PUMP-RESERVOIR COMBO UNITS<\/p>\n<ul>\n<li>EK-Quantum Kinetic FLT 80 D5 PWM D-RGB &#8211; Plexi<\/li>\n<li>EK-Quantum Kinetic FLT 120 D5 PWM D-RGB &#8211; Plexi<\/li>\n<li>EK-Quantum Kinetic FLT 240 D5 PWM D-RGB &#8211; Plexi<\/li>\n<li>EK-Quantum Kinetic FLT 360 D5 PWM D-RGB &#8211; Plexi<\/li>\n<\/ul>\n<p><img decoding=\"async\" title=\"EK D5 cover\" src=\"https:\/\/www.ekwb.com\/shop\/media\/wysiwyg\/EK-Quantum_Convection_D5-Silver_intext-2.png\" alt=\"EK D5 cover\" \/><\/p>\n<p>Inclus:<br \/>\n&#8211;\u00a0EK-Quantum\u00a0Convection\u00a0D5<br \/>\n&#8211; Vis de montage<\/p>\n<\/div>\n","protected":false},"excerpt":{"rendered":"<p>D\u00e9tails Le EK-Quantum Convection D5 &#8211; Silver est un couvercle esth\u00e9tique de qualit\u00e9 sup\u00e9rieure pour les pompes D5. Il est fabriqu\u00e9 en aluminium usin\u00e9 CNC et anodis\u00e9. Il est con\u00e7u pour am\u00e9liorer l&rsquo;esth\u00e9tique des pompes D5 et pr\u00e9sente un design rectangulaire avec un trou pratique pour acheminer le c\u00e2ble et le cacher autant que possible, [&hellip;]<\/p>\n","protected":false},"featured_media":9668,"template":"","meta":{"_genesis_hide_title":false,"_genesis_hide_breadcrumbs":false,"_genesis_hide_singular_image":false,"_genesis_hide_footer_widgets":false,"_genesis_custom_body_class":"","_genesis_custom_post_class":"","_genesis_layout":""},"product_brand":[],"product_cat":[46,50],"product_tag":[],"class_list":{"0":"post-9895","1":"product","2":"type-product","3":"status-publish","4":"has-post-thumbnail","6":"product_cat-pompes","7":"product_cat-pompes-d5-accessoires","8":"entry","10":"first","11":"outofstock","12":"taxable","13":"shipping-taxable","14":"purchasable","15":"product-type-simple"},"_links":{"self":[{"href":"https:\/\/proliquidpc.com\/fr\/wp-json\/wp\/v2\/product\/9895","targetHints":{"allow":["GET"]}}],"collection":[{"href":"https:\/\/proliquidpc.com\/fr\/wp-json\/wp\/v2\/product"}],"about":[{"href":"https:\/\/proliquidpc.com\/fr\/wp-json\/wp\/v2\/types\/product"}],"wp:featuredmedia":[{"embeddable":true,"href":"https:\/\/proliquidpc.com\/fr\/wp-json\/wp\/v2\/media\/9668"}],"wp:attachment":[{"href":"https:\/\/proliquidpc.com\/fr\/wp-json\/wp\/v2\/media?parent=9895"}],"wp:term":[{"taxonomy":"product_brand","embeddable":true,"href":"https:\/\/proliquidpc.com\/fr\/wp-json\/wp\/v2\/product_brand?post=9895"},{"taxonomy":"product_cat","embeddable":true,"href":"https:\/\/proliquidpc.com\/fr\/wp-json\/wp\/v2\/product_cat?post=9895"},{"taxonomy":"product_tag","embeddable":true,"href":"https:\/\/proliquidpc.com\/fr\/wp-json\/wp\/v2\/product_tag?post=9895"}],"curies":[{"name":"wp","href":"https:\/\/api.w.org\/{rel}","templated":true}]}}