{"id":9896,"date":"2025-02-10T03:51:09","date_gmt":"2025-02-10T08:51:09","guid":{"rendered":"https:\/\/proliquidpc.com\/boutique\/non%20class\u00e9\/ifixit-mako-ensemble-de-bits-de-precision\/"},"modified":"2025-02-15T10:02:04","modified_gmt":"2025-02-15T15:02:04","slug":"ifixit-mako-ensemble-de-bits-de-precision","status":"publish","type":"product","link":"https:\/\/proliquidpc.com\/fr\/boutique\/outils\/ifixit-mako-ensemble-de-bits-de-precision\/","title":{"rendered":"iFixit Mako Ensemble de Bits de Pr\u00e9cision"},"content":{"rendered":"<h2>D\u00e9tails<\/h2>\n<div class=\"std\">\n<p>L&rsquo;Ensemble de Bits de Pr\u00e9cision Mako d&rsquo;iFixit comprend une poign\u00e9e de tournevis en aluminium de 4 mm avec embout magn\u00e9tique, une prise molet\u00e9e et un dessus pivotant\u2014plus 64 embouts de tournevis de pr\u00e9cision et une extension flexible.<\/p>\n<p>Il a \u00e9t\u00e9 construit \u00e0 l&rsquo;aide de donn\u00e9es provenant de milliers de manuels de r\u00e9paration et de d\u00e9montages d&rsquo;iFixit, garantissant l&rsquo;assortiment de bits le plus compact et complet pour les r\u00e9parations \u00e9lectroniques. Cet ensemble de tournevis comprend des embouts de tournevis standard, de s\u00e9curit\u00e9 et sp\u00e9cialis\u00e9s pour un large \u00e9ventail de r\u00e9parations de PC, de refroidissement liquide et de r\u00e9parations exotiques. Les embouts standard comme les Hex (Allen) vous aideront \u00e0 g\u00e9rer la plupart des produits de refroidissement liquide comme les waterblocks CPU et GPU, les vis de ventilateur et de radiateur, divers supports de pompe\/r\u00e9servoir, et bien plus encore.<\/p>\n<p><img decoding=\"async\" title=\"iFixit kit\" src=\"https:\/\/www.ekwb.com\/shop\/media\/wysiwyg\/3831109833452_iFixit-Mako-Precision-Bit-Set_intext_2.jpg\" alt=\"iFixit kit\" \/><\/p>\n<p>Que vous soyez un moddeur professionnel, un v\u00e9ritable passionn\u00e9 de refroidissement liquide, ou un constructeur d\u00e9butant, cet ensemble de bits a tout ce dont vous avez besoin pour d\u00e9monter et remonter vos produits de refroidissement liquide, ainsi que d&rsquo;autres smartphones, consoles de jeux, objets connect\u00e9s, ordinateurs portables, ordinateurs de bureau, tablettes, petits appareils \u00e9lectrom\u00e9nagers, et bien plus encore. Pour les endroits difficilement accessibles, vous pouvez utiliser l&rsquo;extension flexible qui vous permet d&rsquo;atteindre facilement chaque petit espace, m\u00eame si vous utilisez un bo\u00eetier ITX.<\/p>\n<p>Cet ensemble de bits est r\u00e9invent\u00e9 pour une utilit\u00e9 maximale. Le couvercle de l&rsquo;ensemble de bits est maintenu en place par des aimants pour augmenter la dur\u00e9e de vie du produit (plus de charni\u00e8res ou de fermoirs cass\u00e9s) et peut \u00e9galement \u00eatre mont\u00e9 \u00e0 l&rsquo;arri\u00e8re du bo\u00eetier de l&rsquo;ensemble de bits pour le garder \u00e0 l&rsquo;\u00e9cart pendant que vous travaillez.<\/p>\n<p><strong>Inclus :<\/strong><\/p>\n<ul>\n<li>Bo\u00eetier magn\u00e9tis\u00e9<\/li>\n<li>Couvercle avec plateau de tri int\u00e9gr\u00e9<\/li>\n<li>Extension flexible de 150 mm<\/li>\n<li>Poign\u00e9e de tournevis en aluminium de 4 mm<\/li>\n<li>Phillips &#8211; 000, 00, 0, 1, 2<\/li>\n<li>T\u00eate plate &#8211; 1, 1.5, 2, 2.5, 3, 4 mm<\/li>\n<li>Torx &#8211; T2, T3, T4, T5<\/li>\n<li>Torx de s\u00e9curit\u00e9 &#8211; TR6, TR7, TR8, TR9, TR10, TR15, TR20, TR25<\/li>\n<li>Pentalobe &#8211; P2, P5, P6<\/li>\n<li>JIS &#8211; J000, J00, J0, J1<\/li>\n<li>Hex &#8211; 0.7, 0.9, 1.3, 1.5, 2, 2.5, 3, 3.5, 4, 4.5, 5 mm<\/li>\n<li>Tri-point &#8211; Y000, Y00, Y0, Y1<\/li>\n<li>Douille &#8211; 2.5, 3, 3.5, 4, 5, 5.5 mm<\/li>\n<li>Carr\u00e9 &#8211; 1, 2<\/li>\n<li>Gamebit &#8211; 3.8, 4.5 mm<\/li>\n<li>Spanner &#8211; 6, 8<\/li>\n<li>Triangle &#8211; 2, 3 mm<\/li>\n<li>Embout de support iPhone<\/li>\n<li>Oval Drive<\/li>\n<li>Embout d&rsquo;\u00e9jection de carte SIM<\/li>\n<li>Embout de ramassage magn\u00e9tique<\/li>\n<li>Adaptateur de tournevis 1\/4&Prime; \u00e0 4 mm<\/li>\n<\/ul>\n<p><strong>Sp\u00e9cifications techniques :<\/strong><\/p>\n<ul>\n<li>Mat\u00e9riau du tournevis : aluminium anodis\u00e9<\/li>\n<li>Mat\u00e9riau des embouts : acier S2<\/li>\n<li>Mat\u00e9riau du bo\u00eetier : ABS<\/li>\n<\/ul>\n<\/div>\n","protected":false},"excerpt":{"rendered":"<p>D\u00e9tails L&rsquo;Ensemble de Bits de Pr\u00e9cision Mako d&rsquo;iFixit comprend une poign\u00e9e de tournevis en aluminium de 4 mm avec embout magn\u00e9tique, une prise molet\u00e9e et un dessus pivotant\u2014plus 64 embouts de tournevis de pr\u00e9cision et une extension flexible. Il a \u00e9t\u00e9 construit \u00e0 l&rsquo;aide de donn\u00e9es provenant de milliers de manuels de r\u00e9paration et de [&hellip;]<\/p>\n","protected":false},"featured_media":9657,"template":"","meta":{"_genesis_hide_title":false,"_genesis_hide_breadcrumbs":false,"_genesis_hide_singular_image":false,"_genesis_hide_footer_widgets":false,"_genesis_custom_body_class":"","_genesis_custom_post_class":"","_genesis_layout":""},"product_brand":[],"product_cat":[44],"product_tag":[],"class_list":{"0":"post-9896","1":"product","2":"type-product","3":"status-publish","4":"has-post-thumbnail","6":"product_cat-outils","7":"entry","9":"first","10":"outofstock","11":"taxable","12":"shipping-taxable","13":"purchasable","14":"product-type-simple"},"_links":{"self":[{"href":"https:\/\/proliquidpc.com\/fr\/wp-json\/wp\/v2\/product\/9896","targetHints":{"allow":["GET"]}}],"collection":[{"href":"https:\/\/proliquidpc.com\/fr\/wp-json\/wp\/v2\/product"}],"about":[{"href":"https:\/\/proliquidpc.com\/fr\/wp-json\/wp\/v2\/types\/product"}],"wp:featuredmedia":[{"embeddable":true,"href":"https:\/\/proliquidpc.com\/fr\/wp-json\/wp\/v2\/media\/9657"}],"wp:attachment":[{"href":"https:\/\/proliquidpc.com\/fr\/wp-json\/wp\/v2\/media?parent=9896"}],"wp:term":[{"taxonomy":"product_brand","embeddable":true,"href":"https:\/\/proliquidpc.com\/fr\/wp-json\/wp\/v2\/product_brand?post=9896"},{"taxonomy":"product_cat","embeddable":true,"href":"https:\/\/proliquidpc.com\/fr\/wp-json\/wp\/v2\/product_cat?post=9896"},{"taxonomy":"product_tag","embeddable":true,"href":"https:\/\/proliquidpc.com\/fr\/wp-json\/wp\/v2\/product_tag?post=9896"}],"curies":[{"name":"wp","href":"https:\/\/api.w.org\/{rel}","templated":true}]}}