{"id":9898,"date":"2025-02-10T03:27:18","date_gmt":"2025-02-10T08:27:18","guid":{"rendered":"https:\/\/proliquidpc.com\/boutique\/non%20class\u00e9\/ek-quantum-torque-surface-port-adapter-titane-satine\/"},"modified":"2025-02-15T10:04:29","modified_gmt":"2025-02-15T15:04:29","slug":"ek-quantum-torque-surface-port-adapter-titane-satine","status":"publish","type":"product","link":"https:\/\/proliquidpc.com\/fr\/boutique\/fittings\/bouchon\/ek-quantum-torque-surface-port-adapter-titane-satine\/","title":{"rendered":"EK-Quantum Torque Surface Port Adapter &#8211; Titane Satin\u00e9"},"content":{"rendered":"<h2>D\u00e9tails<\/h2>\n<div class=\"std\">\n<p>L&rsquo;adaptateur de port de surface EK-Quantum Torque &#8211; Satin Titanium est un adaptateur filet\u00e9 m\u00e2le + femelle de petit diam\u00e8tre de qualit\u00e9 sup\u00e9rieure pour les radiateurs EK-Quantum Surface. Il permet l&rsquo;utilisation de ports suppl\u00e9mentaires sur les radiateurs EK Multiport. Les ports suppl\u00e9mentaires peuvent \u00eatre utilis\u00e9s pour installer une sonde thermique G1\/4&Prime;, une vanne de vidange, un port de remplissage, faire fonctionner le radiateur en flux parall\u00e8le, et plus encore.<\/p>\n<p><img decoding=\"async\" title=\"EK-Quantum Torque Surface Port Adapter\" src=\"https:\/\/www.ekwb.com\/shop\/media\/wysiwyg\/EK-Quantum-Surface-Extenders-Top-intext.jpg\" alt=\"EK-Quantum Torque Surface Port Adapter\" \/><\/p>\n<p>Fabriqu\u00e9 en laiton usin\u00e9 CNC avec une finition argent satin\u00e9. Scell\u00e9 avec des joints toriques EPDM de qualit\u00e9.<\/p>\n<p><img decoding=\"async\" src=\"https:\/\/www.ekwb.com\/shop\/media\/wysiwyg\/Custom_Loop\/Fittings\/EK-Quantum_Torque_IF-AWARD-2021__SATIN.png\" \/><\/p>\n<p>Les produits de la s\u00e9rie EK-Quantum Torque ont re\u00e7u le prestigieux prix iF Design Award. Une esth\u00e9tique robuste et industrielle distingue la famille Torque en mettant en avant les processus de fabrication pr\u00e9cis utilis\u00e9s pour les cr\u00e9er. De plus, les passionn\u00e9s peuvent ajouter une bague de couleur unique pour donner une touche personnelle \u00e0 la ligne de raccords. La famille de raccords Torque offre un syst\u00e8me s\u00e9curis\u00e9 et modulaire de connexions entre les composants de refroidissement liquide et les tubes dans un PC. Les produits de la s\u00e9rie Quantum Torque couvrent les adaptateurs angulaires, les rallonges rotatives et statiques, les diviseurs, les bouchons G1\/4&Prime;, les vannes de vidange, les raccords, et bien plus encore.<\/p>\n<p>Ces rallonges statiques peuvent \u00eatre serr\u00e9es \u00e0 la main ou \u00e0 l&rsquo;aide d&rsquo;une cl\u00e9 Allen de 9 mm (non incluse, disponible \u00e0 l&rsquo;achat s\u00e9par\u00e9ment).<\/p>\n<p><strong>Donn\u00e9es techniques :<\/strong><\/p>\n<ul>\n<li>Filetage : 2 x G1\/4&Prime; (M\u00e2le &#8211; Femelle)<\/li>\n<li>Longueur du filetage : 4,5 mm<\/li>\n<li>Diam\u00e8tre : 23 mm<\/li>\n<li>Hauteur install\u00e9e : 3,75 mm<\/li>\n<li>Finition : Titane satin\u00e9<\/li>\n<\/ul>\n<p><strong>REMARQUE :<\/strong><\/p>\n<ul>\n<li>N&rsquo;utilisez pas de force excessive lors de la fixation des barres de raccordement en utilisant une cl\u00e9 Allen de 9 mm pour \u00e9viter d&rsquo;endommager le produit !<\/li>\n<li>Ce produit ne doit PAS \u00eatre install\u00e9 avec de l&rsquo;aluminium.<\/li>\n<\/ul>\n<\/div>\n","protected":false},"excerpt":{"rendered":"<p>D\u00e9tails L&rsquo;adaptateur de port de surface EK-Quantum Torque &#8211; Satin Titanium est un adaptateur filet\u00e9 m\u00e2le + femelle de petit diam\u00e8tre de qualit\u00e9 sup\u00e9rieure pour les radiateurs EK-Quantum Surface. Il permet l&rsquo;utilisation de ports suppl\u00e9mentaires sur les radiateurs EK Multiport. Les ports suppl\u00e9mentaires peuvent \u00eatre utilis\u00e9s pour installer une sonde thermique G1\/4&Prime;, une vanne de [&hellip;]<\/p>\n","protected":false},"featured_media":9642,"template":"","meta":{"_genesis_hide_title":false,"_genesis_hide_breadcrumbs":false,"_genesis_hide_singular_image":false,"_genesis_hide_footer_widgets":false,"_genesis_custom_body_class":"","_genesis_custom_post_class":"","_genesis_layout":""},"product_brand":[],"product_cat":[35,29],"product_tag":[],"class_list":{"0":"post-9898","1":"product","2":"type-product","3":"status-publish","4":"has-post-thumbnail","6":"product_cat-bouchon","7":"product_cat-fittings","8":"entry","10":"first","11":"instock","12":"taxable","13":"shipping-taxable","14":"purchasable","15":"product-type-simple"},"_links":{"self":[{"href":"https:\/\/proliquidpc.com\/fr\/wp-json\/wp\/v2\/product\/9898","targetHints":{"allow":["GET"]}}],"collection":[{"href":"https:\/\/proliquidpc.com\/fr\/wp-json\/wp\/v2\/product"}],"about":[{"href":"https:\/\/proliquidpc.com\/fr\/wp-json\/wp\/v2\/types\/product"}],"wp:featuredmedia":[{"embeddable":true,"href":"https:\/\/proliquidpc.com\/fr\/wp-json\/wp\/v2\/media\/9642"}],"wp:attachment":[{"href":"https:\/\/proliquidpc.com\/fr\/wp-json\/wp\/v2\/media?parent=9898"}],"wp:term":[{"taxonomy":"product_brand","embeddable":true,"href":"https:\/\/proliquidpc.com\/fr\/wp-json\/wp\/v2\/product_brand?post=9898"},{"taxonomy":"product_cat","embeddable":true,"href":"https:\/\/proliquidpc.com\/fr\/wp-json\/wp\/v2\/product_cat?post=9898"},{"taxonomy":"product_tag","embeddable":true,"href":"https:\/\/proliquidpc.com\/fr\/wp-json\/wp\/v2\/product_tag?post=9898"}],"curies":[{"name":"wp","href":"https:\/\/api.w.org\/{rel}","templated":true}]}}